{"id":13806,"date":"2026-04-03T13:21:32","date_gmt":"2026-04-03T16:21:32","guid":{"rendered":"https:\/\/gymupstore.cl\/?post_type=product&#038;p=13806"},"modified":"2026-04-03T13:34:37","modified_gmt":"2026-04-03T16:34:37","slug":"oscuros-recuerdos-antologia-de-cuentos-de-terror-infantil","status":"publish","type":"product","link":"https:\/\/gymupstore.cl\/index.php\/producto\/oscuros-recuerdos-antologia-de-cuentos-de-terror-infantil\/","title":{"rendered":"Oscuros Recuerdos &#8211; Antolog\u00eda de Cuentos de Terror Infantil"},"content":{"rendered":"<p>Esta antolog\u00eda lleva a redescubrir espacios familiares con nuevos ojos, dejando claro que tambi\u00e9n lo tierno puede habitar rincones siniestros y perturbadores. En Oscuros recuerdos, hay espejos que maldicen entre sus reflejos, jardines que guardan sombras peligrosas, rocolas con m\u00fasica perversa y juguetes que ti\u00f1en, con miedo y misterio, la m\u00e1s bella inocencia infantil. Aqu\u00ed, no siempre los monstruos acechan al caer la noche, pues tambi\u00e9n surgen al salir el sol, o simplemente permanecen ininterrumpidamente. \u00bfTe animas, entonces, a jugar en la oscuridad?<\/p>\n","protected":false},"excerpt":{"rendered":"<blockquote><p>Env\u00edos por Chilexpress 30% descuento<\/p><\/blockquote>\n<ul>\n<li>Formato: Libro F\u00edsico<\/li>\n<li>Autor: Varios<\/li>\n<li>Editorial: Nueva Bestia<\/li>\n<li>A\u00f1o: 2026<\/li>\n<li>Idioma: Espa\u00f1ol<\/li>\n<li>N\u00b0 P\u00e1ginas: 216<\/li>\n<li>Encuadernaci\u00f3n: Tapa Blanda<\/li>\n<li>Dimensiones: 21 x 14 cm<\/li>\n<li>ISBN: 9786289744842<\/li>\n<li>Categor\u00edas: Cuentos de Terror y Fantasmas<\/li>\n<\/ul>\n","protected":false},"featured_media":13810,"comment_status":"open","ping_status":"closed","template":"","meta":[],"location":[495],"product_cat":[825,826,781,837,496],"product_tag":[],"locations":[{"id":495,"name":"PMC","slug":"gymupstore-pmc","quantity":"3"}],"_links":{"self":[{"href":"https:\/\/gymupstore.cl\/index.php\/wp-json\/wp\/v2\/product\/13806"}],"collection":[{"href":"https:\/\/gymupstore.cl\/index.php\/wp-json\/wp\/v2\/product"}],"about":[{"href":"https:\/\/gymupstore.cl\/index.php\/wp-json\/wp\/v2\/types\/product"}],"replies":[{"embeddable":true,"href":"https:\/\/gymupstore.cl\/index.php\/wp-json\/wp\/v2\/comments?post=13806"}],"wp:featuredmedia":[{"embeddable":true,"href":"https:\/\/gymupstore.cl\/index.php\/wp-json\/wp\/v2\/media\/13810"}],"wp:attachment":[{"href":"https:\/\/gymupstore.cl\/index.php\/wp-json\/wp\/v2\/media?parent=13806"}],"wp:term":[{"taxonomy":"location","embeddable":true,"href":"https:\/\/gymupstore.cl\/index.php\/wp-json\/wp\/v2\/location?post=13806"},{"taxonomy":"product_cat","embeddable":true,"href":"https:\/\/gymupstore.cl\/index.php\/wp-json\/wp\/v2\/product_cat?post=13806"},{"taxonomy":"product_tag","embeddable":true,"href":"https:\/\/gymupstore.cl\/index.php\/wp-json\/wp\/v2\/product_tag?post=13806"}],"curies":[{"name":"wp","href":"https:\/\/api.w.org\/{rel}","templated":true}]}}