{"id":13789,"date":"2026-03-27T20:55:31","date_gmt":"2026-03-27T23:55:31","guid":{"rendered":"https:\/\/gymupstore.cl\/?post_type=product&#038;p=13789"},"modified":"2026-03-27T21:03:19","modified_gmt":"2026-03-28T00:03:19","slug":"beef-xp-clear-protein-isolate-4-lbs-60-servicios","status":"publish","type":"product","link":"https:\/\/gymupstore.cl\/index.php\/producto\/beef-xp-clear-protein-isolate-4-lbs-60-servicios\/","title":{"rendered":"Beef XP Clear Protein Isolate | 4 lbs (60 servicios)"},"content":{"rendered":"<p><span dir=\"auto\">Beef-XP es una fuente de prote\u00edna sin l\u00e1cteos y est\u00e1 compuesta 100 % de carne de res hidrolizada procedente de bovinos.<\/span><\/p>\n<p><span dir=\"auto\">Aporta m\u00e1s de 27 g de prote\u00edna por raci\u00f3n y tiene un perfil de amino\u00e1cidos completo que aporta todos los amino\u00e1cidos esenciales (EAA).<\/span><\/p>\n<p><span dir=\"auto\">Beef-XP tiene un alto contenido de prote\u00ednas (97%) y un bajo contenido de grasas y cero az\u00facares, lo que lo convierte en un suplemento proteico ideal para cualquier persona que busque evitar la lactosa y reducir el contenido de grasas y az\u00facares en su dieta.<\/span><\/p>\n<p>Cada ingrediente de este producto se selecciona y supervisa cuidadosamente a trav\u00e9s de nuestro sistema de gesti\u00f3n de calidad para ofrecerle la m\u00e1xima garant\u00eda. Los productos finales se elaboran y envasan en un laboratorio con certificaci\u00f3n ISO 22000, BRC, GMP y Halal.<\/p>\n<ul>\n<li><span dir=\"auto\">100% prote\u00edna de carne de res hidrolizada<\/span><\/li>\n<li><span dir=\"auto\">M\u00e1s de 27 g de prote\u00edna premium alimentada con pasto por porci\u00f3n<\/span><\/li>\n<li><span dir=\"auto\">Sin lactosa ni l\u00e1cteos<\/span><\/li>\n<li><span dir=\"auto\">Contribuye al crecimiento de la masa muscular.<\/span><\/li>\n<li><span dir=\"auto\">Tipo Clear, mezcla perfecta y sabor incre\u00edble tipo jugo.<\/span><\/li>\n<li><span dir=\"auto\">Producto con certificaci\u00f3n Halal<\/span><\/li>\n<\/ul>\n<p><strong><span dir=\"auto\">\u00bfCu\u00e1l es la diferencia entre la prote\u00edna de res y la prote\u00edna de suero?<\/span><\/strong><\/p>\n<p>La prote\u00edna de res no contiene l\u00e1cteos y es apta para personas con intolerancia a la lactosa, mientras que el suero generalmente tiene una textura y un sabor m\u00e1s suaves, pero no es adecuada para dietas sin l\u00e1cteos.<\/p>\n<p><strong>Modo de uso:<\/strong>\u00a0<span dir=\"auto\">Mezcla 1 scoop (30 g) con 300 ml de agua o leche en un mezclador de Applied Nutrition en cualquier momento del d\u00eda para aumentar tu ingesta diaria de prote\u00ednas. Cons\u00famelo de 1 a 3 veces al d\u00eda.<\/span><\/p>\n<p><span dir=\"auto\">Beef-XP tambi\u00e9n se puede mezclar con cereales, papillas, usarse en reposter\u00eda y en muchas otras recetas para agregar sabor y aumentar la prote\u00edna sin lactosa.<\/span><\/p>\n<p><em><span dir=\"auto\">Las cantidades son solo estimativas, se recomienda utilizar b\u00e1scula.<\/span><\/em><\/p>\n<p><em>Consulte con un profesional de la salud calificado antes de usar este producto si es menor de 18 a\u00f1os, est\u00e1 embarazada o amamantando, o si padece o sospecha alguna afecci\u00f3n m\u00e9dica, o si est\u00e1 tomando alg\u00fan medicamento con o sin receta. No debe utilizarse como sustituto de una dieta variada y un estilo de vida saludable. Conserve este producto en un lugar fresco y seco, fuera del alcance de los ni\u00f1os. No exceda la dosis recomendada. Para consultar la fecha de caducidad y el n\u00famero de lote, consulte la etiqueta.<\/em><\/p>\n","protected":false},"excerpt":{"rendered":"<ul>\n<li>Crecimiento muscular<\/li>\n<li>Fuerza<\/li>\n<li>Prote\u00edna de carne<\/li>\n<li>Recuperaci\u00f3n<\/li>\n<li>Con adici\u00f3n de Creatina y L-Leucina<\/li>\n<\/ul>\n","protected":false},"featured_media":13791,"comment_status":"open","ping_status":"closed","template":"","meta":[],"location":[495],"product_cat":[834,25],"product_tag":[],"locations":[{"id":495,"name":"PMC","slug":"gymupstore-pmc","quantity":"0"}],"_links":{"self":[{"href":"https:\/\/gymupstore.cl\/index.php\/wp-json\/wp\/v2\/product\/13789"}],"collection":[{"href":"https:\/\/gymupstore.cl\/index.php\/wp-json\/wp\/v2\/product"}],"about":[{"href":"https:\/\/gymupstore.cl\/index.php\/wp-json\/wp\/v2\/types\/product"}],"replies":[{"embeddable":true,"href":"https:\/\/gymupstore.cl\/index.php\/wp-json\/wp\/v2\/comments?post=13789"}],"wp:featuredmedia":[{"embeddable":true,"href":"https:\/\/gymupstore.cl\/index.php\/wp-json\/wp\/v2\/media\/13791"}],"wp:attachment":[{"href":"https:\/\/gymupstore.cl\/index.php\/wp-json\/wp\/v2\/media?parent=13789"}],"wp:term":[{"taxonomy":"location","embeddable":true,"href":"https:\/\/gymupstore.cl\/index.php\/wp-json\/wp\/v2\/location?post=13789"},{"taxonomy":"product_cat","embeddable":true,"href":"https:\/\/gymupstore.cl\/index.php\/wp-json\/wp\/v2\/product_cat?post=13789"},{"taxonomy":"product_tag","embeddable":true,"href":"https:\/\/gymupstore.cl\/index.php\/wp-json\/wp\/v2\/product_tag?post=13789"}],"curies":[{"name":"wp","href":"https:\/\/api.w.org\/{rel}","templated":true}]}}