{"id":13785,"date":"2026-03-27T19:56:07","date_gmt":"2026-03-27T22:56:07","guid":{"rendered":"https:\/\/gymupstore.cl\/?post_type=product&#038;p=13785"},"modified":"2026-03-31T21:42:46","modified_gmt":"2026-04-01T00:42:46","slug":"dragon-pharma-protein-phorm-5-lbs-74-servicios","status":"publish","type":"product","link":"https:\/\/gymupstore.cl\/index.php\/producto\/dragon-pharma-protein-phorm-5-lbs-74-servicios\/","title":{"rendered":"Dragon Pharma Protein Phorm | 5 lbs (74 servicios)"},"content":{"rendered":"<p>ProteinPhorm de Dragon Pharma contiene 24 g de prote\u00edna de la m\u00e1s alta calidad en cada porci\u00f3n para tus necesidades post-entrenamiento o para alcanzar tus objetivos proteicos diarios cuando est\u00e1s en movimiento. Consta de 3 tipos diferentes de prote\u00ednas, aislado de suero, concentrado de suero y aislado de proteina de carne. Esta combinaci\u00f3n contribuye a un sabor y una textura superiores.<\/p>\n","protected":false},"excerpt":{"rendered":"<p>ProteinPhorm de Dragon Pharma contiene 24 g de prote\u00edna de [&hellip;]<\/p>\n","protected":false},"featured_media":13787,"comment_status":"open","ping_status":"closed","template":"","meta":[],"location":[495],"product_cat":[120,25,579],"product_tag":[],"locations":[{"id":495,"name":"PMC","slug":"gymupstore-pmc","quantity":""}],"_links":{"self":[{"href":"https:\/\/gymupstore.cl\/index.php\/wp-json\/wp\/v2\/product\/13785"}],"collection":[{"href":"https:\/\/gymupstore.cl\/index.php\/wp-json\/wp\/v2\/product"}],"about":[{"href":"https:\/\/gymupstore.cl\/index.php\/wp-json\/wp\/v2\/types\/product"}],"replies":[{"embeddable":true,"href":"https:\/\/gymupstore.cl\/index.php\/wp-json\/wp\/v2\/comments?post=13785"}],"wp:featuredmedia":[{"embeddable":true,"href":"https:\/\/gymupstore.cl\/index.php\/wp-json\/wp\/v2\/media\/13787"}],"wp:attachment":[{"href":"https:\/\/gymupstore.cl\/index.php\/wp-json\/wp\/v2\/media?parent=13785"}],"wp:term":[{"taxonomy":"location","embeddable":true,"href":"https:\/\/gymupstore.cl\/index.php\/wp-json\/wp\/v2\/location?post=13785"},{"taxonomy":"product_cat","embeddable":true,"href":"https:\/\/gymupstore.cl\/index.php\/wp-json\/wp\/v2\/product_cat?post=13785"},{"taxonomy":"product_tag","embeddable":true,"href":"https:\/\/gymupstore.cl\/index.php\/wp-json\/wp\/v2\/product_tag?post=13785"}],"curies":[{"name":"wp","href":"https:\/\/api.w.org\/{rel}","templated":true}]}}