{"id":13781,"date":"2026-03-27T19:52:50","date_gmt":"2026-03-27T22:52:50","guid":{"rendered":"https:\/\/gymupstore.cl\/?post_type=product&#038;p=13781"},"modified":"2026-03-31T21:42:57","modified_gmt":"2026-04-01T00:42:57","slug":"rule-1-whey-blend-5-lbs-65-servicios","status":"publish","type":"product","link":"https:\/\/gymupstore.cl\/index.php\/producto\/rule-1-whey-blend-5-lbs-65-servicios\/","title":{"rendered":"Rule 1 Whey Blend | 5 lbs (65 servicios)"},"content":{"rendered":"<p>Ofrece la combinaci\u00f3n perfecta de calidad nutricional, gran sabor y una excelente relaci\u00f3n calidad-precio.\u00a0<a href=\"https:\/\/www.chilesuplementos.cl\/brands\/rule1\/\">Rule1<\/a>\u00a0Whey Protein Blend con sus 24 g de prote\u00edna de suero por porci\u00f3n (elaborada a partir de concentrados, aislados e hidrolizados de suero) est\u00e1n repletos de amino\u00e1cidos esenciales, amino\u00e1cidos de cadena ramificada y glutamina de origen natural para hacer de Whey Blend un producto que supera todas las expectativas en todos los aspectos<\/p>\n<p>Beneficios de la mezcla de tres sueros: proporciona la mezcla perfecta de calidad nutricional, sabor m\u00e1s rico, textura m\u00e1s cremosa y valor superior.\u00a0<span class=\"a-list-item\">Acci\u00f3n r\u00e1pida: tres variedades de prote\u00edna de suero de acci\u00f3n r\u00e1pida que contienen amino\u00e1cidos vitales para la reparaci\u00f3n y recuperaci\u00f3n muscular.\u00a0<\/span><span class=\"a-list-item\">Fabricaci\u00f3n de calidad, probado con sustancias prohibidas: fabricado con orgullo en nuestras propias instalaciones de \u00faltima generaci\u00f3n compatibles con GMP en los Estados Unidos para mayor seguridad y pureza.<\/span><\/p>\n<ul>\n<li>Combinaci\u00f3n de 3 prote\u00ednas: 100% prote\u00edna de suero de leche proveniente de concentrados, aislados e hidrolizados de suero de leche perfectamente combinados para lograr potencia, sabor y valor.<\/li>\n<li>Contiene 65 porciones<\/li>\n<li>Aporta 24 g de prote\u00edna por porci\u00f3n<\/li>\n<li>Solo 130 calor\u00edas por porci\u00f3n<\/li>\n<li>Contiene 4 gramos de carbohidratos por porci\u00f3n<\/li>\n<li>Con 1 gramo de az\u00facar por porci\u00f3n<\/li>\n<li>Mezcla de whey protein, whey protein isolate y whey hidrolyzed<\/li>\n<li>Ideal para cumplir o aumentar la ingesta diaria de prote\u00ednas<\/li>\n<li><span class=\"a-list-item\">Apoya la recuperaci\u00f3n muscular y el desarrollo con los polvos aislados de prote\u00edna de suero de m\u00e1s alta calidad, de r\u00e1pida digesti\u00f3n y de la m\u00e1s alta calidad disponibles.\u00a0<\/span><\/li>\n<li>Aporta 5 gramos de BCAA<\/li>\n<li>Disponible en sabor Chocolate Fudge y Cookies and Cream<\/li>\n<\/ul>\n","protected":false},"excerpt":{"rendered":"<p>R1 Whey Protein Blend es una prote\u00edna de suero de alta calidad que combina aislado y concentrado de prote\u00edna para apoyar el crecimiento muscular, la recuperaci\u00f3n y mejorar el rendimiento f\u00edsico. Ideal para consumir despu\u00e9s del entrenamiento y optimizar tus resultados<\/p>\n","protected":false},"featured_media":13782,"comment_status":"open","ping_status":"closed","template":"","meta":[],"location":[495],"product_cat":[25,164,579],"product_tag":[],"locations":[{"id":495,"name":"PMC","slug":"gymupstore-pmc","quantity":""}],"_links":{"self":[{"href":"https:\/\/gymupstore.cl\/index.php\/wp-json\/wp\/v2\/product\/13781"}],"collection":[{"href":"https:\/\/gymupstore.cl\/index.php\/wp-json\/wp\/v2\/product"}],"about":[{"href":"https:\/\/gymupstore.cl\/index.php\/wp-json\/wp\/v2\/types\/product"}],"replies":[{"embeddable":true,"href":"https:\/\/gymupstore.cl\/index.php\/wp-json\/wp\/v2\/comments?post=13781"}],"wp:featuredmedia":[{"embeddable":true,"href":"https:\/\/gymupstore.cl\/index.php\/wp-json\/wp\/v2\/media\/13782"}],"wp:attachment":[{"href":"https:\/\/gymupstore.cl\/index.php\/wp-json\/wp\/v2\/media?parent=13781"}],"wp:term":[{"taxonomy":"location","embeddable":true,"href":"https:\/\/gymupstore.cl\/index.php\/wp-json\/wp\/v2\/location?post=13781"},{"taxonomy":"product_cat","embeddable":true,"href":"https:\/\/gymupstore.cl\/index.php\/wp-json\/wp\/v2\/product_cat?post=13781"},{"taxonomy":"product_tag","embeddable":true,"href":"https:\/\/gymupstore.cl\/index.php\/wp-json\/wp\/v2\/product_tag?post=13781"}],"curies":[{"name":"wp","href":"https:\/\/api.w.org\/{rel}","templated":true}]}}