{"id":13771,"date":"2026-03-10T16:28:20","date_gmt":"2026-03-10T19:28:20","guid":{"rendered":"https:\/\/gymupstore.cl\/?post_type=product&#038;p=13771"},"modified":"2026-03-10T16:32:30","modified_gmt":"2026-03-10T19:32:30","slug":"mass-phorm-12-lbs-20-servicios","status":"publish","type":"product","link":"https:\/\/gymupstore.cl\/index.php\/producto\/mass-phorm-12-lbs-20-servicios\/","title":{"rendered":"Mass Phorm | 12 lbs (20 servicios)"},"content":{"rendered":"<p>MassPhorm 12LB aborda las necesidades del ectomorfo \u00abque gana con dificultad\u00bb y lleva su potencial de construcci\u00f3n de masa magra al siguiente nivel. Con un perfil completo que incluye m\u00e1s de 200 g de carbohidratos, 50 g de prote\u00edna premium de suero de leche y case\u00edna micelar de alta calidad para niveles r\u00e1pidos y sostenidos de amino\u00e1cidos y m\u00e1s de 1080 calor\u00edas por porci\u00f3n. Para completar a\u00fan m\u00e1s el perfil nutricional, se incluyen MCT para favorecer la masa muscular y el metabolismo, y enzimas para una digesti\u00f3n \u00f3ptima.<\/p>\n<p>MassPhorm 12LB fue creado para ser la formulaci\u00f3n para ganar m\u00fasculo magro m\u00e1s eficaz y de mayor calidad del mercado. Algunas personas tienen un metabolismo m\u00e1s r\u00e1pido que otras y, por mucho que lo intenten, les cuesta ganar masa muscular de calidad. Esto se conoce como cuerpo de tipo ectomorfo y puede ser uno de los problemas m\u00e1s frustrantes cuando se trata de agregar tama\u00f1o y peso muscular.<\/p>\n","protected":false},"excerpt":{"rendered":"<p>MassPhorm 12LB aborda las necesidades del ectomorfo \u00abque gana con [&hellip;]<\/p>\n","protected":false},"featured_media":13775,"comment_status":"open","ping_status":"closed","template":"","meta":[],"location":[],"product_cat":[120,26],"product_tag":[],"locations":[],"_links":{"self":[{"href":"https:\/\/gymupstore.cl\/index.php\/wp-json\/wp\/v2\/product\/13771"}],"collection":[{"href":"https:\/\/gymupstore.cl\/index.php\/wp-json\/wp\/v2\/product"}],"about":[{"href":"https:\/\/gymupstore.cl\/index.php\/wp-json\/wp\/v2\/types\/product"}],"replies":[{"embeddable":true,"href":"https:\/\/gymupstore.cl\/index.php\/wp-json\/wp\/v2\/comments?post=13771"}],"wp:featuredmedia":[{"embeddable":true,"href":"https:\/\/gymupstore.cl\/index.php\/wp-json\/wp\/v2\/media\/13775"}],"wp:attachment":[{"href":"https:\/\/gymupstore.cl\/index.php\/wp-json\/wp\/v2\/media?parent=13771"}],"wp:term":[{"taxonomy":"location","embeddable":true,"href":"https:\/\/gymupstore.cl\/index.php\/wp-json\/wp\/v2\/location?post=13771"},{"taxonomy":"product_cat","embeddable":true,"href":"https:\/\/gymupstore.cl\/index.php\/wp-json\/wp\/v2\/product_cat?post=13771"},{"taxonomy":"product_tag","embeddable":true,"href":"https:\/\/gymupstore.cl\/index.php\/wp-json\/wp\/v2\/product_tag?post=13771"}],"curies":[{"name":"wp","href":"https:\/\/api.w.org\/{rel}","templated":true}]}}