{"id":13733,"date":"2025-12-03T13:41:54","date_gmt":"2025-12-03T16:41:54","guid":{"rendered":"https:\/\/gymupstore.cl\/?post_type=product&#038;p=13733"},"modified":"2026-01-05T17:23:08","modified_gmt":"2026-01-05T20:23:08","slug":"psychopath-insane-labz-30-servicios","status":"publish","type":"product","link":"https:\/\/gymupstore.cl\/index.php\/producto\/psychopath-insane-labz-30-servicios\/","title":{"rendered":"Psychopath Insane Labz | 30 servicios"},"content":{"rendered":"<p>Transforma radicalmente tu forma de entrenar con\u00a0<b>Psychopath Insane Labz<\/b>. Este no es un pre-entrenamiento dise\u00f1ado para principiantes; es una f\u00f3rmula de alta estimulaci\u00f3n creada para atletas serios que exigen el m\u00e1ximo rendimiento y una intensidad man\u00edaca en cada sesi\u00f3n. Si buscas superar tus l\u00edmites, romper tus r\u00e9cords personales y experimentar una conexi\u00f3n mente-m\u00fasculo sin precedentes, Psychopath es tu herramienta definitiva.<\/p>\n<p>El n\u00facleo de la f\u00f3rmula\u00a0<b>Psychopath Insane Labz<\/b>\u00a0combina m\u00faltiples fuentes de estimulantes y nootr\u00f3picos. La Cafe\u00edna Anh\u00eddrida proporciona el golpe de energ\u00eda inmediato, mientras que el Inenergy\u2122 (DiCaffeine Malate) asegura que esa energ\u00eda se libere de forma sostenida, eliminando el temido \u201ccrash\u201d post-entrenamiento.<\/p>\n<p>Al mismo tiempo, ingredientes como la Taurina, Rhodiola Rosea y Panax Ginseng trabajan sin\u00e9rgicamente para agudizar tu enfoque mental. Esto crea un \u201ct\u00fanel de visi\u00f3n\u201d donde tu \u00fanica preocupaci\u00f3n es la siguiente serie, permiti\u00e9ndote ejecutar cada repetici\u00f3n con una concentraci\u00f3n absoluta y una determinaci\u00f3n inquebrantable.<\/p>\n<p>Deja de tener entrenamientos promedio. Cada servicio de 30 que ofrece el envase es una promesa de rendimiento extremo. Si tu tolerancia a los estimulantes es alta y buscas un producto que te lleve al l\u00edmite, el\u00a0<b>Psychopath Insane Labz<\/b>\u00a0es la respuesta. Prep\u00e1rate para una energ\u00eda explosiva, una resistencia mejorada y un enfoque mental que redefine lo que cre\u00edas posible.<\/p>\n<p><strong>Modo de uso:<\/strong><\/p>\n<p>PSYCHOPATH NO ES UN PRE-ENTRENO NORMAL. COMIENZA CON MEDIA CUCHARADA PARA MEDIR TU TOLERANCIA. Luego puedes evaluar consumir 1 cucharada 20 a 30 minutos antes con 250 a 400 ml de agua fr\u00eda<\/p>\n","protected":false},"excerpt":{"rendered":"<p><strong><span dir=\"auto\">DENTRO DEL GIMNASIO, eres un\u00a0<em>PSYCHOPATH<\/em><\/span><span dir=\"auto\">! Esta<\/span><span dir=\"auto\">\u00a0NUEVA f\u00f3rmula de la mente retorcida de The Mad Chemist\u00a0<\/span><span dir=\"auto\">NO ES PARA COBARDES<\/span><span dir=\"auto\">\u00a0: \u00a1est\u00e1 cargada de ingredientes que garantizan MAXIMIZAR tus entrenamientos!<\/span><\/strong><\/p>\n","protected":false},"featured_media":13745,"comment_status":"open","ping_status":"closed","template":"","meta":[],"location":[495],"product_cat":[115,28],"product_tag":[],"locations":[{"id":495,"name":"PMC","slug":"gymupstore-pmc","quantity":"0"}],"_links":{"self":[{"href":"https:\/\/gymupstore.cl\/index.php\/wp-json\/wp\/v2\/product\/13733"}],"collection":[{"href":"https:\/\/gymupstore.cl\/index.php\/wp-json\/wp\/v2\/product"}],"about":[{"href":"https:\/\/gymupstore.cl\/index.php\/wp-json\/wp\/v2\/types\/product"}],"replies":[{"embeddable":true,"href":"https:\/\/gymupstore.cl\/index.php\/wp-json\/wp\/v2\/comments?post=13733"}],"wp:featuredmedia":[{"embeddable":true,"href":"https:\/\/gymupstore.cl\/index.php\/wp-json\/wp\/v2\/media\/13745"}],"wp:attachment":[{"href":"https:\/\/gymupstore.cl\/index.php\/wp-json\/wp\/v2\/media?parent=13733"}],"wp:term":[{"taxonomy":"location","embeddable":true,"href":"https:\/\/gymupstore.cl\/index.php\/wp-json\/wp\/v2\/location?post=13733"},{"taxonomy":"product_cat","embeddable":true,"href":"https:\/\/gymupstore.cl\/index.php\/wp-json\/wp\/v2\/product_cat?post=13733"},{"taxonomy":"product_tag","embeddable":true,"href":"https:\/\/gymupstore.cl\/index.php\/wp-json\/wp\/v2\/product_tag?post=13733"}],"curies":[{"name":"wp","href":"https:\/\/api.w.org\/{rel}","templated":true}]}}