{"id":13674,"date":"2025-11-04T20:30:04","date_gmt":"2025-11-04T23:30:04","guid":{"rendered":"https:\/\/gymupstore.cl\/?post_type=product&#038;p=13674"},"modified":"2026-05-13T19:26:59","modified_gmt":"2026-05-13T22:26:59","slug":"muscle-whey-protein-900-gr-18-servicios","status":"publish","type":"product","link":"https:\/\/gymupstore.cl\/index.php\/producto\/muscle-whey-protein-900-gr-18-servicios\/","title":{"rendered":"Muscle Whey Protein 900 gr | 18 servicios"},"content":{"rendered":"<p>Muscle Whey Protein 900 Grs es un suplemento alimenticio en polvo a base de prote\u00edna de suero y soja, de calidad, seleccionada por Global Nutrition.<\/p>\n<div class=\"product__block product__block--description rte text-subtext\">\n<ul>\n<li>Fuente de prote\u00edna de alta calidad con buena disoluci\u00f3n.<\/li>\n<li>Formato pr\u00e1ctico para integrar en tu rutina diaria.<\/li>\n<\/ul>\n<p><strong>Modo de uso:<\/strong> Mezcla una medida en agua o tu bebida favorita y cons\u00famelo en cualquier momento del d\u00eda o despu\u00e9s del ejercicio, seg\u00fan tus necesidades nutricionales.<\/p>\n<\/div>\n","protected":false},"excerpt":{"rendered":"<p>Muscle Whey Protein 900 Grs es un suplemento alimenticio en [&hellip;]<\/p>\n","protected":false},"featured_media":13676,"comment_status":"open","ping_status":"closed","template":"","meta":[],"product_brand":[],"product_cat":[15],"product_tag":[],"class_list":{"0":"post-13674","1":"product","2":"type-product","3":"status-publish","4":"has-post-thumbnail","6":"product_cat-sin-categorizar","8":"first","9":"outofstock","10":"taxable","11":"shipping-taxable","12":"purchasable","13":"product-type-variable"},"supplier_id":null,"supplier_sku":"","barcode":null,"atum_controlled":true,"out_stock_date":"2026-05-11 16:14:44","out_stock_threshold":null,"inheritable":true,"inbound_stock":0,"stock_on_hold":0,"sold_today":0,"sales_last_days":5,"reserved_stock":0,"customer_returns":0,"warehouse_damage":0,"lost_in_post":0,"other_logs":0,"out_stock_days":2,"lost_sales":0,"has_location":false,"update_date":"2026-05-14T00:04:18","atum_locations":[],"atum_stock_status":"outofstock","restock_status":false,"low_stock_amount":"","sales_update_date":"2026-05-14T00:04:18","calc_backorders":null,"_links":{"self":[{"href":"https:\/\/gymupstore.cl\/index.php\/wp-json\/wp\/v2\/product\/13674","targetHints":{"allow":["GET"]}}],"collection":[{"href":"https:\/\/gymupstore.cl\/index.php\/wp-json\/wp\/v2\/product"}],"about":[{"href":"https:\/\/gymupstore.cl\/index.php\/wp-json\/wp\/v2\/types\/product"}],"replies":[{"embeddable":true,"href":"https:\/\/gymupstore.cl\/index.php\/wp-json\/wp\/v2\/comments?post=13674"}],"wp:featuredmedia":[{"embeddable":true,"href":"https:\/\/gymupstore.cl\/index.php\/wp-json\/wp\/v2\/media\/13676"}],"wp:attachment":[{"href":"https:\/\/gymupstore.cl\/index.php\/wp-json\/wp\/v2\/media?parent=13674"}],"wp:term":[{"taxonomy":"product_brand","embeddable":true,"href":"https:\/\/gymupstore.cl\/index.php\/wp-json\/wp\/v2\/product_brand?post=13674"},{"taxonomy":"product_cat","embeddable":true,"href":"https:\/\/gymupstore.cl\/index.php\/wp-json\/wp\/v2\/product_cat?post=13674"},{"taxonomy":"product_tag","embeddable":true,"href":"https:\/\/gymupstore.cl\/index.php\/wp-json\/wp\/v2\/product_tag?post=13674"}],"curies":[{"name":"wp","href":"https:\/\/api.w.org\/{rel}","templated":true}]}}