{"id":13647,"date":"2025-10-22T02:10:40","date_gmt":"2025-10-22T05:10:40","guid":{"rendered":"https:\/\/gymupstore.cl\/?post_type=product&#038;p=13647"},"modified":"2026-04-03T13:19:35","modified_gmt":"2026-04-03T16:19:35","slug":"custodios-de-lo-desconocido-carta-de-fray-almaric-a-su-hermano-josias-lothven-1658-cuento-destacado-internacional-ebook","status":"publish","type":"product","link":"https:\/\/gymupstore.cl\/index.php\/producto\/custodios-de-lo-desconocido-carta-de-fray-almaric-a-su-hermano-josias-lothven-1658-cuento-destacado-internacional-ebook\/","title":{"rendered":"Custodios de lo desconocido: Carta de Fray Almaric a su hermano Jos\u00edas (Lothven, 1658) \u2013 Cuento Destacado Internacional (eBook)"},"content":{"rendered":"","protected":false},"excerpt":{"rendered":"<p data-start=\"326\" data-end=\"428\">Una carta perdida. Un monasterio aislado. Un conocimiento que nunca ser\u00e1 revelado.<\/p>\n<p data-start=\"430\" data-end=\"775\"><strong data-start=\"455\" data-end=\"545\">Custodios de lo desconocido: Carta de Fray Almaric a su hermano Jos\u00edas (Lothven, 1658)<\/strong> es una obra de ficci\u00f3n epistolar que combina lo m\u00edstico y lo c\u00f3smico en una tensi\u00f3n entre la fe y el abismo.<\/p>\n<p data-start=\"430\" data-end=\"775\">Destacada en el Concurso Internacional de Cartas 2025 <strong>(<em data-start=\"403\" data-end=\"508\">entre 1.312 participantes, de los cuales 63 fueron finalistas y 64 destacados, obteniendo 97\/100 puntos<\/em>)<\/strong>, esta pieza fue elogiada por el jurado por su <strong data-start=\"556\" data-end=\"581\">profundidad simb\u00f3lica<\/strong> y su <strong data-start=\"587\" data-end=\"610\">elegancia narrativa<\/strong>.<\/p>\n<p data-start=\"749\" data-end=\"767\">\ud83d\udccc <strong data-start=\"752\" data-end=\"765\">Detalles:<\/strong><\/p>\n<ul data-start=\"768\" data-end=\"893\">\n<li data-start=\"768\" data-end=\"789\">Formato: PDF (A5)<\/li>\n<li data-start=\"790\" data-end=\"820\">Extensi\u00f3n: ~1.387 palabras<\/li>\n<li data-start=\"821\" data-end=\"849\">Autor: Byron Harald Herz<\/li>\n<li data-start=\"850\" data-end=\"893\">G\u00e9nero: Ficci\u00f3n epistolar \/ horror m\u00edstico \/ narrativa filos\u00f3fica<\/li>\n<\/ul>\n<p data-start=\"895\" data-end=\"996\">\ud83c\udf96\ufe0f Reconocido por el jurado internacional por su <strong data-start=\"1129\" data-end=\"1156\">atm\u00f3sfera contemplativa<\/strong>, su <strong data-start=\"1161\" data-end=\"1182\">lenguaje elegante<\/strong> y su <strong data-start=\"1188\" data-end=\"1282\">capacidad de trascender el g\u00e9nero epistolar a trav\u00e9s de una narrativa simb\u00f3lica y profunda<\/strong>.<\/p>\n<p data-start=\"1327\" data-end=\"1359\">\ud83d\udcca <strong data-start=\"1330\" data-end=\"1357\">Desglose de evaluaci\u00f3n (97\/100):<\/strong><\/p>\n<ul data-start=\"1360\" data-end=\"1495\">\n<li data-start=\"1360\" data-end=\"1392\">Originalidad: <strong data-start=\"1381\" data-end=\"1390\">20\/20<\/strong><\/li>\n<li data-start=\"1360\" data-end=\"1392\">Impacto emocional: <strong>19\/20<\/strong><\/li>\n<li data-start=\"1428\" data-end=\"1460\">Desarrollo tem\u00e1tico: <strong data-start=\"1449\" data-end=\"1458\">20\/20<\/strong><\/li>\n<li data-start=\"1461\" data-end=\"1495\">Calidad literaria: <strong>19\/20<\/strong><\/li>\n<li data-start=\"1461\" data-end=\"1495\">Autenticidad: <strong>19\/20<\/strong><\/li>\n<\/ul>\n<p data-start=\"895\" data-end=\"996\">\ud83d\udce5 Descarga inmediata por link a trav\u00e9s de correo electr\u00f3nico post pago.<\/p>\n","protected":false},"featured_media":13649,"comment_status":"open","ping_status":"closed","template":"","meta":[],"location":[],"product_cat":[825,826,824,782,496],"product_tag":[],"locations":[],"_links":{"self":[{"href":"https:\/\/gymupstore.cl\/index.php\/wp-json\/wp\/v2\/product\/13647"}],"collection":[{"href":"https:\/\/gymupstore.cl\/index.php\/wp-json\/wp\/v2\/product"}],"about":[{"href":"https:\/\/gymupstore.cl\/index.php\/wp-json\/wp\/v2\/types\/product"}],"replies":[{"embeddable":true,"href":"https:\/\/gymupstore.cl\/index.php\/wp-json\/wp\/v2\/comments?post=13647"}],"wp:featuredmedia":[{"embeddable":true,"href":"https:\/\/gymupstore.cl\/index.php\/wp-json\/wp\/v2\/media\/13649"}],"wp:attachment":[{"href":"https:\/\/gymupstore.cl\/index.php\/wp-json\/wp\/v2\/media?parent=13647"}],"wp:term":[{"taxonomy":"location","embeddable":true,"href":"https:\/\/gymupstore.cl\/index.php\/wp-json\/wp\/v2\/location?post=13647"},{"taxonomy":"product_cat","embeddable":true,"href":"https:\/\/gymupstore.cl\/index.php\/wp-json\/wp\/v2\/product_cat?post=13647"},{"taxonomy":"product_tag","embeddable":true,"href":"https:\/\/gymupstore.cl\/index.php\/wp-json\/wp\/v2\/product_tag?post=13647"}],"curies":[{"name":"wp","href":"https:\/\/api.w.org\/{rel}","templated":true}]}}