{"id":13612,"date":"2025-10-10T17:17:55","date_gmt":"2025-10-10T20:17:55","guid":{"rendered":"https:\/\/gymupstore.cl\/?post_type=product&#038;p=13612"},"modified":"2025-10-31T04:48:16","modified_gmt":"2025-10-31T07:48:16","slug":"entre-vivir-y-resistir-cuento-finalista-internacional-ebook","status":"publish","type":"product","link":"https:\/\/gymupstore.cl\/index.php\/producto\/entre-vivir-y-resistir-cuento-finalista-internacional-ebook\/","title":{"rendered":"Entre vivir y resistir \u2013 Cuento Finalista Internacional (eBook)"},"content":{"rendered":"","protected":false},"excerpt":{"rendered":"<p data-start=\"326\" data-end=\"428\">Una vida entre hospitales, diagn\u00f3sticos y silencios. Un cuerpo que resiste. Un alma que no se rinde.<\/p>\n<p data-start=\"430\" data-end=\"775\"><strong data-start=\"430\" data-end=\"456\">Entre Vivir y Resistir<\/strong> es un relato testimonial que transforma la enfermedad en un mapa de v\u00ednculos, amor y resistencia.<\/p>\n<p data-start=\"430\" data-end=\"775\">Finalista en convocatoria internacional 2025 (<strong>Entre 712 obras,<\/strong> <strong data-start=\"601\" data-end=\"618\">97\/100 puntos<\/strong>), esta historia expone la fragilidad humana sin renunciar a la esperanza, explorando c\u00f3mo la vida persiste incluso en los pasillos m\u00e1s fr\u00edos del hospital.<\/p>\n<p data-start=\"749\" data-end=\"767\">\ud83d\udccc <strong data-start=\"752\" data-end=\"765\">Detalles:<\/strong><\/p>\n<ul data-start=\"768\" data-end=\"893\">\n<li data-start=\"768\" data-end=\"789\">Formato: PDF (A5)<\/li>\n<li data-start=\"790\" data-end=\"820\">Extensi\u00f3n: ~1.726 palabras<\/li>\n<li data-start=\"821\" data-end=\"849\">Autor: Byron Harald Herz<\/li>\n<li data-start=\"850\" data-end=\"893\">G\u00e9nero: Narrativa contempor\u00e1nea \/ drama psicol\u00f3gico \/ ficci\u00f3n literaria<\/li>\n<\/ul>\n<p data-start=\"895\" data-end=\"996\">\ud83c\udf96\ufe0f Reconocido por el jurado internacional por su <strong data-start=\"1048\" data-end=\"1074\">alto impacto emocional<\/strong>, su <strong data-start=\"1079\" data-end=\"1103\">honestidad narrativa<\/strong> y su <strong data-start=\"1109\" data-end=\"1151\">mirada luminosa frente a la adversidad<\/strong>.<\/p>\n<p data-start=\"1327\" data-end=\"1359\">\ud83d\udcca <strong data-start=\"1330\" data-end=\"1357\">Desglose de evaluaci\u00f3n (97\/100):<\/strong><\/p>\n<ul data-start=\"1360\" data-end=\"1495\">\n<li data-start=\"1360\" data-end=\"1392\">Originalidad y sensibilidad en el enfoque:<strong> 20\/20<\/strong><\/li>\n<li data-start=\"1360\" data-end=\"1392\">Impacto emocional y resonancia tem\u00e1tica:<strong> 20\/20<\/strong><\/li>\n<li data-start=\"1360\" data-end=\"1392\">Profundidad del conflicto y desarrollo del personaje:<strong> 19\/20<\/strong><\/li>\n<li data-start=\"1360\" data-end=\"1392\">Calidad literaria: estilo, ritmo y estructura: <strong>19\/20<\/strong><\/li>\n<li data-start=\"1360\" data-end=\"1392\">Coherencia interna del relato como unidad narrativa:<strong> 19\/20<\/strong><\/li>\n<\/ul>\n<p data-start=\"895\" data-end=\"996\">\ud83d\udce5 Descarga inmediata por link a trav\u00e9s de correo electr\u00f3nico post pago.<\/p>\n","protected":false},"featured_media":13614,"comment_status":"open","ping_status":"closed","template":"","meta":[],"location":[],"product_cat":[825,826,824,782,496],"product_tag":[],"locations":[],"_links":{"self":[{"href":"https:\/\/gymupstore.cl\/index.php\/wp-json\/wp\/v2\/product\/13612"}],"collection":[{"href":"https:\/\/gymupstore.cl\/index.php\/wp-json\/wp\/v2\/product"}],"about":[{"href":"https:\/\/gymupstore.cl\/index.php\/wp-json\/wp\/v2\/types\/product"}],"replies":[{"embeddable":true,"href":"https:\/\/gymupstore.cl\/index.php\/wp-json\/wp\/v2\/comments?post=13612"}],"wp:featuredmedia":[{"embeddable":true,"href":"https:\/\/gymupstore.cl\/index.php\/wp-json\/wp\/v2\/media\/13614"}],"wp:attachment":[{"href":"https:\/\/gymupstore.cl\/index.php\/wp-json\/wp\/v2\/media?parent=13612"}],"wp:term":[{"taxonomy":"location","embeddable":true,"href":"https:\/\/gymupstore.cl\/index.php\/wp-json\/wp\/v2\/location?post=13612"},{"taxonomy":"product_cat","embeddable":true,"href":"https:\/\/gymupstore.cl\/index.php\/wp-json\/wp\/v2\/product_cat?post=13612"},{"taxonomy":"product_tag","embeddable":true,"href":"https:\/\/gymupstore.cl\/index.php\/wp-json\/wp\/v2\/product_tag?post=13612"}],"curies":[{"name":"wp","href":"https:\/\/api.w.org\/{rel}","templated":true}]}}