{"id":13517,"date":"2025-09-02T13:01:20","date_gmt":"2025-09-02T16:01:20","guid":{"rendered":"https:\/\/gymupstore.cl\/?post_type=product&#038;p=13517"},"modified":"2026-04-03T12:45:49","modified_gmt":"2026-04-03T15:45:49","slug":"whey-pro-win-protein-bar-45-gr-peanut-butter-25-gr-proteina","status":"publish","type":"product","link":"https:\/\/gymupstore.cl\/index.php\/producto\/whey-pro-win-protein-bar-45-gr-peanut-butter-25-gr-proteina\/","title":{"rendered":"Whey Pro Win Protein Bar 45 gr Peanut Butter 25 gr Prote\u00edna"},"content":{"rendered":"<p>Whey Pro Win Bar es una propuesta innovadora. Una barrita con 25 gramos de prote\u00edna, que iguala el aporte de un scoop de prote\u00edna en polvo Whey Pro Win. Su c\u00f3moda presentaci\u00f3n y delicioso sabor, la convierten en una alternativa ideal para quienes buscan nutrici\u00f3n de calidad en cualquier momento del d\u00eda.<\/p>\n<p><strong>Protein Bar<\/strong><strong>\u00a0Whey Pro Win: sabor y nutrici\u00f3n en cada porci\u00f3n<\/strong><\/p>\n<p>La barra de prote\u00edna Whey Pro Win es una opci\u00f3n pr\u00e1ctica para quienes buscan aumentar su ingesta de prote\u00ednas de alta calidad en cualquier momento del d\u00eda. Cada barrita entrega 25 g de prote\u00edna, proporcionado principalmente por el suero de leche (Whey protein). Adem\u00e1s, contiene mantequilla de man\u00ed natural, fibra de achicoria, crispies de soya y cacao. La mantequilla de man\u00ed natural y los crispies de soya tambi\u00e9n aportan prote\u00edna de excelente calidad a la formulaci\u00f3n. Este equilibrio entre sabor y nutrici\u00f3n la convierten en un snack ideal antes, despu\u00e9s del entrenamiento o en cualquier momento del d\u00eda.<\/p>\n<p><strong>Beneficios de consumir la barra de prote\u00edna Whey Pro Win<\/strong><\/p>\n<p>Gracias a su perfil nutricional, la barra de prote\u00edna Whey Pro Win ayuda a prolongar la saciedad y a llegar a los requerimientos diarios de prote\u00edna. Es baja en sodio y sin az\u00facares a\u00f1adidos. Su f\u00f3rmula keto friendly, buen aporte de prote\u00ednas y su delicioso sabor, la transforman en una alternativa incre\u00edble para quienes llevan un estilo de vida saludable.<\/p>\n","protected":false},"excerpt":{"rendered":"<p>Whey Pro Win Bar es una propuesta innovadora. Una barrita [&hellip;]<\/p>\n","protected":false},"featured_media":13520,"comment_status":"open","ping_status":"closed","template":"","meta":[],"location":[495],"product_cat":[25,281,161],"product_tag":[],"locations":[{"id":495,"name":"PMC","slug":"gymupstore-pmc","quantity":""}],"_links":{"self":[{"href":"https:\/\/gymupstore.cl\/index.php\/wp-json\/wp\/v2\/product\/13517"}],"collection":[{"href":"https:\/\/gymupstore.cl\/index.php\/wp-json\/wp\/v2\/product"}],"about":[{"href":"https:\/\/gymupstore.cl\/index.php\/wp-json\/wp\/v2\/types\/product"}],"replies":[{"embeddable":true,"href":"https:\/\/gymupstore.cl\/index.php\/wp-json\/wp\/v2\/comments?post=13517"}],"wp:featuredmedia":[{"embeddable":true,"href":"https:\/\/gymupstore.cl\/index.php\/wp-json\/wp\/v2\/media\/13520"}],"wp:attachment":[{"href":"https:\/\/gymupstore.cl\/index.php\/wp-json\/wp\/v2\/media?parent=13517"}],"wp:term":[{"taxonomy":"location","embeddable":true,"href":"https:\/\/gymupstore.cl\/index.php\/wp-json\/wp\/v2\/location?post=13517"},{"taxonomy":"product_cat","embeddable":true,"href":"https:\/\/gymupstore.cl\/index.php\/wp-json\/wp\/v2\/product_cat?post=13517"},{"taxonomy":"product_tag","embeddable":true,"href":"https:\/\/gymupstore.cl\/index.php\/wp-json\/wp\/v2\/product_tag?post=13517"}],"curies":[{"name":"wp","href":"https:\/\/api.w.org\/{rel}","templated":true}]}}