{"id":13504,"date":"2025-09-01T20:57:08","date_gmt":"2025-09-01T23:57:08","guid":{"rendered":"https:\/\/gymupstore.cl\/?post_type=product&#038;p=13504"},"modified":"2026-04-03T12:45:20","modified_gmt":"2026-04-03T15:45:20","slug":"pre-entrenamiento-kreator-600-gr-30-servicios","status":"publish","type":"product","link":"https:\/\/gymupstore.cl\/index.php\/producto\/pre-entrenamiento-kreator-600-gr-30-servicios\/","title":{"rendered":"Pre Entrenamiento Kreator | 600 gr (30 servicios)"},"content":{"rendered":"<p>Pre entreno Kreator 600 grs. 30 servicios es un potente activador y pre-entreno, dise\u00f1ado para personas que entrenan a alta intensidad. Este suplemento ha sido desarrollado con elementos que participan de procesos de producci\u00f3n de energ\u00eda, de mantenci\u00f3n de la actividad de SNC durante el entrenamiento y de disminuci\u00f3n de los niveles de fatiga muscular.<\/p>\n<ul>\n<li>Fuerza y potencia<\/li>\n<li>Precursor \u00d3xido N\u00edtrico<\/li>\n<li>Energizante<\/li>\n<li>Con adici\u00f3n de amino\u00e1cidos, cafe\u00edna, creatina y beta alanina.<\/li>\n<\/ul>\n<p>Formato: Polvo<\/p>\n<p>Sabores: Blue Aggression, Extreme Punch y Psycho Lemonade<\/p>\n<p>Contenido: 600 grs.<\/p>\n<p>Porciones: 30<\/p>\n<p>Modo de uso: Mezclar 1 scoop con 250cc de agua. Consumir 20-30 minutos antes del ejercicio o lo prescrito por tu nutricionista.<\/p>\n","protected":false},"excerpt":{"rendered":"<ul>\n<li>Fuerza y potencia<\/li>\n<li>Precursor \u00d3xido N\u00edtrico<\/li>\n<li>Energizante<\/li>\n<li>Con adici\u00f3n de amino\u00e1cidos, cafe\u00edna, creatina y beta alanina.<\/li>\n<\/ul>\n","protected":false},"featured_media":13506,"comment_status":"open","ping_status":"closed","template":"","meta":[],"location":[495],"product_cat":[28,161],"product_tag":[],"locations":[{"id":495,"name":"PMC","slug":"gymupstore-pmc","quantity":""}],"_links":{"self":[{"href":"https:\/\/gymupstore.cl\/index.php\/wp-json\/wp\/v2\/product\/13504"}],"collection":[{"href":"https:\/\/gymupstore.cl\/index.php\/wp-json\/wp\/v2\/product"}],"about":[{"href":"https:\/\/gymupstore.cl\/index.php\/wp-json\/wp\/v2\/types\/product"}],"replies":[{"embeddable":true,"href":"https:\/\/gymupstore.cl\/index.php\/wp-json\/wp\/v2\/comments?post=13504"}],"wp:featuredmedia":[{"embeddable":true,"href":"https:\/\/gymupstore.cl\/index.php\/wp-json\/wp\/v2\/media\/13506"}],"wp:attachment":[{"href":"https:\/\/gymupstore.cl\/index.php\/wp-json\/wp\/v2\/media?parent=13504"}],"wp:term":[{"taxonomy":"location","embeddable":true,"href":"https:\/\/gymupstore.cl\/index.php\/wp-json\/wp\/v2\/location?post=13504"},{"taxonomy":"product_cat","embeddable":true,"href":"https:\/\/gymupstore.cl\/index.php\/wp-json\/wp\/v2\/product_cat?post=13504"},{"taxonomy":"product_tag","embeddable":true,"href":"https:\/\/gymupstore.cl\/index.php\/wp-json\/wp\/v2\/product_tag?post=13504"}],"curies":[{"name":"wp","href":"https:\/\/api.w.org\/{rel}","templated":true}]}}