{"id":13500,"date":"2025-09-01T20:45:48","date_gmt":"2025-09-01T23:45:48","guid":{"rendered":"https:\/\/gymupstore.cl\/?post_type=product&#038;p=13500"},"modified":"2026-04-03T12:46:23","modified_gmt":"2026-04-03T15:46:23","slug":"cafe-mushroom-coffit-300-gr-30-servicios","status":"publish","type":"product","link":"https:\/\/gymupstore.cl\/index.php\/producto\/cafe-mushroom-coffit-300-gr-30-servicios\/","title":{"rendered":"Caf\u00e9 Mushroom Coffit (300 gr) | 30 servicios"},"content":{"rendered":"<p><strong>Coffit Mushroom lleg\u00f3 para revolucionar tu rutina<\/strong><br \/>\n\u2013 Con 1000 mg de melena de le\u00f3n, 100 mg de cafe\u00edna por porci\u00f3n y una mezcla \u00fanica de superalimentos (c\u00farcuma, canela, cacao y jengibre), este caf\u00e9 te entrega lo mejor de dos mundos: el sabor que amas y los beneficios que tu cuerpo necesita.<br \/>\n\u2013 Energ\u00eda real, foco mental y bienestar en una sola taza.<br \/>\n\u2013 Sin az\u00facar a\u00f1adida y sin ingredientes innecesarios: solo lo esencial para activar tu d\u00eda de forma natural.<\/p>\n<p><strong>\u00bfPor qu\u00e9 elegir este Coffit?<\/strong><br \/>\n\u2013 Estimula tu concentraci\u00f3n y claridad mental<br \/>\n\u2013 Apoya tu sistema nervioso y salud cognitiva<br \/>\n\u2013 Aporta energ\u00eda sostenida<br \/>\n\u2013 Contiene adapt\u00f3genos que ayudan a manejar el estr\u00e9s<\/p>\n<p><strong>\u00bfCu\u00e1ndo tomarlo?<br \/>\n<\/strong>Perfecto para comenzar el d\u00eda, como reemplazo del caf\u00e9 tradicional o como impulso natural en momentos clave de productividad.<br \/>\n<strong>Lleva tu caf\u00e9 al siguiente nivel.<\/strong><br \/>\nPrueba este delicioso producto y transforma tu rutina en un ritual de bienestar.<\/p>\n<p>Disponible en formato de 300 g.<br \/>\nApto para veganos \u2013 Sin az\u00facar a\u00f1adida \u2013 100% funcional<\/p>\n","protected":false},"excerpt":{"rendered":"<ul>\n<li>1000mg de melena de le\u00f3n<\/li>\n<li>100mg cafe\u00edna anhidra<\/li>\n<li>Con adici\u00f3n de c\u00farcuma, canela, cacao y jengibre<\/li>\n<li>Estimula tu concentraci\u00f3n y claridad mental<\/li>\n<li>Apoya tu sistema nervioso y salud cognitiva<\/li>\n<li>Aporta energ\u00eda sostenida<\/li>\n<li>Contiene adapt\u00f3genos que ayudan a manejar el estr\u00e9s<\/li>\n<\/ul>\n<p>Contenido neto: 300 grs.<\/p>\n<p>Porciones: 30<\/p>\n<p>Modo de uso: Mezclar 1 medida dosificadora (10 grs.) en una taza con agua caliente y revolver hasta que el producto se disuelva completamente.<\/p>\n","protected":false},"featured_media":13502,"comment_status":"open","ping_status":"closed","template":"","meta":[],"location":[495],"product_cat":[770,182,32,281,161],"product_tag":[],"locations":[{"id":495,"name":"PMC","slug":"gymupstore-pmc","quantity":"2"}],"_links":{"self":[{"href":"https:\/\/gymupstore.cl\/index.php\/wp-json\/wp\/v2\/product\/13500"}],"collection":[{"href":"https:\/\/gymupstore.cl\/index.php\/wp-json\/wp\/v2\/product"}],"about":[{"href":"https:\/\/gymupstore.cl\/index.php\/wp-json\/wp\/v2\/types\/product"}],"replies":[{"embeddable":true,"href":"https:\/\/gymupstore.cl\/index.php\/wp-json\/wp\/v2\/comments?post=13500"}],"wp:featuredmedia":[{"embeddable":true,"href":"https:\/\/gymupstore.cl\/index.php\/wp-json\/wp\/v2\/media\/13502"}],"wp:attachment":[{"href":"https:\/\/gymupstore.cl\/index.php\/wp-json\/wp\/v2\/media?parent=13500"}],"wp:term":[{"taxonomy":"location","embeddable":true,"href":"https:\/\/gymupstore.cl\/index.php\/wp-json\/wp\/v2\/location?post=13500"},{"taxonomy":"product_cat","embeddable":true,"href":"https:\/\/gymupstore.cl\/index.php\/wp-json\/wp\/v2\/product_cat?post=13500"},{"taxonomy":"product_tag","embeddable":true,"href":"https:\/\/gymupstore.cl\/index.php\/wp-json\/wp\/v2\/product_tag?post=13500"}],"curies":[{"name":"wp","href":"https:\/\/api.w.org\/{rel}","templated":true}]}}