{"id":13325,"date":"2025-07-30T19:27:27","date_gmt":"2025-07-30T22:27:27","guid":{"rendered":"https:\/\/gymupstore.cl\/?post_type=product&#038;p=13325"},"modified":"2026-04-03T12:45:49","modified_gmt":"2026-04-03T15:45:49","slug":"twentys-mini-protein-bar-variedades","status":"publish","type":"product","link":"https:\/\/gymupstore.cl\/index.php\/producto\/twentys-mini-protein-bar-variedades\/","title":{"rendered":"Twenty&#8217;s Mini Protein Bar | Variedades"},"content":{"rendered":"<p>La barra perfecta en su versi\u00f3n mini. Twenty&#8217;s Mini Chocolate Fudge ba\u00f1ada en una capa de irresistible chocolate real. Para un antojo dulce en cualquier momento del d\u00eda. Son libres de sellos, sin az\u00facar a\u00f1adida, bajas en carbos y libres de gluten. Peque\u00f1a en tama\u00f1o pero grande en beneficios. \u00a1Let&#8217;s Go!<\/p>\n","protected":false},"excerpt":{"rendered":"<ul>\n<li>8g de prote\u00edna de leche<\/li>\n<li>6g de fibra<\/li>\n<\/ul>\n","protected":false},"featured_media":13329,"comment_status":"open","ping_status":"closed","template":"","meta":[],"location":[495],"product_cat":[25,281,817],"product_tag":[],"locations":[{"id":495,"name":"PMC","slug":"gymupstore-pmc","quantity":""}],"_links":{"self":[{"href":"https:\/\/gymupstore.cl\/index.php\/wp-json\/wp\/v2\/product\/13325"}],"collection":[{"href":"https:\/\/gymupstore.cl\/index.php\/wp-json\/wp\/v2\/product"}],"about":[{"href":"https:\/\/gymupstore.cl\/index.php\/wp-json\/wp\/v2\/types\/product"}],"replies":[{"embeddable":true,"href":"https:\/\/gymupstore.cl\/index.php\/wp-json\/wp\/v2\/comments?post=13325"}],"wp:featuredmedia":[{"embeddable":true,"href":"https:\/\/gymupstore.cl\/index.php\/wp-json\/wp\/v2\/media\/13329"}],"wp:attachment":[{"href":"https:\/\/gymupstore.cl\/index.php\/wp-json\/wp\/v2\/media?parent=13325"}],"wp:term":[{"taxonomy":"location","embeddable":true,"href":"https:\/\/gymupstore.cl\/index.php\/wp-json\/wp\/v2\/location?post=13325"},{"taxonomy":"product_cat","embeddable":true,"href":"https:\/\/gymupstore.cl\/index.php\/wp-json\/wp\/v2\/product_cat?post=13325"},{"taxonomy":"product_tag","embeddable":true,"href":"https:\/\/gymupstore.cl\/index.php\/wp-json\/wp\/v2\/product_tag?post=13325"}],"curies":[{"name":"wp","href":"https:\/\/api.w.org\/{rel}","templated":true}]}}