{"id":13285,"date":"2025-07-25T21:15:57","date_gmt":"2025-07-26T00:15:57","guid":{"rendered":"https:\/\/gymupstore.cl\/?post_type=product&#038;p=13285"},"modified":"2026-04-03T12:45:49","modified_gmt":"2026-04-03T15:45:49","slug":"vitamina-d3-k2-calcium-ostrovit-90-capsulas","status":"publish","type":"product","link":"https:\/\/gymupstore.cl\/index.php\/producto\/vitamina-d3-k2-calcium-ostrovit-90-capsulas\/","title":{"rendered":"Vitamina D3 + K2 + Calcium Ostrovit | 90 c\u00e1psulas"},"content":{"rendered":"<p><strong>\u00bfQu\u00e9 es OstroVit Vitamina D3 + K2 + Calcium?<\/strong><br \/>\nOstroVit Vitamina D3 + K2 + Calcio es un complemento alimenticio completo, fuente de colecalciferol, vitamina K2 en su forma MK-7, mejor asimilable por el organismo humano, y de un valioso elemento, el calcio.<\/p>\n<p><strong>\u00bfPara qu\u00e9 sirve?<\/strong><br \/>\nOstroVit Vitamina D3 + K2 + Calcium est\u00e1 dise\u00f1ado para personas que desean complementar su dieta con micronutrientes esenciales para la salud \u00f3sea y el funcionamiento general del cuerpo.<\/p>\n<p><strong>\u00bfC\u00f3mo se destaca?<\/strong><br \/>\nSe destaca por:<br \/>\n\u2022La vitamina D3 , presente en el preparado, contribuye al mantenimiento de huesos y dientes sanos y al correcto funcionamiento de los m\u00fasculos.<br \/>\n\u2022La vitamina K2 , contribuye a la coagulaci\u00f3n sangu\u00ednea adecuada y ayuda a mantener los huesos sanos. La vitamina K2 MK-7 utilizada en la preparaci\u00f3n OstroVit es una forma de compuesto que se absorbe mejor por el cuerpo humano, lo que tiene un efecto positivo en la absorci\u00f3n del suplemento diet\u00e9tico. Adem\u00e1s, el producto tambi\u00e9n incluye vitamina D3, que act\u00faa sin\u00e9rgicamente con la vitamina K2, potenciando su efecto.<br \/>\n\u2022El calcio contribuye a mantener un metabolismo energ\u00e9tico normal y ayuda a mantener una transmisi\u00f3n nerviosa \u00f3ptima, adem\u00e1s de contribuir a una coagulaci\u00f3n sangu\u00ednea adecuada.<br \/>\n<strong>\u00bfC\u00f3mo consumir?<\/strong><br \/>\nConsumir 1 c\u00e1psula diaria antes de las comidas, con abundante agua. En casos espec\u00edficos, puede administrarse hasta un m\u00e1ximo de 2 c\u00e1psulas al d\u00eda, seg\u00fan indicaci\u00f3n profesional.<\/p>\n<p><strong>\u00bfEn qu\u00e9 formato se encuentra?<\/strong><br \/>\nSe encuentra en el formato tabletas y contiene 90.<\/p>\n<p><strong>\u00bfCon qu\u00e9 otro producto puedo combinar?<\/strong><br \/>\nPuedes combinarlo con cualquier producto que necesites para tus requerimientos, como vitaminas o creatina.<\/p>\n<p><strong>\u00a1RECUERDA!<br \/>\nAses\u00f3rate siempre de un profesional m\u00e9dico o nutricionista para un consumo apropiado.<\/strong><\/p>\n","protected":false},"excerpt":{"rendered":"<p>\u2022 90 tabletas<br \/>\n\u2022 25 mg de Vitamina D3<br \/>\n\u2022 50 mg de Vitamina K2<br \/>\n\u2022 375 mg de Calcio<\/p>\n","protected":false},"featured_media":13287,"comment_status":"open","ping_status":"closed","template":"","meta":[],"location":[495],"product_cat":[755,32,767],"product_tag":[],"locations":[{"id":495,"name":"PMC","slug":"gymupstore-pmc","quantity":"3"}],"_links":{"self":[{"href":"https:\/\/gymupstore.cl\/index.php\/wp-json\/wp\/v2\/product\/13285"}],"collection":[{"href":"https:\/\/gymupstore.cl\/index.php\/wp-json\/wp\/v2\/product"}],"about":[{"href":"https:\/\/gymupstore.cl\/index.php\/wp-json\/wp\/v2\/types\/product"}],"replies":[{"embeddable":true,"href":"https:\/\/gymupstore.cl\/index.php\/wp-json\/wp\/v2\/comments?post=13285"}],"wp:featuredmedia":[{"embeddable":true,"href":"https:\/\/gymupstore.cl\/index.php\/wp-json\/wp\/v2\/media\/13287"}],"wp:attachment":[{"href":"https:\/\/gymupstore.cl\/index.php\/wp-json\/wp\/v2\/media?parent=13285"}],"wp:term":[{"taxonomy":"location","embeddable":true,"href":"https:\/\/gymupstore.cl\/index.php\/wp-json\/wp\/v2\/location?post=13285"},{"taxonomy":"product_cat","embeddable":true,"href":"https:\/\/gymupstore.cl\/index.php\/wp-json\/wp\/v2\/product_cat?post=13285"},{"taxonomy":"product_tag","embeddable":true,"href":"https:\/\/gymupstore.cl\/index.php\/wp-json\/wp\/v2\/product_tag?post=13285"}],"curies":[{"name":"wp","href":"https:\/\/api.w.org\/{rel}","templated":true}]}}