{"id":13270,"date":"2025-07-23T19:18:12","date_gmt":"2025-07-23T22:18:12","guid":{"rendered":"https:\/\/gymupstore.cl\/?post_type=product&#038;p=13270"},"modified":"2025-09-22T12:07:54","modified_gmt":"2025-09-22T15:07:54","slug":"prote-nuss-crema-untable-250-gr","status":"publish","type":"product","link":"https:\/\/gymupstore.cl\/index.php\/producto\/prote-nuss-crema-untable-250-gr\/","title":{"rendered":"Prote &amp; Nuss Crema Untable 250 gr"},"content":{"rendered":"<p>Prote &amp; nuss crema untable 250 grs. fue elaborada por Revitta Wellness posicion\u00e1ndose hoy como una de las mejores cremas o pastas proteicas y untables del mundo fitness y sum\u00e1ndose a la maravillosa familia de cremas de Revitta (Mantequilla de man\u00ed). No puedes quedarte sin probarla!<\/p>\n","protected":false},"excerpt":{"rendered":"<ul>\n<li>Prote\u00edna whey (suero de leche)<\/li>\n<li>8 grs. de prote\u00edna por porci\u00f3n<\/li>\n<li>38% de prote\u00edna whey<\/li>\n<li>0% sodio<\/li>\n<li>Sin az\u00facar a\u00f1adida<\/li>\n<\/ul>\n<p>Formato: Pasta<\/p>\n<p>Contenido: 250 grs.<\/p>\n<p>Porciones: 13 aprox.<\/p>\n<p>Modo de uso: Consumir 1 porci\u00f3n (1 cucharada) al d\u00eda en tus preparaciones.<\/p>\n","protected":false},"featured_media":13272,"comment_status":"open","ping_status":"closed","template":"","meta":[],"location":[495],"product_cat":[182,281,161],"product_tag":[],"locations":[{"id":495,"name":"PMC","slug":"gymupstore-pmc","quantity":"5"}],"_links":{"self":[{"href":"https:\/\/gymupstore.cl\/index.php\/wp-json\/wp\/v2\/product\/13270"}],"collection":[{"href":"https:\/\/gymupstore.cl\/index.php\/wp-json\/wp\/v2\/product"}],"about":[{"href":"https:\/\/gymupstore.cl\/index.php\/wp-json\/wp\/v2\/types\/product"}],"replies":[{"embeddable":true,"href":"https:\/\/gymupstore.cl\/index.php\/wp-json\/wp\/v2\/comments?post=13270"}],"wp:featuredmedia":[{"embeddable":true,"href":"https:\/\/gymupstore.cl\/index.php\/wp-json\/wp\/v2\/media\/13272"}],"wp:attachment":[{"href":"https:\/\/gymupstore.cl\/index.php\/wp-json\/wp\/v2\/media?parent=13270"}],"wp:term":[{"taxonomy":"location","embeddable":true,"href":"https:\/\/gymupstore.cl\/index.php\/wp-json\/wp\/v2\/location?post=13270"},{"taxonomy":"product_cat","embeddable":true,"href":"https:\/\/gymupstore.cl\/index.php\/wp-json\/wp\/v2\/product_cat?post=13270"},{"taxonomy":"product_tag","embeddable":true,"href":"https:\/\/gymupstore.cl\/index.php\/wp-json\/wp\/v2\/product_tag?post=13270"}],"curies":[{"name":"wp","href":"https:\/\/api.w.org\/{rel}","templated":true}]}}