{"id":13264,"date":"2025-07-22T22:39:05","date_gmt":"2025-07-23T01:39:05","guid":{"rendered":"https:\/\/gymupstore.cl\/?post_type=product&#038;p=13264"},"modified":"2025-07-22T22:40:00","modified_gmt":"2025-07-23T01:40:00","slug":"cafe-collagen-coffit-300-gr-15-servicios","status":"publish","type":"product","link":"https:\/\/gymupstore.cl\/index.php\/producto\/cafe-collagen-coffit-300-gr-15-servicios\/","title":{"rendered":"Caf\u00e9 Collagen Coffit (300 gr) |15 servicios"},"content":{"rendered":"<p>Coffit Collagen es el nuevo caf\u00e9 con col\u00e1geno de la l\u00ednea Coffit con una innovadora mezcla que combina el delicioso y aut\u00e9ntico sabor de Coffit\u00a0con 11 g de col\u00e1geno hidrolizado, 100 mg de cafe\u00edna natural y el poder de 4 superalimentos: c\u00farcuma, canela, cacao y jengibre. Dise\u00f1ado para quienes buscan mejorar la salud de su piel, cabello y articulaciones mientras disfrutan de un Boost de energ\u00eda natural.<\/p>\n<p><strong>\u00bfPor qu\u00e9 elegir Coffit Collagen?<\/strong><br \/>\nCoffit Collagen, el caf\u00e9 con col\u00e1geno de Revitta Wellness contiene 11 gramos de col\u00e1geno hidrolizado por porci\u00f3n. El col\u00e1geno es una prote\u00edna fundamental para nuestro organismo ya que forma parte de importantes tejidos como huesos, articulaciones, cart\u00edlagos y piel. Consumirlo podr\u00eda ayudar a conservar nuestras tejidos y huesos m\u00e1s saludables.<\/p>\n<p>Adem\u00e1s, su contenido de 100 mg de cafe\u00edna por porci\u00f3n brinda energ\u00eda, aumenta el estado de alerta, concentraci\u00f3n y retrasa la fatiga muscular. Por lo que es ideal para comenzar el d\u00eda o potenciar tu rendimiento en el entrenamiento.<br \/>\nPor otro lado, contiene 4 superalimentos: c\u00farcuma, canela, cacao y jengibre, los cuales poseen propiedades energizantes, antioxidantes, y podr\u00edan ayudar a reducir los niveles de inflamaci\u00f3n.<\/p>\n","protected":false},"excerpt":{"rendered":"<ul>\n<li>100mg de cafe\u00edna por porci\u00f3n<\/li>\n<li>Col\u00e1geno hidrolizado<\/li>\n<li>Con adici\u00f3n de Cacao, c\u00farcuma, canela y jengibre<\/li>\n<li>Sin az\u00facar a\u00f1adida<\/li>\n<li>Caf\u00e9 100% ar\u00e1bico<\/li>\n<\/ul>\n<p>Formato: Polvo<\/p>\n<p>Porciones: 15 (20 grs.)<\/p>\n<p>Sabor: Cacao<\/p>\n<p>Modo de uso: Disolver 1 medida dosificadora o 2 cucharadas soperas (20 grs.) en 250cc de agua caliente, consumir de inmediato.<\/p>\n","protected":false},"featured_media":13268,"comment_status":"open","ping_status":"closed","template":"","meta":[],"location":[495],"product_cat":[25,182,281,161],"product_tag":[],"locations":[{"id":495,"name":"PMC","slug":"gymupstore-pmc","quantity":"9"}],"_links":{"self":[{"href":"https:\/\/gymupstore.cl\/index.php\/wp-json\/wp\/v2\/product\/13264"}],"collection":[{"href":"https:\/\/gymupstore.cl\/index.php\/wp-json\/wp\/v2\/product"}],"about":[{"href":"https:\/\/gymupstore.cl\/index.php\/wp-json\/wp\/v2\/types\/product"}],"replies":[{"embeddable":true,"href":"https:\/\/gymupstore.cl\/index.php\/wp-json\/wp\/v2\/comments?post=13264"}],"wp:featuredmedia":[{"embeddable":true,"href":"https:\/\/gymupstore.cl\/index.php\/wp-json\/wp\/v2\/media\/13268"}],"wp:attachment":[{"href":"https:\/\/gymupstore.cl\/index.php\/wp-json\/wp\/v2\/media?parent=13264"}],"wp:term":[{"taxonomy":"location","embeddable":true,"href":"https:\/\/gymupstore.cl\/index.php\/wp-json\/wp\/v2\/location?post=13264"},{"taxonomy":"product_cat","embeddable":true,"href":"https:\/\/gymupstore.cl\/index.php\/wp-json\/wp\/v2\/product_cat?post=13264"},{"taxonomy":"product_tag","embeddable":true,"href":"https:\/\/gymupstore.cl\/index.php\/wp-json\/wp\/v2\/product_tag?post=13264"}],"curies":[{"name":"wp","href":"https:\/\/api.w.org\/{rel}","templated":true}]}}