{"id":13259,"date":"2025-07-22T22:06:17","date_gmt":"2025-07-23T01:06:17","guid":{"rendered":"https:\/\/gymupstore.cl\/?post_type=product&#038;p=13259"},"modified":"2025-07-22T22:06:40","modified_gmt":"2025-07-23T01:06:40","slug":"omega-3-fish-oil-90-capsulas-30-servicios","status":"publish","type":"product","link":"https:\/\/gymupstore.cl\/index.php\/producto\/omega-3-fish-oil-90-capsulas-30-servicios\/","title":{"rendered":"Omega 3 Fish Oil | 90 c\u00e1psulas (30 servicios)"},"content":{"rendered":"<p>El Omega 3 es un aceite esencial para la salud que se encuentra en la mayor\u00eda de los pescados grasos como el at\u00fan, jurel o salm\u00f3n. Este aceite cumple funciones muy beneficiosas en el organismo y se puede consumir a trav\u00e9s de la alimentaci\u00f3n o en suplementos nutricionales.<\/p>\n<p>El omega 3 o aceite de pescado corresponde a un \u00e1cido graso poliinsaturado que es esencial para el organismo, esto quiere decir que nuestro cuerpo es incapaz de sintetizarlo por s\u00ed solo, por lo tanto, se debe consumir a trav\u00e9s de alimentos o suplementos nutricionales.<\/p>\n<p>El suplemento de omega 3 de winkler nutrition es muy beneficioso, tanto para la poblaci\u00f3n general como deportistas y mujeres en periodos de embarazo\/lactancia ya que tiene un efecto comprobado en el desarrollo neurol\u00f3gico y en la visi\u00f3n del bebe. Tambi\u00e9n tiene muchos beneficios en toda la etapa adulta tales como la reducci\u00f3n de los niveles de colesterol, efecto cardioprotector entre otras propiedades que se desarrollar\u00e1n en este art\u00edculo.<\/p>\n<p>Las c\u00e1psulas de omega 3 de winkler nutrition tienen un aporte de 630 mg de EPA y 400 mg de DHA, lo que da un aporte total de 1000 mg \u00f3 1 g de omega 3 cada 3 c\u00e1psulas, cantidad necesaria para prevenir enfermedades y mejorar par\u00e1metros bioqu\u00edmicos como colesterol total y triglic\u00e9ridos.<\/p>\n<h3>Beneficios del Omega 3<\/h3>\n<p>Se han estudiado y comprobado m\u00faltiples beneficios del consumo de omega 3 tanto en su consumo como alimentos o en suplementos, dentro de sus beneficios est\u00e1n:<\/p>\n<p>\u2013 Efecto Antiinflamatorio.<\/p>\n<p>\u2013 Efecto antitromb\u00f3tico.<\/p>\n<p>\u2013 Cardioprotector: Disminuye frecuencia de paros cardiacos, reduce mortalidad global en pacientes con riesgo de enfermedad cardiovascular, reduce ocurrencia de aterosclerosis, ataques cardiacos y accidentes vasculares cerebrales.<\/p>\n<p>\u2013 Mejora perfil lip\u00eddico: Disminuye triglic\u00e9ridos y colesterol total.<\/p>\n<p>\u2013 Reduce presi\u00f3n arterial.<\/p>\n<p>\u2013 Efecto neuro protector: Evita el deterioro cognitivo, demencia y progresi\u00f3n de enfermedad de Alzheimer.<\/p>\n<p>\u2013 Beneficios en la mujer durante \u2013 posterior a la menopausia mejorando la salud \u00f3sea y evitando los estados depresivos.<\/p>\n<h3>\u00bfCu\u00e1nto omega 3 debemos consumir?<\/h3>\n<p>La recomendaci\u00f3n en la poblaci\u00f3n general es consumir 500 mg al d\u00eda de omega 3 mediante suplementaci\u00f3n \u00f3 2 -3 raciones de pescados grasos a la semana.<\/p>\n<p>En personas que han presentado alguna enfermedad coronaria se recomienda al menos 1 g \/d para la protecci\u00f3n cardiovascular (3 c\u00e1psulas de omega 3 winkler nutrition al d\u00eda).<\/p>\n<p>En casos de hipertrigliceridemia se recomienda una dosis de 2-4 g\/d.<\/p>\n<p>Omega 3 180 c\u00e1psulas 60 porciones \u2013 Winkler Nutrition<\/p>\n<h3>Beneficios de consumir Omega 3 durante el embarazo<\/h3>\n<p>El omega 3 tiene importantes beneficios en la etapa del embarazo ya que va a influir directamente en el desarrollo neurol\u00f3gico y en la visi\u00f3n del beb\u00e9 en gestaci\u00f3n.<\/p>\n<p>Se han realizados muchos estudios cient\u00edficos observacionales y epidemiol\u00f3gicos en los cuales se ha encontrado que el consumo de suplementaci\u00f3n de omega 3, este asociado a un menor riesgo de preeclampsia durante el embarazo, prematuridad en el bebe y depresi\u00f3n post parto.<\/p>\n<p>Otros beneficios que se han visto al suplementar con omega 3 son: una mejor visi\u00f3n en el beb\u00e9 (mejor agudeza visual y percepci\u00f3n de colores), embarazos m\u00e1s prolongados, disminuci\u00f3n de insulino resistencia y diabetes gestacional. Tambi\u00e9n dentro de los beneficios del bebe se ha visto mejor capacidad de aprendizaje y memorizaci\u00f3n, una disminuci\u00f3n en la incidencia de d\u00e9ficit atencional y prevenci\u00f3n de Alergia infantil.<\/p>\n<p>El omega 3 es un nutriente que debes incorporar en tu alimentaci\u00f3n y\/o suplementaci\u00f3n ya que cumple funciones esenciales y muy importantes en nuestro organismo. El suplemento de omega 3 de Winkler Nutrition es una excelente opci\u00f3n para incorporar este nutriente a tu vida diaria.<\/p>\n","protected":false},"excerpt":{"rendered":"<ul>\n<li>Disminuir los niveles de colesterol<\/li>\n<li>Bajar los niveles de triglic\u00e9ridos<\/li>\n<li>Ayudar a prevenir enfermedades cardiovasculares<\/li>\n<\/ul>\n<p>Formato: C\u00e1psulas blandas<\/p>\n<p>Contenido: 90<\/p>\n<p>Porciones: 30<\/p>\n<p>Modo de uso: Consumir 3 c\u00e1psulas diarias (1 c\u00e1psulas despu\u00e9s de cada comida) o lo prescrito por tu nutricionista.<\/p>\n","protected":false},"featured_media":13263,"comment_status":"open","ping_status":"closed","template":"","meta":[],"location":[495],"product_cat":[772,32,771,161],"product_tag":[],"locations":[{"id":495,"name":"PMC","slug":"gymupstore-pmc","quantity":"1"}],"_links":{"self":[{"href":"https:\/\/gymupstore.cl\/index.php\/wp-json\/wp\/v2\/product\/13259"}],"collection":[{"href":"https:\/\/gymupstore.cl\/index.php\/wp-json\/wp\/v2\/product"}],"about":[{"href":"https:\/\/gymupstore.cl\/index.php\/wp-json\/wp\/v2\/types\/product"}],"replies":[{"embeddable":true,"href":"https:\/\/gymupstore.cl\/index.php\/wp-json\/wp\/v2\/comments?post=13259"}],"wp:featuredmedia":[{"embeddable":true,"href":"https:\/\/gymupstore.cl\/index.php\/wp-json\/wp\/v2\/media\/13263"}],"wp:attachment":[{"href":"https:\/\/gymupstore.cl\/index.php\/wp-json\/wp\/v2\/media?parent=13259"}],"wp:term":[{"taxonomy":"location","embeddable":true,"href":"https:\/\/gymupstore.cl\/index.php\/wp-json\/wp\/v2\/location?post=13259"},{"taxonomy":"product_cat","embeddable":true,"href":"https:\/\/gymupstore.cl\/index.php\/wp-json\/wp\/v2\/product_cat?post=13259"},{"taxonomy":"product_tag","embeddable":true,"href":"https:\/\/gymupstore.cl\/index.php\/wp-json\/wp\/v2\/product_tag?post=13259"}],"curies":[{"name":"wp","href":"https:\/\/api.w.org\/{rel}","templated":true}]}}