{"id":13017,"date":"2025-03-19T17:07:25","date_gmt":"2025-03-19T20:07:25","guid":{"rendered":"https:\/\/gymupstore.cl\/?post_type=product&#038;p=13017"},"modified":"2026-02-11T17:04:20","modified_gmt":"2026-02-11T20:04:20","slug":"caseina-micelar-22-libras-33-servicios","status":"publish","type":"product","link":"https:\/\/gymupstore.cl\/index.php\/producto\/caseina-micelar-22-libras-33-servicios\/","title":{"rendered":"Caseina Micelar | 2,2 libras (33 servicios)"},"content":{"rendered":"<p>Texto por profesionales de Gym Up Store:<\/p>\n<p data-start=\"0\" data-end=\"506\">La <strong data-start=\"3\" data-end=\"22\">Micellar Casein<\/strong> (Case\u00edna Micelar) es una forma de case\u00edna de digesti\u00f3n lenta y liberaci\u00f3n sostenida. Se obtiene a partir de la leche mediante un proceso de microfiltraci\u00f3n sin el uso de calor ni qu\u00edmicos agresivos, lo que permite que conserve su estructura micelar natural. Esta estructura micelar le permite formar un &#8220;gel&#8221; en el est\u00f3mago, liberando los amino\u00e1cidos de manera gradual en el torrente sangu\u00edneo, lo que la hace ideal para consumir antes de dormir o en per\u00edodos prolongados sin comida.<\/p>\n<h3 data-start=\"508\" data-end=\"560\"><strong data-start=\"512\" data-end=\"560\">Principales Diferencias con Otras Prote\u00ednas:<\/strong><\/h3>\n<ol data-start=\"561\" data-end=\"1598\">\n<li data-start=\"561\" data-end=\"881\">\n<p data-start=\"564\" data-end=\"606\"><strong data-start=\"564\" data-end=\"606\">Digesti\u00f3n y Liberaci\u00f3n de Amino\u00e1cidos:<\/strong><\/p>\n<ul data-start=\"610\" data-end=\"881\">\n<li data-start=\"610\" data-end=\"764\"><strong data-start=\"612\" data-end=\"631\">Case\u00edna Micelar<\/strong>: Digesti\u00f3n lenta (hasta 7 horas), ideal para mantener un flujo constante de amino\u00e1cidos y prevenir el catabolismo muscular nocturno.<\/li>\n<li data-start=\"768\" data-end=\"881\"><strong data-start=\"770\" data-end=\"786\">Whey Protein<\/strong>: Digesti\u00f3n r\u00e1pida (1-2 horas), \u00f3ptima para el post-entrenamiento debido a su r\u00e1pida absorci\u00f3n.<\/li>\n<\/ul>\n<\/li>\n<li data-start=\"883\" data-end=\"1101\">\n<p data-start=\"886\" data-end=\"912\"><strong data-start=\"886\" data-end=\"912\">Solubilidad y Textura:<\/strong><\/p>\n<ul data-start=\"916\" data-end=\"1101\">\n<li data-start=\"916\" data-end=\"1028\"><strong data-start=\"918\" data-end=\"937\">Case\u00edna Micelar<\/strong>: Tiende a ser m\u00e1s espesa al mezclarse con l\u00edquidos debido a su capacidad de formar un gel.<\/li>\n<li data-start=\"1032\" data-end=\"1101\"><strong data-start=\"1034\" data-end=\"1050\">Whey Protein<\/strong>: Se disuelve mejor y tiene una textura m\u00e1s ligera.<\/li>\n<\/ul>\n<\/li>\n<li data-start=\"1103\" data-end=\"1416\">\n<p data-start=\"1106\" data-end=\"1135\"><strong data-start=\"1106\" data-end=\"1135\">Composici\u00f3n y Beneficios:<\/strong><\/p>\n<ul data-start=\"1139\" data-end=\"1416\">\n<li data-start=\"1139\" data-end=\"1258\"><strong data-start=\"1141\" data-end=\"1160\">Case\u00edna Micelar<\/strong>: Alta en calcio y p\u00e9ptidos bioactivos, beneficiosa para la salud \u00f3sea y la recuperaci\u00f3n nocturna.<\/li>\n<li data-start=\"1262\" data-end=\"1416\"><strong data-start=\"1264\" data-end=\"1280\">Whey Protein<\/strong>: Mayor contenido de leucina por porci\u00f3n, lo que la hace m\u00e1s efectiva para estimular la s\u00edntesis de prote\u00ednas musculares de forma aguda.<\/li>\n<\/ul>\n<\/li>\n<li data-start=\"1418\" data-end=\"1598\">\n<p data-start=\"1421\" data-end=\"1436\"><strong data-start=\"1421\" data-end=\"1436\">Aplicaci\u00f3n:<\/strong><\/p>\n<ul data-start=\"1440\" data-end=\"1598\">\n<li data-start=\"1440\" data-end=\"1513\"><strong data-start=\"1442\" data-end=\"1461\">Case\u00edna Micelar<\/strong>: Antes de dormir o en per\u00edodos largos sin alimento.<\/li>\n<li data-start=\"1517\" data-end=\"1598\"><strong data-start=\"1519\" data-end=\"1535\">Whey Protein<\/strong>: Post-entrenamiento o entre comidas para una absorci\u00f3n r\u00e1pida.<\/li>\n<\/ul>\n<\/li>\n<\/ol>\n","protected":false},"excerpt":{"rendered":"<ul>\n<li>Case\u00edna micelar<\/li>\n<li>23 grs. de prote\u00edna por porci\u00f3n<\/li>\n<li>0% de grasa<\/li>\n<li>Contiene 2,1 grs. de Leucina por servicio<\/li>\n<li>Sin az\u00facar a\u00f1adida<\/li>\n<\/ul>\n<p>Formato: Polvo<\/p>\n<p>Contenido neto: 1 kg.<\/p>\n<p>Porciones: 33<\/p>\n<p>Sabores: Vainilla<\/p>\n<p>Modo de uso: Mezclar 1 scoop (30 grs.) en 250 ml de agua.<\/p>\n<p>Recomendaciones: Consumir antes o de dormir, post-entrenamiento o en cualquier momento del d\u00eda para llegar a tus requerimientos diarios de prote\u00edna o lo recomendando por tu especialista.<\/p>\n","protected":false},"featured_media":13019,"comment_status":"open","ping_status":"closed","template":"","meta":[],"location":[495],"product_cat":[25,579,161],"product_tag":[],"locations":[{"id":495,"name":"PMC","slug":"gymupstore-pmc","quantity":""}],"_links":{"self":[{"href":"https:\/\/gymupstore.cl\/index.php\/wp-json\/wp\/v2\/product\/13017"}],"collection":[{"href":"https:\/\/gymupstore.cl\/index.php\/wp-json\/wp\/v2\/product"}],"about":[{"href":"https:\/\/gymupstore.cl\/index.php\/wp-json\/wp\/v2\/types\/product"}],"replies":[{"embeddable":true,"href":"https:\/\/gymupstore.cl\/index.php\/wp-json\/wp\/v2\/comments?post=13017"}],"wp:featuredmedia":[{"embeddable":true,"href":"https:\/\/gymupstore.cl\/index.php\/wp-json\/wp\/v2\/media\/13019"}],"wp:attachment":[{"href":"https:\/\/gymupstore.cl\/index.php\/wp-json\/wp\/v2\/media?parent=13017"}],"wp:term":[{"taxonomy":"location","embeddable":true,"href":"https:\/\/gymupstore.cl\/index.php\/wp-json\/wp\/v2\/location?post=13017"},{"taxonomy":"product_cat","embeddable":true,"href":"https:\/\/gymupstore.cl\/index.php\/wp-json\/wp\/v2\/product_cat?post=13017"},{"taxonomy":"product_tag","embeddable":true,"href":"https:\/\/gymupstore.cl\/index.php\/wp-json\/wp\/v2\/product_tag?post=13017"}],"curies":[{"name":"wp","href":"https:\/\/api.w.org\/{rel}","templated":true}]}}