{"id":12895,"date":"2025-01-06T18:46:58","date_gmt":"2025-01-06T21:46:58","guid":{"rendered":"https:\/\/gymupstore.cl\/?post_type=product&#038;p=12895"},"modified":"2026-04-02T15:44:30","modified_gmt":"2026-04-02T18:44:30","slug":"protonic-bebida-isotonica-600-ml-variedades","status":"publish","type":"product","link":"https:\/\/gymupstore.cl\/index.php\/producto\/protonic-bebida-isotonica-600-ml-variedades\/","title":{"rendered":"Protonic Bebida Isot\u00f3nica 600 ml | Variedades"},"content":{"rendered":"<p>ProTonic Bebida Isot\u00f3nica 600ml, la nueva Bebida Isot\u00f3nica de Winkler Nutrition, es una f\u00f3rmula ideada con ingredientes de alta calidad, entre ellos, Agua y una combinaci\u00f3n de nutrientes claves que act\u00faan de manera sin\u00e9rgica para optimizar el bienestar y mejorar el rendimiento f\u00edsico.<\/p>\n<p>La nueva Bebida Isot\u00f3nica de Winkler Nutrition est\u00e1 dise\u00f1ada especialmente para deportistas con el fin de mantener un estado de hidrataci\u00f3n durante el ejercicio, mejorando el rendimiento deportivo y evitando la fatiga muscular. De esta forma, ProTonic se convierte en un aliado imprescindible para optimizar el rendimiento deportivo en la mayor\u00eda de los deportes, especialmente en disciplinas de resistencia como Running, Ciclismo o Triatl\u00f3n.<\/p>\n<p><strong>\u00bfPor qu\u00e9 elegir ProTonic como la hidrataci\u00f3n para tu deporte favorito?<\/strong><\/p>\n<p>Muchos deportistas y personas que disfrutan hacer actividad f\u00edsica, especialmente los que practican deportes de resistencia, utilizan como fuente energ\u00e9tica los carbohidratos. Por esta raz\u00f3n, es de vital importancia que cuenten con reservas suficientes de Gluc\u00f3geno muscular y un r\u00e1pido acceso a fuentes de carbohidratos simples para poder tener un buen desempe\u00f1o deportivo. De esta forma, evitan el agotamiento de su principal fuente energ\u00e9tica. Winkler Nutrition desarroll\u00f3 la nueva f\u00f3rmula de ProTonic con el fin de evitar una baja del rendimiento deportivo entreg\u00e1ndole al deportista los nutrientes necesarios para poder llevar al m\u00e1ximo sus capacidades f\u00edsicas. Estos nutrientes son principalmente: Agua, Glucosa, Vitaminas y electrolitos.<\/p>\n<p><strong>Nutrientes en ProTonic<\/strong><\/p>\n<p>ProTonic posee como ingrediente principal Agua, la cual es esencial para rehidratar el organismo. Es importante destacar que, sin bien el agua es esencial, no s\u00f3lo necesitamos agua para rehidratar, sino que necesitamos todos los electrolitos que se pierden con el sudor. Los que, si llegan a sufrir un desbalance, podr\u00edan provocar fatiga o calambre muscular, afectando de manera directa el rendimiento deportivo.<\/p>\n<p>La Glucosa presente en la Bebida Isot\u00f3nica de Winkler Nutrition es un carbohidrato de r\u00e1pida absorci\u00f3n que cumple la funci\u00f3n de ser un combustible que otorga energ\u00eda inmediata para el deportista, evitando la generaci\u00f3n de fatiga y calambres musculares producto del agotamiento de reservas de Gluc\u00f3geno muscular.<\/p>\n<p>&nbsp;<\/p>\n<p>Los electrolitos presentes en la Bebida Isot\u00f3nica de Winkler Nutrition est\u00e1n destinados a la reposici\u00f3n de estos componentes que se pierden por el sudor. De esta manera, al tener una completa e inmediata reposici\u00f3n de ellos, se logra evitar un deterioro en el rendimiento por estas causas.<\/p>\n<p>ProTonic tambi\u00e9n posee adici\u00f3n de vitaminas en su composici\u00f3n como la Vitamina C, y del complejo B (B3, B6 y B12). Estas vitaminas contribuir\u00e1n a la recuperaci\u00f3n del deportista y a mantener los niveles adecuados de estas sustancias en el organismo para evitar un deterioro en el desempe\u00f1o deportivo y optimizar la recuperaci\u00f3n muscular.<\/p>\n<p>ProTonic es la bebida ideal para que puedas rendir al m\u00e1ximo en las actividades deportivas para obtener el mejor desempe\u00f1o y evitar los malestares o riesgos que podr\u00eda provocar una deshidrataci\u00f3n. \u00a1La bebida isot\u00f3nica de Winkler Nutrition es un excelente aliado en tu vida deportiva y llena de energ\u00eda!<\/p>\n","protected":false},"excerpt":{"rendered":"<ul>\n<li>Vitamina C, y del complejo B (B3, B6 y B12)<\/li>\n<li>Estado de hidrataci\u00f3n durante el ejercicio<\/li>\n<li>Mejora el rendimiento deportivo<\/li>\n<li>Evita la fatiga muscular<\/li>\n<\/ul>\n<p>Formato: L\u00edquido (Ready to drink)<\/p>\n","protected":false},"featured_media":12898,"comment_status":"open","ping_status":"closed","template":"","meta":[],"location":[495],"product_cat":[182,161],"product_tag":[],"locations":[{"id":495,"name":"PMC","slug":"gymupstore-pmc","quantity":""}],"_links":{"self":[{"href":"https:\/\/gymupstore.cl\/index.php\/wp-json\/wp\/v2\/product\/12895"}],"collection":[{"href":"https:\/\/gymupstore.cl\/index.php\/wp-json\/wp\/v2\/product"}],"about":[{"href":"https:\/\/gymupstore.cl\/index.php\/wp-json\/wp\/v2\/types\/product"}],"replies":[{"embeddable":true,"href":"https:\/\/gymupstore.cl\/index.php\/wp-json\/wp\/v2\/comments?post=12895"}],"wp:featuredmedia":[{"embeddable":true,"href":"https:\/\/gymupstore.cl\/index.php\/wp-json\/wp\/v2\/media\/12898"}],"wp:attachment":[{"href":"https:\/\/gymupstore.cl\/index.php\/wp-json\/wp\/v2\/media?parent=12895"}],"wp:term":[{"taxonomy":"location","embeddable":true,"href":"https:\/\/gymupstore.cl\/index.php\/wp-json\/wp\/v2\/location?post=12895"},{"taxonomy":"product_cat","embeddable":true,"href":"https:\/\/gymupstore.cl\/index.php\/wp-json\/wp\/v2\/product_cat?post=12895"},{"taxonomy":"product_tag","embeddable":true,"href":"https:\/\/gymupstore.cl\/index.php\/wp-json\/wp\/v2\/product_tag?post=12895"}],"curies":[{"name":"wp","href":"https:\/\/api.w.org\/{rel}","templated":true}]}}