{"id":12665,"date":"2024-12-17T14:33:32","date_gmt":"2024-12-17T17:33:32","guid":{"rendered":"https:\/\/gymupstore.cl\/?post_type=product&#038;p=12665"},"modified":"2026-04-02T15:48:46","modified_gmt":"2026-04-02T18:48:46","slug":"ascenso","status":"publish","type":"product","link":"https:\/\/gymupstore.cl\/index.php\/producto\/ascenso\/","title":{"rendered":"Ascenso &#8211; Byron Harald Herz"},"content":{"rendered":"<p>El Ragnar\u00f6k ha llegado a Midgard, y sobre los hombros de Vyrn Haraldsson recae una carga tan pesada como el destino mismo. Marcado por una extra\u00f1a enfermedad que amenaza con consumirlo, este guerrero se ve obligado a abandonar su hogar en busca de respuestas.<\/p>\n<p>Su viaje no es solo uno de supervivencia; es una lucha por restaurar el equilibrio de un mundo al borde del colapso, en una aventura digna de ser narrada en los salones del Valhalla.<\/p>\n<blockquote><p>Conoce m\u00e1s detr\u00e1s de la historia <span style=\"color: #008000;\"><strong><a style=\"color: #008000;\" href=\"https:\/\/gymupstore.cl\/index.php\/ascenso\/\" target=\"_blank\" rel=\"noopener\">aqu\u00ed<\/a><\/strong><\/span><span style=\"color: #000000;\">.<\/span><\/p><\/blockquote>\n<p><img class=\"alignnone  wp-image-13476\" src=\"https:\/\/gymupstore.cl\/wp-content\/uploads\/2024\/12\/Render_Mockup_4000_4000_2025-08-22-6.png\" alt=\"\" width=\"501\" height=\"501\" srcset=\"https:\/\/gymupstore.cl\/wp-content\/uploads\/2024\/12\/Render_Mockup_4000_4000_2025-08-22-6-150x150.png 150w, https:\/\/gymupstore.cl\/wp-content\/uploads\/2024\/12\/Render_Mockup_4000_4000_2025-08-22-6-300x300.png 300w, https:\/\/gymupstore.cl\/wp-content\/uploads\/2024\/12\/Render_Mockup_4000_4000_2025-08-22-6-768x768.png 768w, https:\/\/gymupstore.cl\/wp-content\/uploads\/2024\/12\/Render_Mockup_4000_4000_2025-08-22-6-1024x1024.png 1024w, https:\/\/gymupstore.cl\/wp-content\/uploads\/2024\/12\/Render_Mockup_4000_4000_2025-08-22-6-1536x1536.png 1536w, https:\/\/gymupstore.cl\/wp-content\/uploads\/2024\/12\/Render_Mockup_4000_4000_2025-08-22-6.png 4000w\" sizes=\"(max-width: 501px) 100vw, 501px\" \/><img class=\"wp-image-12674 alignnone\" src=\"https:\/\/gymupstore.cl\/wp-content\/uploads\/2024\/12\/Marcapaginas-Ascenso-PNG.png\" alt=\"\" width=\"122\" height=\"501\" srcset=\"https:\/\/gymupstore.cl\/wp-content\/uploads\/2024\/12\/Marcapaginas-Ascenso-PNG-73x300.png 73w, https:\/\/gymupstore.cl\/wp-content\/uploads\/2024\/12\/Marcapaginas-Ascenso-PNG-200x821.png 200w, https:\/\/gymupstore.cl\/wp-content\/uploads\/2024\/12\/Marcapaginas-Ascenso-PNG.png 249w\" sizes=\"(max-width: 122px) 100vw, 122px\" \/><\/p>\n<p><img class=\"alignnone  wp-image-13488\" src=\"https:\/\/gymupstore.cl\/wp-content\/uploads\/2024\/12\/Render_Mockup_4000_4000_2025-08-27-5.png\" alt=\"\" width=\"1203\" height=\"1203\" srcset=\"https:\/\/gymupstore.cl\/wp-content\/uploads\/2024\/12\/Render_Mockup_4000_4000_2025-08-27-5-150x150.png 150w, https:\/\/gymupstore.cl\/wp-content\/uploads\/2024\/12\/Render_Mockup_4000_4000_2025-08-27-5-300x300.png 300w, https:\/\/gymupstore.cl\/wp-content\/uploads\/2024\/12\/Render_Mockup_4000_4000_2025-08-27-5-768x768.png 768w, https:\/\/gymupstore.cl\/wp-content\/uploads\/2024\/12\/Render_Mockup_4000_4000_2025-08-27-5-1024x1024.png 1024w, https:\/\/gymupstore.cl\/wp-content\/uploads\/2024\/12\/Render_Mockup_4000_4000_2025-08-27-5-1536x1536.png 1536w, https:\/\/gymupstore.cl\/wp-content\/uploads\/2024\/12\/Render_Mockup_4000_4000_2025-08-27-5.png 4000w\" sizes=\"(max-width: 1203px) 100vw, 1203px\" \/><\/p>\n","protected":false},"excerpt":{"rendered":"<blockquote><p>Marcap\u00e1ginas de regalo<\/p>\n<p>Env\u00edos por Chilexpress 30% descuento<\/p><\/blockquote>\n<ul>\n<li>Formato: Libro F\u00edsico<\/li>\n<li>Autor: Byron Harald Herz<\/li>\n<li>Editorial: Roll4Us<\/li>\n<li>A\u00f1o: 2024<\/li>\n<li>Idioma: Espa\u00f1ol<\/li>\n<li>N\u00b0 P\u00e1ginas: 138<\/li>\n<li>Encuadernaci\u00f3n: Tapa Blanda<\/li>\n<li>Dimensiones: 21 x 14 cm<\/li>\n<li>ISBN: 9789564202181<\/li>\n<li>Categor\u00edas: Fantas\u00eda \u00c9pica \/ Mitol\u00f3gica<\/li>\n<li>Detalle Edici\u00f3n: Esta es la <strong data-start=\"165\" data-end=\"184\">primera edici\u00f3n<\/strong> del libro, la cual presenta un <strong data-start=\"216\" data-end=\"257\">peque\u00f1o detalle en la solapa interior<\/strong>: las \u00faltimas letras de algunas l\u00edneas en la biograf\u00eda del autor no se imprimieron completamente debido a un <strong data-start=\"366\" data-end=\"406\">desajuste en el proceso de impresi\u00f3n<\/strong>. Este error no afecta el contenido principal de la obra.<\/li>\n<\/ul>\n<p>&#8220;Este detalle convierte esta edici\u00f3n en una versi\u00f3n \u00fanica para coleccionistas.&#8221;<\/p>\n<ul>\n<li>Conoce m\u00e1s detr\u00e1s de la historia<span style=\"color: #008000;\"><strong> <a style=\"color: #008000;\" href=\"https:\/\/gymupstore.cl\/index.php\/ascenso\/\" target=\"_blank\" rel=\"noopener\">aqu\u00ed<\/a><\/strong><\/span>.<\/li>\n<\/ul>\n","protected":false},"featured_media":12666,"comment_status":"open","ping_status":"closed","template":"","meta":[],"location":[495],"product_cat":[825,826,781,37,782,496],"product_tag":[],"locations":[{"id":495,"name":"PMC","slug":"gymupstore-pmc","quantity":"85"}],"_links":{"self":[{"href":"https:\/\/gymupstore.cl\/index.php\/wp-json\/wp\/v2\/product\/12665"}],"collection":[{"href":"https:\/\/gymupstore.cl\/index.php\/wp-json\/wp\/v2\/product"}],"about":[{"href":"https:\/\/gymupstore.cl\/index.php\/wp-json\/wp\/v2\/types\/product"}],"replies":[{"embeddable":true,"href":"https:\/\/gymupstore.cl\/index.php\/wp-json\/wp\/v2\/comments?post=12665"}],"wp:featuredmedia":[{"embeddable":true,"href":"https:\/\/gymupstore.cl\/index.php\/wp-json\/wp\/v2\/media\/12666"}],"wp:attachment":[{"href":"https:\/\/gymupstore.cl\/index.php\/wp-json\/wp\/v2\/media?parent=12665"}],"wp:term":[{"taxonomy":"location","embeddable":true,"href":"https:\/\/gymupstore.cl\/index.php\/wp-json\/wp\/v2\/location?post=12665"},{"taxonomy":"product_cat","embeddable":true,"href":"https:\/\/gymupstore.cl\/index.php\/wp-json\/wp\/v2\/product_cat?post=12665"},{"taxonomy":"product_tag","embeddable":true,"href":"https:\/\/gymupstore.cl\/index.php\/wp-json\/wp\/v2\/product_tag?post=12665"}],"curies":[{"name":"wp","href":"https:\/\/api.w.org\/{rel}","templated":true}]}}