{"id":12657,"date":"2024-12-16T22:44:03","date_gmt":"2024-12-17T01:44:03","guid":{"rendered":"https:\/\/gymupstore.cl\/?post_type=product&#038;p=12657"},"modified":"2025-01-14T16:28:42","modified_gmt":"2025-01-14T19:28:42","slug":"nac-l-cistepina-n-acetyl-cysteine-600-mg-100-capsulas-100-servicios","status":"publish","type":"product","link":"https:\/\/gymupstore.cl\/index.php\/producto\/nac-l-cistepina-n-acetyl-cysteine-600-mg-100-capsulas-100-servicios\/","title":{"rendered":"NAC L Cistepina (N Acetyl Cyste\u00edne) 600 mg | 100 capsulas (100 servicios)"},"content":{"rendered":"<p>L-Ciste\u00edna NAC de Winkler Nutrition, al ser consumida diariamente (1 c\u00e1psula) aumenta los niveles de glutati\u00f3n, lo que disminuye el estr\u00e9s oxidativo. Protege de elementos t\u00f3xicos como el tabaco, el alcohol, radiaci\u00f3n ambiental, entre otros. L-Ciste\u00edna NAC protege de lesiones hep\u00e1ticas causadas por estos motivos, incluso por f\u00e1rmacos como el paracetamol, acelerando nuestra recuperaci\u00f3n y restaurando el equilibrio antioxidante en nuestro organismo. Logrando tambi\u00e9n un efecto de retraso del envejecimiento o antiaging.<\/p>\n<p>La N Acetil Ciste\u00edna ha demostrado reducir la fatiga muscular debido a su actividad antioxidante y a la optimizaci\u00f3n celular que logra en la contracci\u00f3n muscular. Reduce la inflamaci\u00f3n muscular, acelera la recuperaci\u00f3n, fomenta la oxidaci\u00f3n de las grasas y mejora alteraciones de tipo articular.<\/p>\n<p>En el mundo femenino, causa inter\u00e9s por su alto nivel en la estabilizaci\u00f3n de la estructura de las prote\u00ednas. Contribuyendo as\u00ed en la formaci\u00f3n end\u00f3gena del col\u00e1geno. Potenciando el tejido residual, como la piel, el cabello y las u\u00f1as.<\/p>\n<p>En usos terap\u00e9uticos, la L-Ciste\u00edna reduce el riesgo de padecer algunos tipos de c\u00e1ncer, algunas afecciones cardiacas, e infecciones. Y mejora los efectos secundarios, provocados por consecuencia del uso de otros f\u00e1rmacos para los tratamientos a estas patolog\u00edas.<\/p>\n<h4><strong>Mucho m\u00e1s que antioxidante<\/strong><\/h4>\n<p>Dentro de sus cualidades protectoras en el aparato respiratorio, act\u00faa como un poderoso mucol\u00edtico, raz\u00f3n por la cual se usa como componente en una gran variedad de medicamentos. Disminuye la viscosidad, promoviendo la fluidez de la mucosa. Fomentando as\u00ed la expectoraci\u00f3n. Facilitando as\u00ed la recuperaci\u00f3n de muchas infecciones y enfermedades pulmonares y\/o respiratorias, como la bronquitis, enfisemas, etc.<\/p>\n<p>La dosis como ayuda ergog\u00e9nica recomendada es de 20mg\/Kg\/d\u00eda. Y en dosis de 600mg. Se recomienda consumir con el estomago vac\u00edo (en ayunas), ya que puede reducir la biodisponibilidad de algunos minerales. Tomar una c\u00e1psula dos horas antes, o dos horas despu\u00e9s de comer, acompa\u00f1ado de abundante l\u00edquido. Para efecto Hangover Off, tomar dos c\u00e1psulas antes de dormir, o lo recomendado por su nutricionista.<\/p>\n","protected":false},"excerpt":{"rendered":"<ul>\n<li>Protector hep\u00e1tico<\/li>\n<li>Recupera de los efectos del hangover<\/li>\n<li>600 mg de L-Ciste\u00edna<\/li>\n<li>N Acetyl Cysteine<\/li>\n<li>Repone el glutati\u00f3n<\/li>\n<li>Ayuda a prevenir el da\u00f1o renal y hep\u00e1tico<\/li>\n<li>Puede ayudar a combatir adicciones<\/li>\n<li>Ayuda a aliviar s\u00edntomas de enfermedades respiratorias<\/li>\n<\/ul>\n","protected":false},"featured_media":12659,"comment_status":"open","ping_status":"closed","template":"","meta":[],"location":[495],"product_cat":[766,776,32,161],"product_tag":[],"locations":[{"id":495,"name":"PMC","slug":"gymupstore-pmc","quantity":"1"}],"_links":{"self":[{"href":"https:\/\/gymupstore.cl\/index.php\/wp-json\/wp\/v2\/product\/12657"}],"collection":[{"href":"https:\/\/gymupstore.cl\/index.php\/wp-json\/wp\/v2\/product"}],"about":[{"href":"https:\/\/gymupstore.cl\/index.php\/wp-json\/wp\/v2\/types\/product"}],"replies":[{"embeddable":true,"href":"https:\/\/gymupstore.cl\/index.php\/wp-json\/wp\/v2\/comments?post=12657"}],"wp:featuredmedia":[{"embeddable":true,"href":"https:\/\/gymupstore.cl\/index.php\/wp-json\/wp\/v2\/media\/12659"}],"wp:attachment":[{"href":"https:\/\/gymupstore.cl\/index.php\/wp-json\/wp\/v2\/media?parent=12657"}],"wp:term":[{"taxonomy":"location","embeddable":true,"href":"https:\/\/gymupstore.cl\/index.php\/wp-json\/wp\/v2\/location?post=12657"},{"taxonomy":"product_cat","embeddable":true,"href":"https:\/\/gymupstore.cl\/index.php\/wp-json\/wp\/v2\/product_cat?post=12657"},{"taxonomy":"product_tag","embeddable":true,"href":"https:\/\/gymupstore.cl\/index.php\/wp-json\/wp\/v2\/product_tag?post=12657"}],"curies":[{"name":"wp","href":"https:\/\/api.w.org\/{rel}","templated":true}]}}