{"id":12654,"date":"2024-12-16T22:39:43","date_gmt":"2024-12-17T01:39:43","guid":{"rendered":"https:\/\/gymupstore.cl\/?post_type=product&#038;p=12654"},"modified":"2025-07-07T22:32:08","modified_gmt":"2025-07-08T01:32:08","slug":"melena-de-leon-500-mg-60-capsulas-30-servicios","status":"publish","type":"product","link":"https:\/\/gymupstore.cl\/index.php\/producto\/melena-de-leon-500-mg-60-capsulas-30-servicios\/","title":{"rendered":"Melena de Le\u00f3n 500 mg | 60 c\u00e1psulas (30 servicios)"},"content":{"rendered":"<p>La Melena de le\u00f3n 60 c\u00e1psulas de Winkler Nutrition, tambi\u00e9n conocida como Hericium Erinaceus, es un tipo de hongo comestible, con diversas propiedades beneficiosas para complementar nuestra salud. Sus principales cualidades se encuentran en el cuerpo fruct\u00edfero y en sus micelas.<\/p>\n<p>Es un hongo tradicionalmente utilizado en la medicina herbaria puesto que presenta una gran cantidad de principios activos; tales como: compuestos arom\u00e1ticos, glucanos, fenoles, erinacinas, alcaloides y lactonas.<\/p>\n<p>Estos componentes bioactivos tienen acciones de antioxidantes, antimicrobianos, anti inflamatorios, promotores de la salud mental y de la calidad del sue\u00f1o. Los m\u00faltiples beneficios que entrega el suplemento, melena de le\u00f3n de Winkler Nutrition, lo categoriza como un complemento del d\u00eda a d\u00eda.<\/p>\n<p><strong>\u00bfPor qu\u00e9 Melena de Le\u00f3n?<\/strong><\/p>\n<p>El estr\u00e9s oxidativo es un factor clave en las patolog\u00edas neurodegenerativas e inflamatorias, debido a la acumulaci\u00f3n de especies reactivas de ox\u00edgeno (ROS), desencadena adem\u00e1s de una reacci\u00f3n de las citoquinas, un aumento del estr\u00e9s oxidativo y la interrupci\u00f3n del homeostasis \u00f3xido-reducci\u00f3n.<\/p>\n<p>La Melena de le\u00f3n contiene antioxidantes, antiinflamatorios, e inmunoestimuladores naturales que inhiben la formaci\u00f3n de radicales libres, controlando los par\u00e1metros de estr\u00e9s oxidativo y entregando efectos protectores para la salud.<\/p>\n<p>Por otro lado, el consumo de melena de le\u00f3n tiene una acci\u00f3n a nivel neurocognitivo, de modo que estar\u00eda correlacionado a una disminuci\u00f3n de la ansiedad, frustraci\u00f3n, estr\u00e9s y fatiga mental, adem\u00e1s de mejorar los trastornos del sue\u00f1o.<\/p>\n<p>Otros beneficios que presenta el suplemento: antimicrobiano y protectores de la microbiota intestinal.<\/p>\n<p><strong><u>Dosis:<\/u><\/strong><\/p>\n<p>Se aconseja el uso 2 c\u00e1psulas al d\u00eda para alcanzar 500 mg del compuesto activo. Se sugiere consultar con el nutricionista o doctor cargo, antes de consumir.<\/p>\n<p><strong><u>Recomendaciones:<\/u><\/strong><\/p>\n<ul>\n<li>No es recomendado para menores de 8 a\u00f1os, embarazadas y nodrizas.<\/li>\n<li>Es apto para vegetarianos y veganos.<\/li>\n<\/ul>\n","protected":false},"excerpt":{"rendered":"<ul>\n<li>Hericium Erinaceus<\/li>\n<li>Hongo comestible<\/li>\n<li>Efecto antioxidante, antimicrobiano y antiinflamatorio<\/li>\n<li>Salud mental y la calidad del sue\u00f1o<\/li>\n<\/ul>\n","protected":false},"featured_media":12656,"comment_status":"open","ping_status":"closed","template":"","meta":[],"location":[495],"product_cat":[777,766,770,32,765,161],"product_tag":[],"locations":[{"id":495,"name":"PMC","slug":"gymupstore-pmc","quantity":"3"}],"_links":{"self":[{"href":"https:\/\/gymupstore.cl\/index.php\/wp-json\/wp\/v2\/product\/12654"}],"collection":[{"href":"https:\/\/gymupstore.cl\/index.php\/wp-json\/wp\/v2\/product"}],"about":[{"href":"https:\/\/gymupstore.cl\/index.php\/wp-json\/wp\/v2\/types\/product"}],"replies":[{"embeddable":true,"href":"https:\/\/gymupstore.cl\/index.php\/wp-json\/wp\/v2\/comments?post=12654"}],"wp:featuredmedia":[{"embeddable":true,"href":"https:\/\/gymupstore.cl\/index.php\/wp-json\/wp\/v2\/media\/12656"}],"wp:attachment":[{"href":"https:\/\/gymupstore.cl\/index.php\/wp-json\/wp\/v2\/media?parent=12654"}],"wp:term":[{"taxonomy":"location","embeddable":true,"href":"https:\/\/gymupstore.cl\/index.php\/wp-json\/wp\/v2\/location?post=12654"},{"taxonomy":"product_cat","embeddable":true,"href":"https:\/\/gymupstore.cl\/index.php\/wp-json\/wp\/v2\/product_cat?post=12654"},{"taxonomy":"product_tag","embeddable":true,"href":"https:\/\/gymupstore.cl\/index.php\/wp-json\/wp\/v2\/product_tag?post=12654"}],"curies":[{"name":"wp","href":"https:\/\/api.w.org\/{rel}","templated":true}]}}