{"id":12650,"date":"2024-12-16T22:17:32","date_gmt":"2024-12-17T01:17:32","guid":{"rendered":"https:\/\/gymupstore.cl\/?post_type=product&#038;p=12650"},"modified":"2026-03-31T16:25:08","modified_gmt":"2026-03-31T19:25:08","slug":"multivitaminico-re-vitta-multivitamin-60-caps-30-servicios","status":"publish","type":"product","link":"https:\/\/gymupstore.cl\/index.php\/producto\/multivitaminico-re-vitta-multivitamin-60-caps-30-servicios\/","title":{"rendered":"Multivitam\u00ednico Re-Vitta Multivitamin | 60 caps (30 servicios)"},"content":{"rendered":"<p>Revitta Multivitamin es un suplemento con un elevado aporte de vitaminas y minerales, el cual busca completar nuestras necesidades diarias de estos micronutrientes y\/o satisfacer las mayores demandas de estos cuando realizamos ejercicio y\/o deporte. Es un suplemento elaborado para hombres y mujeres que diariamente someten su cuerpo al estr\u00e9s que provoca el ejercicio, ayud\u00e1ndolos a trav\u00e9s de su consumo a mejorar sus niveles de energ\u00eda, recuperaci\u00f3n, concentraci\u00f3n, y funci\u00f3n inmune.<\/p>\n","protected":false},"excerpt":{"rendered":"<ul>\n<li>Potenciar sistema inmune<\/li>\n<li>Mejora niveles de energ\u00eda diarios<\/li>\n<li>Mejora capacidades cognitivas<\/li>\n<li>Recuperaci\u00f3n<\/li>\n<\/ul>\n","protected":false},"featured_media":12653,"comment_status":"open","ping_status":"closed","template":"","meta":[],"location":[495],"product_cat":[32,767,161],"product_tag":[],"locations":[{"id":495,"name":"PMC","slug":"gymupstore-pmc","quantity":"4"}],"_links":{"self":[{"href":"https:\/\/gymupstore.cl\/index.php\/wp-json\/wp\/v2\/product\/12650"}],"collection":[{"href":"https:\/\/gymupstore.cl\/index.php\/wp-json\/wp\/v2\/product"}],"about":[{"href":"https:\/\/gymupstore.cl\/index.php\/wp-json\/wp\/v2\/types\/product"}],"replies":[{"embeddable":true,"href":"https:\/\/gymupstore.cl\/index.php\/wp-json\/wp\/v2\/comments?post=12650"}],"wp:featuredmedia":[{"embeddable":true,"href":"https:\/\/gymupstore.cl\/index.php\/wp-json\/wp\/v2\/media\/12653"}],"wp:attachment":[{"href":"https:\/\/gymupstore.cl\/index.php\/wp-json\/wp\/v2\/media?parent=12650"}],"wp:term":[{"taxonomy":"location","embeddable":true,"href":"https:\/\/gymupstore.cl\/index.php\/wp-json\/wp\/v2\/location?post=12650"},{"taxonomy":"product_cat","embeddable":true,"href":"https:\/\/gymupstore.cl\/index.php\/wp-json\/wp\/v2\/product_cat?post=12650"},{"taxonomy":"product_tag","embeddable":true,"href":"https:\/\/gymupstore.cl\/index.php\/wp-json\/wp\/v2\/product_tag?post=12650"}],"curies":[{"name":"wp","href":"https:\/\/api.w.org\/{rel}","templated":true}]}}