{"id":12647,"date":"2024-12-16T19:55:21","date_gmt":"2024-12-16T22:55:21","guid":{"rendered":"https:\/\/gymupstore.cl\/?post_type=product&#038;p=12647"},"modified":"2025-09-29T21:40:44","modified_gmt":"2025-09-30T00:40:44","slug":"l-carnitina-liquida-carnifit-shot-pina-500-ml","status":"publish","type":"product","link":"https:\/\/gymupstore.cl\/index.php\/producto\/l-carnitina-liquida-carnifit-shot-pina-500-ml\/","title":{"rendered":"L Carnitina Liquida CarniFit Shot Pi\u00f1a 500 ml"},"content":{"rendered":"<p>L-Carnitina l\u00edquida CarniFit Shot 500 ml de Winkler Nutrition es un dip\u00e9ptido (dos amino\u00e1cidos) que se encuentran principalmente en nuestra masa muscular, dentro de sus funciones, la m\u00e1s importante es facilitar el transporte de \u00e1cidos grasos hacia el interior de la mitocondria, favoreciendo la oxidaci\u00f3n de estos \u00e1cidos grasos, obteniendo una mayor cantidad de energ\u00eda a trav\u00e9s de las grasas de dep\u00f3sitos durante este proceso, lo que conlleva a una mayor utilizaci\u00f3n de estos l\u00edpidos de reserva durante el ejercicio.<\/p>\n","protected":false},"excerpt":{"rendered":"<ul>\n<li>L-Carnitina l\u00edquida<\/li>\n<li>Participa en la conversi\u00f3n de grasa a energ\u00eda<\/li>\n<li>Sabor Pi\u00f1a<\/li>\n<\/ul>\n","protected":false},"featured_media":12649,"comment_status":"open","ping_status":"closed","template":"","meta":[],"location":[495],"product_cat":[30,27,161],"product_tag":[],"locations":[{"id":495,"name":"PMC","slug":"gymupstore-pmc","quantity":"2"}],"_links":{"self":[{"href":"https:\/\/gymupstore.cl\/index.php\/wp-json\/wp\/v2\/product\/12647"}],"collection":[{"href":"https:\/\/gymupstore.cl\/index.php\/wp-json\/wp\/v2\/product"}],"about":[{"href":"https:\/\/gymupstore.cl\/index.php\/wp-json\/wp\/v2\/types\/product"}],"replies":[{"embeddable":true,"href":"https:\/\/gymupstore.cl\/index.php\/wp-json\/wp\/v2\/comments?post=12647"}],"wp:featuredmedia":[{"embeddable":true,"href":"https:\/\/gymupstore.cl\/index.php\/wp-json\/wp\/v2\/media\/12649"}],"wp:attachment":[{"href":"https:\/\/gymupstore.cl\/index.php\/wp-json\/wp\/v2\/media?parent=12647"}],"wp:term":[{"taxonomy":"location","embeddable":true,"href":"https:\/\/gymupstore.cl\/index.php\/wp-json\/wp\/v2\/location?post=12647"},{"taxonomy":"product_cat","embeddable":true,"href":"https:\/\/gymupstore.cl\/index.php\/wp-json\/wp\/v2\/product_cat?post=12647"},{"taxonomy":"product_tag","embeddable":true,"href":"https:\/\/gymupstore.cl\/index.php\/wp-json\/wp\/v2\/product_tag?post=12647"}],"curies":[{"name":"wp","href":"https:\/\/api.w.org\/{rel}","templated":true}]}}