{"id":12476,"date":"2024-11-12T21:20:57","date_gmt":"2024-11-13T00:20:57","guid":{"rendered":"https:\/\/gymupstore.cl\/?post_type=product&#038;p=12476"},"modified":"2025-07-31T18:18:18","modified_gmt":"2025-07-31T21:18:18","slug":"bcaa-211-457-gr-ultimate-nutrition-60-servicios","status":"publish","type":"product","link":"https:\/\/gymupstore.cl\/index.php\/producto\/bcaa-211-457-gr-ultimate-nutrition-60-servicios\/","title":{"rendered":"BCAA 2:1:1 457 gr Ultimate Nutrition | 60 servicios"},"content":{"rendered":"<p>Los BCAA son amino\u00e1cidos esenciales (L-Valina, L-Leucina e L-Isoleucina) que constituyen cerca del 33% de la composici\u00f3n del m\u00fasculo. Durante la actividad f\u00edsica hay un fuerte desgaste de estos amino\u00e1cidos, por lo cual los amino\u00e1cidos ramificados o BCAA son fundamentales para lograr un \u00f3ptimo desarrollo muscular y evitar la p\u00e9rdida de masa muscular debido al impacto de la actividad f\u00edsica.<\/p>\n","protected":false},"excerpt":{"rendered":"<ul>\n<li>Durante la actividad f\u00edsica hay un fuerte desgaste de estos amino\u00e1cidos, por lo cual los amino\u00e1cidos ramificados o BCAA son fundamentales para lograr un \u00f3ptimo desarrollo muscular y evitar la p\u00e9rdida de masa muscular debido al impacto de la actividad f\u00edsica.<\/li>\n<li>Certificaciones del producto: Vegetal Brand<\/li>\n<\/ul>\n","protected":false},"featured_media":12472,"comment_status":"open","ping_status":"closed","template":"","meta":[],"location":[495],"product_cat":[30,533,191],"product_tag":[],"locations":[{"id":495,"name":"PMC","slug":"gymupstore-pmc","quantity":""}],"_links":{"self":[{"href":"https:\/\/gymupstore.cl\/index.php\/wp-json\/wp\/v2\/product\/12476"}],"collection":[{"href":"https:\/\/gymupstore.cl\/index.php\/wp-json\/wp\/v2\/product"}],"about":[{"href":"https:\/\/gymupstore.cl\/index.php\/wp-json\/wp\/v2\/types\/product"}],"replies":[{"embeddable":true,"href":"https:\/\/gymupstore.cl\/index.php\/wp-json\/wp\/v2\/comments?post=12476"}],"wp:featuredmedia":[{"embeddable":true,"href":"https:\/\/gymupstore.cl\/index.php\/wp-json\/wp\/v2\/media\/12472"}],"wp:attachment":[{"href":"https:\/\/gymupstore.cl\/index.php\/wp-json\/wp\/v2\/media?parent=12476"}],"wp:term":[{"taxonomy":"location","embeddable":true,"href":"https:\/\/gymupstore.cl\/index.php\/wp-json\/wp\/v2\/location?post=12476"},{"taxonomy":"product_cat","embeddable":true,"href":"https:\/\/gymupstore.cl\/index.php\/wp-json\/wp\/v2\/product_cat?post=12476"},{"taxonomy":"product_tag","embeddable":true,"href":"https:\/\/gymupstore.cl\/index.php\/wp-json\/wp\/v2\/product_tag?post=12476"}],"curies":[{"name":"wp","href":"https:\/\/api.w.org\/{rel}","templated":true}]}}