{"id":12468,"date":"2024-11-12T21:20:46","date_gmt":"2024-11-13T00:20:46","guid":{"rendered":"https:\/\/gymupstore.cl\/?post_type=product&#038;p=12468"},"modified":"2025-01-14T16:28:43","modified_gmt":"2025-01-14T19:28:43","slug":"eaa-hydration-nutrex-30-servicios","status":"publish","type":"product","link":"https:\/\/gymupstore.cl\/index.php\/producto\/eaa-hydration-nutrex-30-servicios\/","title":{"rendered":"EAA+ Hydration Nutrex | 30 servicios"},"content":{"rendered":"<p>Eleva tu rendimiento, maximiza la recuperaci\u00f3n y recarga energ\u00edas con EAA+ Hydration, la fusi\u00f3n definitiva de amino\u00e1cidos esenciales e hidrataci\u00f3n avanzada. Libera tu potencial con 5.6 g de 9 amino\u00e1cidos esenciales (EAAs) de los cuales 3.8 g es aportado por los BCAA.<\/p>\n","protected":false},"excerpt":{"rendered":"<ul>\n<li>Ayuda a mejorar la resistencia y la recuperaci\u00f3n muscular para obtener el m\u00e1ximo rendimiento deportivo.<\/li>\n<\/ul>\n","protected":false},"featured_media":12473,"comment_status":"open","ping_status":"closed","template":"","meta":[],"location":[495],"product_cat":[30,113,533],"product_tag":[],"locations":[{"id":495,"name":"PMC","slug":"gymupstore-pmc","quantity":""}],"_links":{"self":[{"href":"https:\/\/gymupstore.cl\/index.php\/wp-json\/wp\/v2\/product\/12468"}],"collection":[{"href":"https:\/\/gymupstore.cl\/index.php\/wp-json\/wp\/v2\/product"}],"about":[{"href":"https:\/\/gymupstore.cl\/index.php\/wp-json\/wp\/v2\/types\/product"}],"replies":[{"embeddable":true,"href":"https:\/\/gymupstore.cl\/index.php\/wp-json\/wp\/v2\/comments?post=12468"}],"wp:featuredmedia":[{"embeddable":true,"href":"https:\/\/gymupstore.cl\/index.php\/wp-json\/wp\/v2\/media\/12473"}],"wp:attachment":[{"href":"https:\/\/gymupstore.cl\/index.php\/wp-json\/wp\/v2\/media?parent=12468"}],"wp:term":[{"taxonomy":"location","embeddable":true,"href":"https:\/\/gymupstore.cl\/index.php\/wp-json\/wp\/v2\/location?post=12468"},{"taxonomy":"product_cat","embeddable":true,"href":"https:\/\/gymupstore.cl\/index.php\/wp-json\/wp\/v2\/product_cat?post=12468"},{"taxonomy":"product_tag","embeddable":true,"href":"https:\/\/gymupstore.cl\/index.php\/wp-json\/wp\/v2\/product_tag?post=12468"}],"curies":[{"name":"wp","href":"https:\/\/api.w.org\/{rel}","templated":true}]}}