{"id":12466,"date":"2024-11-12T20:11:28","date_gmt":"2024-11-12T23:11:28","guid":{"rendered":"https:\/\/gymupstore.cl\/?post_type=product&#038;p=12466"},"modified":"2025-01-14T16:33:24","modified_gmt":"2025-01-14T19:33:24","slug":"vitamina-e-400-ui-60-softgels-sunvit","status":"publish","type":"product","link":"https:\/\/gymupstore.cl\/index.php\/producto\/vitamina-e-400-ui-60-softgels-sunvit\/","title":{"rendered":"Vitamina E 400 UI 60 softgels Sunvit"},"content":{"rendered":"<p>Vitamin E 400IU de SunvitLife, es un producto que aporta 180 mg de vitamina E como DL-Alfa tocoferil acetato. Su consumo m\u00e1ximo de 2 c\u00e1psulas blandas al d\u00eda cubre el 72% respecto a la cantidad m\u00e1xima permitida de Vitamina E para suplementos alimentarios.<\/p>\n","protected":false},"excerpt":{"rendered":"<ul>\n<li>Aporta 180 mg de vitamina E.<\/li>\n<\/ul>\n<ul>\n<li>Vitamina E como DL-Alfa tocoferil acetato.<\/li>\n<\/ul>\n<ul>\n<li>Apoyo al organismo como antioxidante.<\/li>\n<\/ul>\n","protected":false},"featured_media":12465,"comment_status":"open","ping_status":"closed","template":"","meta":[],"location":[495],"product_cat":[32,111,767],"product_tag":[],"locations":[{"id":495,"name":"PMC","slug":"gymupstore-pmc","quantity":"1"}],"_links":{"self":[{"href":"https:\/\/gymupstore.cl\/index.php\/wp-json\/wp\/v2\/product\/12466"}],"collection":[{"href":"https:\/\/gymupstore.cl\/index.php\/wp-json\/wp\/v2\/product"}],"about":[{"href":"https:\/\/gymupstore.cl\/index.php\/wp-json\/wp\/v2\/types\/product"}],"replies":[{"embeddable":true,"href":"https:\/\/gymupstore.cl\/index.php\/wp-json\/wp\/v2\/comments?post=12466"}],"wp:featuredmedia":[{"embeddable":true,"href":"https:\/\/gymupstore.cl\/index.php\/wp-json\/wp\/v2\/media\/12465"}],"wp:attachment":[{"href":"https:\/\/gymupstore.cl\/index.php\/wp-json\/wp\/v2\/media?parent=12466"}],"wp:term":[{"taxonomy":"location","embeddable":true,"href":"https:\/\/gymupstore.cl\/index.php\/wp-json\/wp\/v2\/location?post=12466"},{"taxonomy":"product_cat","embeddable":true,"href":"https:\/\/gymupstore.cl\/index.php\/wp-json\/wp\/v2\/product_cat?post=12466"},{"taxonomy":"product_tag","embeddable":true,"href":"https:\/\/gymupstore.cl\/index.php\/wp-json\/wp\/v2\/product_tag?post=12466"}],"curies":[{"name":"wp","href":"https:\/\/api.w.org\/{rel}","templated":true}]}}