{"id":12459,"date":"2024-11-12T20:11:21","date_gmt":"2024-11-12T23:11:21","guid":{"rendered":"https:\/\/gymupstore.cl\/?post_type=product&#038;p=12459"},"modified":"2024-11-22T12:45:12","modified_gmt":"2024-11-22T15:45:12","slug":"b-complex-100-tabletas-sunvit","status":"publish","type":"product","link":"https:\/\/gymupstore.cl\/index.php\/producto\/b-complex-100-tabletas-sunvit\/","title":{"rendered":"B-Complex 100 tabletas Sunvit"},"content":{"rendered":"<p>Las vitaminas del complejo B en su conjunto participan como moduladores de la neurotransmisi\u00f3n a nivel cerebral mejorando la memoria y concentraci\u00f3n, adem\u00e1s intervienen en el metabolismo de los hidratos de carbono y las grasas.<\/p>\n","protected":false},"excerpt":{"rendered":"<ul>\n<li>Contribuye a fortalecer el sistema inmune<\/li>\n<li>Favorece la concentraci\u00f3n y memoria<\/li>\n<li>Contiene las 8 vitaminas del complejo B<\/li>\n<\/ul>\n","protected":false},"featured_media":12460,"comment_status":"open","ping_status":"closed","template":"","meta":[],"location":[495],"product_cat":[32,111,767],"product_tag":[],"locations":[{"id":495,"name":"PMC","slug":"gymupstore-pmc","quantity":"1"}],"_links":{"self":[{"href":"https:\/\/gymupstore.cl\/index.php\/wp-json\/wp\/v2\/product\/12459"}],"collection":[{"href":"https:\/\/gymupstore.cl\/index.php\/wp-json\/wp\/v2\/product"}],"about":[{"href":"https:\/\/gymupstore.cl\/index.php\/wp-json\/wp\/v2\/types\/product"}],"replies":[{"embeddable":true,"href":"https:\/\/gymupstore.cl\/index.php\/wp-json\/wp\/v2\/comments?post=12459"}],"wp:featuredmedia":[{"embeddable":true,"href":"https:\/\/gymupstore.cl\/index.php\/wp-json\/wp\/v2\/media\/12460"}],"wp:attachment":[{"href":"https:\/\/gymupstore.cl\/index.php\/wp-json\/wp\/v2\/media?parent=12459"}],"wp:term":[{"taxonomy":"location","embeddable":true,"href":"https:\/\/gymupstore.cl\/index.php\/wp-json\/wp\/v2\/location?post=12459"},{"taxonomy":"product_cat","embeddable":true,"href":"https:\/\/gymupstore.cl\/index.php\/wp-json\/wp\/v2\/product_cat?post=12459"},{"taxonomy":"product_tag","embeddable":true,"href":"https:\/\/gymupstore.cl\/index.php\/wp-json\/wp\/v2\/product_tag?post=12459"}],"curies":[{"name":"wp","href":"https:\/\/api.w.org\/{rel}","templated":true}]}}