{"id":12455,"date":"2024-11-12T16:45:31","date_gmt":"2024-11-12T19:45:31","guid":{"rendered":"https:\/\/gymupstore.cl\/?post_type=product&#038;p=12455"},"modified":"2025-09-18T01:00:55","modified_gmt":"2025-09-18T04:00:55","slug":"creatina-creathor-micronizada-natural-1-000-gr-200-servicios","status":"publish","type":"product","link":"https:\/\/gymupstore.cl\/index.php\/producto\/creatina-creathor-micronizada-natural-1-000-gr-200-servicios\/","title":{"rendered":"Creatina CreaThor Micronizada Natural 1.000 gr | 200 servicios"},"content":{"rendered":"<h4>Descripci\u00f3n y efectos.<\/h4>\n<p><strong>CreaThor<\/strong> est\u00e1 compuesto 100% por creatina monohidrato micronizada.<\/p>\n<p>La toma de creatina en forma de suplementaci\u00f3n aumenta la retenci\u00f3n de l\u00edquidos a nivel celular, aumentando tambi\u00e9n la percepci\u00f3n de masa magra, pero a su vez mejorando la permeabilidad muscular y la absorci\u00f3n de amino\u00e1cidos desde el torrente sangu\u00edneo hacia las c\u00e9lulas musculares.<\/p>\n<h4>Componentes de CreaThor:<\/h4>\n<ul>\n<li>Creatina Micronizada: permite mejorar el rendimiento f\u00edsico, potencia y aumentar la masa muscular en los atletas y los adultos mayores.<\/li>\n<\/ul>\n<h4>Ingesta Sugerida:<\/h4>\n<p>2 porciones diarias: antes y despu\u00e9s de entrenar o a cualquier hora del d\u00eda.<\/p>\n","protected":false},"excerpt":{"rendered":"<h4>Caracter\u00edsticas de CreaThor:<\/h4>\n<ul>\n<li>5 gr Creatina Monohidrato Micronizada por servicio<\/li>\n<li>200 servicios<\/li>\n<li>Natural Sin Sabor<\/li>\n<\/ul>\n","protected":false},"featured_media":12449,"comment_status":"open","ping_status":"closed","template":"","meta":[],"location":[495],"product_cat":[577,29,37],"product_tag":[],"locations":[{"id":495,"name":"PMC","slug":"gymupstore-pmc","quantity":"1"}],"_links":{"self":[{"href":"https:\/\/gymupstore.cl\/index.php\/wp-json\/wp\/v2\/product\/12455"}],"collection":[{"href":"https:\/\/gymupstore.cl\/index.php\/wp-json\/wp\/v2\/product"}],"about":[{"href":"https:\/\/gymupstore.cl\/index.php\/wp-json\/wp\/v2\/types\/product"}],"replies":[{"embeddable":true,"href":"https:\/\/gymupstore.cl\/index.php\/wp-json\/wp\/v2\/comments?post=12455"}],"wp:featuredmedia":[{"embeddable":true,"href":"https:\/\/gymupstore.cl\/index.php\/wp-json\/wp\/v2\/media\/12449"}],"wp:attachment":[{"href":"https:\/\/gymupstore.cl\/index.php\/wp-json\/wp\/v2\/media?parent=12455"}],"wp:term":[{"taxonomy":"location","embeddable":true,"href":"https:\/\/gymupstore.cl\/index.php\/wp-json\/wp\/v2\/location?post=12455"},{"taxonomy":"product_cat","embeddable":true,"href":"https:\/\/gymupstore.cl\/index.php\/wp-json\/wp\/v2\/product_cat?post=12455"},{"taxonomy":"product_tag","embeddable":true,"href":"https:\/\/gymupstore.cl\/index.php\/wp-json\/wp\/v2\/product_tag?post=12455"}],"curies":[{"name":"wp","href":"https:\/\/api.w.org\/{rel}","templated":true}]}}