{"id":12362,"date":"2024-10-10T18:26:29","date_gmt":"2024-10-10T21:26:29","guid":{"rendered":"https:\/\/gymupstore.cl\/?post_type=product&#038;p=12362"},"modified":"2025-06-06T14:10:35","modified_gmt":"2025-06-06T17:10:35","slug":"flexx-eaas-hydration-30-servicios","status":"publish","type":"product","link":"https:\/\/gymupstore.cl\/index.php\/producto\/flexx-eaas-hydration-30-servicios\/","title":{"rendered":"Flexx EAAs + Hydration | 30 servicios"},"content":{"rendered":"<div class=\"row item-row\">\n<div class=\"col-xs-24\">\n<div>\n<p>Matriz completa de amino\u00e1cidos y adapt\u00f3genos<\/p>\n<p>El suplemento Amino\u00e1cidos esenciales FLEXX aporta los 9\u00a0amino\u00e1cidos esenciales (EAA) para favorecer la s\u00edntesis de prote\u00ednas musculares, la preservaci\u00f3n de los m\u00fasculos y la resistencia y la recuperaci\u00f3n para el entrenamiento. Tambi\u00e9n contiene un complejo de electrolitos para reforzar la hidrataci\u00f3n y ginseng indio Sensoril\u00ae para favorecer la mitigaci\u00f3n del estr\u00e9s y la vitalidad.<\/p>\n<p>Aspectos destacados del producto:<\/p>\n<ul>\n<li>Proporci\u00f3n 2:1:1 de amino\u00e1cidos de cadena ramificada (BCAA).<\/li>\n<li>125\u00a0mg de Sensoril\u00ae.<\/li>\n<li>7\u00a0g de amino\u00e1cidos esenciales (EAA) totales.<\/li>\n<li>0\u00a0g de az\u00facar.<\/li>\n<\/ul>\n<\/div>\n<\/div>\n<\/div>\n<div class=\"row item-row\">\n<div class=\"col-xs-24\">\n<h3><strong>Uso sugerido<\/strong><\/h3>\n<div class=\"prodOverviewDetail\">Mezcle 1 cucharada medidora de EAA FLEXX con 8-10 oz. de agua fr\u00eda. Los EAA de FLEXX se pueden consumir antes del entrenamiento, durante y despu\u00e9s del entrenamiento para lograr la m\u00e1xima eficacia. Tambi\u00e9n se puede usar en d\u00edas sin entrenamiento.<\/div>\n<\/div>\n<\/div>\n<div class=\"row item-row\">\n<div class=\"col-xs-24\">\n<h3><strong>Otros ingredientes<\/strong><\/h3>\n<div class=\"prodOverviewIngred\">\n<p>\u00c1cido c\u00edtrico, \u00e1cido m\u00e1lico,\u00a0di\u00f3xido de silicio, fibra alimentaria soluble, natural &amp; saborizantes artificiales,\u00a0acesulfamo de potasio, sucralosa.<\/p>\n<p>Contiene frutos secos (coco).<\/p>\n<\/div>\n<\/div>\n<\/div>\n","protected":false},"excerpt":{"rendered":"<ul>\n<li>Amino\u00e1cidos esenciales avanzados.<\/li>\n<li>Suplemento alimentario.<\/li>\n<li>Con saborizantes naturales y artificiales.<\/li>\n<li>Producto con la potencia de Sensoril\u00ae.<\/li>\n<li>Recuperaci\u00f3n.<\/li>\n<li>Hidrataci\u00f3n.<\/li>\n<li>Vitalidad.<\/li>\n<\/ul>\n","protected":false},"featured_media":12364,"comment_status":"open","ping_status":"closed","template":"","meta":[],"location":[495],"product_cat":[30,559],"product_tag":[],"locations":[{"id":495,"name":"PMC","slug":"gymupstore-pmc","quantity":""}],"_links":{"self":[{"href":"https:\/\/gymupstore.cl\/index.php\/wp-json\/wp\/v2\/product\/12362"}],"collection":[{"href":"https:\/\/gymupstore.cl\/index.php\/wp-json\/wp\/v2\/product"}],"about":[{"href":"https:\/\/gymupstore.cl\/index.php\/wp-json\/wp\/v2\/types\/product"}],"replies":[{"embeddable":true,"href":"https:\/\/gymupstore.cl\/index.php\/wp-json\/wp\/v2\/comments?post=12362"}],"wp:featuredmedia":[{"embeddable":true,"href":"https:\/\/gymupstore.cl\/index.php\/wp-json\/wp\/v2\/media\/12364"}],"wp:attachment":[{"href":"https:\/\/gymupstore.cl\/index.php\/wp-json\/wp\/v2\/media?parent=12362"}],"wp:term":[{"taxonomy":"location","embeddable":true,"href":"https:\/\/gymupstore.cl\/index.php\/wp-json\/wp\/v2\/location?post=12362"},{"taxonomy":"product_cat","embeddable":true,"href":"https:\/\/gymupstore.cl\/index.php\/wp-json\/wp\/v2\/product_cat?post=12362"},{"taxonomy":"product_tag","embeddable":true,"href":"https:\/\/gymupstore.cl\/index.php\/wp-json\/wp\/v2\/product_tag?post=12362"}],"curies":[{"name":"wp","href":"https:\/\/api.w.org\/{rel}","templated":true}]}}