{"id":12328,"date":"2024-10-10T00:00:49","date_gmt":"2024-10-10T03:00:49","guid":{"rendered":"https:\/\/gymupstore.cl\/?post_type=product&#038;p=12328"},"modified":"2025-11-18T17:01:11","modified_gmt":"2025-11-18T20:01:11","slug":"impact-whey-protein-25-kg","status":"publish","type":"product","link":"https:\/\/gymupstore.cl\/index.php\/producto\/impact-whey-protein-25-kg\/","title":{"rendered":"Impact Whey Protein 2,5 kg"},"content":{"rendered":"<p>Impact Whey Protein de My Protein es una prote\u00edna de alt\u00edsima calidad que aporta de 22 a 23 gramos de prote\u00edna por porci\u00f3n, perfecto para consumir a diario cuando necesites un aporte de prote\u00edna, cuenta naturalmente adem\u00e1s con 5 gramos de amino\u00e1cidos de cadena ramificada (BCCAs).<br \/>\nImpact Whey Protein es apto para vegetarianos.<\/p>\n","protected":false},"excerpt":{"rendered":"<ul>\n<li>22-23 g de prote\u00edna por porci\u00f3n.<\/li>\n<\/ul>\n<ul>\n<li>5 gramos de BCAAs.<\/li>\n<\/ul>\n<ul>\n<li>Perfecto complemento deportivo.<\/li>\n<\/ul>\n","protected":false},"featured_media":12333,"comment_status":"open","ping_status":"closed","template":"","meta":[],"location":[495],"product_cat":[175,25,579],"product_tag":[],"locations":[{"id":495,"name":"PMC","slug":"gymupstore-pmc","quantity":""}],"_links":{"self":[{"href":"https:\/\/gymupstore.cl\/index.php\/wp-json\/wp\/v2\/product\/12328"}],"collection":[{"href":"https:\/\/gymupstore.cl\/index.php\/wp-json\/wp\/v2\/product"}],"about":[{"href":"https:\/\/gymupstore.cl\/index.php\/wp-json\/wp\/v2\/types\/product"}],"replies":[{"embeddable":true,"href":"https:\/\/gymupstore.cl\/index.php\/wp-json\/wp\/v2\/comments?post=12328"}],"wp:featuredmedia":[{"embeddable":true,"href":"https:\/\/gymupstore.cl\/index.php\/wp-json\/wp\/v2\/media\/12333"}],"wp:attachment":[{"href":"https:\/\/gymupstore.cl\/index.php\/wp-json\/wp\/v2\/media?parent=12328"}],"wp:term":[{"taxonomy":"location","embeddable":true,"href":"https:\/\/gymupstore.cl\/index.php\/wp-json\/wp\/v2\/location?post=12328"},{"taxonomy":"product_cat","embeddable":true,"href":"https:\/\/gymupstore.cl\/index.php\/wp-json\/wp\/v2\/product_cat?post=12328"},{"taxonomy":"product_tag","embeddable":true,"href":"https:\/\/gymupstore.cl\/index.php\/wp-json\/wp\/v2\/product_tag?post=12328"}],"curies":[{"name":"wp","href":"https:\/\/api.w.org\/{rel}","templated":true}]}}