{"id":12192,"date":"2024-08-07T00:07:46","date_gmt":"2024-08-07T03:07:46","guid":{"rendered":"https:\/\/gymupstore.cl\/?post_type=product&#038;p=12192"},"modified":"2025-01-14T16:32:23","modified_gmt":"2025-01-14T19:32:23","slug":"quake-ii-repro-nintendo-64","status":"publish","type":"product","link":"https:\/\/gymupstore.cl\/index.php\/producto\/quake-ii-repro-nintendo-64\/","title":{"rendered":"Quake II (Repro) | Nintendo 64"},"content":{"rendered":"<p>Regi\u00f3n: USA<br \/>\nPlataforma: Nintendo 64<br \/>\nREPRO<\/p>\n<p>\ud83d\udd0d Consulta disponibilidad o mira stock en nuestra web.<\/p>\n<p>\ud83d\udcd6 Descripci\u00f3n del Juego:<\/p>\n<p>Quake II es un videojuego de disparos en primera persona desarrollado por id Software y distribuido por Activision en 1997. Aunque usa el nombre de Quake, tambi\u00e9n de id Software y es considerado, de hecho como su secuela, su historia se aparta totalmente del ambiente m\u00edtico-medieval visto en Quake para adentrarse en la ciencia ficci\u00f3n.<\/p>\n<p>\ud83c\udfe0 Tromuguita House<br \/>\n\ud83c\udf0d Puerto Montt, para todo Chile.<br \/>\n\ud83d\udccd Vis\u00edtanos en\u00a0<a class=\"x1i10hfl xjbqb8w x1ejq31n xd10rxx x1sy0etr x17r0tee x972fbf xcfux6l x1qhh985 xm0m39n x9f619 x1ypdohk xt0psk2 xe8uvvx xdj266r x11i5rnm xat24cr x1mh8g0r xexx8yu x4uap5 x18d9i69 xkhd6sd x16tdsg8 x1hl2dhg xggy1nq x1a2a7pz notranslate _a6hd\" tabindex=\"0\" role=\"link\" href=\"https:\/\/www.instagram.com\/gymupstore.cl\/\">@gymupstore.cl<\/a><br \/>\n\ud83d\udcde WhatsApp: +56942348323<br \/>\n\ud83d\ude80Env\u00edos Flash Chilexpress (-30% en Env\u00edo)<\/p>\n","protected":false},"excerpt":{"rendered":"<p>Regi\u00f3n: USA Plataforma: Nintendo 64 REPRO \ud83d\udd0d Consulta disponibilidad o [&hellip;]<\/p>\n","protected":false},"featured_media":12190,"comment_status":"open","ping_status":"closed","template":"","meta":[],"location":[495],"product_cat":[523,534,596,496],"product_tag":[],"locations":[{"id":495,"name":"PMC","slug":"gymupstore-pmc","quantity":"1"}],"_links":{"self":[{"href":"https:\/\/gymupstore.cl\/index.php\/wp-json\/wp\/v2\/product\/12192"}],"collection":[{"href":"https:\/\/gymupstore.cl\/index.php\/wp-json\/wp\/v2\/product"}],"about":[{"href":"https:\/\/gymupstore.cl\/index.php\/wp-json\/wp\/v2\/types\/product"}],"replies":[{"embeddable":true,"href":"https:\/\/gymupstore.cl\/index.php\/wp-json\/wp\/v2\/comments?post=12192"}],"wp:featuredmedia":[{"embeddable":true,"href":"https:\/\/gymupstore.cl\/index.php\/wp-json\/wp\/v2\/media\/12190"}],"wp:attachment":[{"href":"https:\/\/gymupstore.cl\/index.php\/wp-json\/wp\/v2\/media?parent=12192"}],"wp:term":[{"taxonomy":"location","embeddable":true,"href":"https:\/\/gymupstore.cl\/index.php\/wp-json\/wp\/v2\/location?post=12192"},{"taxonomy":"product_cat","embeddable":true,"href":"https:\/\/gymupstore.cl\/index.php\/wp-json\/wp\/v2\/product_cat?post=12192"},{"taxonomy":"product_tag","embeddable":true,"href":"https:\/\/gymupstore.cl\/index.php\/wp-json\/wp\/v2\/product_tag?post=12192"}],"curies":[{"name":"wp","href":"https:\/\/api.w.org\/{rel}","templated":true}]}}