{"id":12095,"date":"2024-07-19T11:59:02","date_gmt":"2024-07-19T14:59:02","guid":{"rendered":"https:\/\/gymupstore.cl\/?post_type=product&#038;p=12095"},"modified":"2024-07-19T18:46:09","modified_gmt":"2024-07-19T21:46:09","slug":"shame-legacy-the-cult-edition-ps5","status":"publish","type":"product","link":"https:\/\/gymupstore.cl\/index.php\/producto\/shame-legacy-the-cult-edition-ps5\/","title":{"rendered":"Shame Legacy &#8211; The Cult Edition | PS5"},"content":{"rendered":"","protected":false},"excerpt":{"rendered":"<p>Regi\u00f3n: EUR<br \/>\nPlataforma: Playstation 5<\/p>\n<p>\ud83d\udd0d Consulta disponibilidad o mira stock en nuestra web.<\/p>\n<p>\ud83d\udcd6 Descripci\u00f3n del Juego:<br \/>\nShame Legacy es un juego de terror en primera persona ambientado en un pueblo ocupado por una secta durante el siglo XIX. Tendr\u00e1s que intentar sobrevivir mediante el sigilo y escapando de tus enemigos. Mientras resuelves los puzles, descubrir\u00e1s la relaci\u00f3n que tienes con este macabro asunto. Pero no te distraigas, pues un oscuro peligro acecha&#8230;<\/p>\n<p>\ud83c\udfe0 Tromuguita House<br \/>\n\ud83c\udf0d Puerto Montt, para todo Chile.<br \/>\n\ud83d\udccd Vis\u00edtanos en\u00a0<a class=\"x1i10hfl xjbqb8w x1ejq31n xd10rxx x1sy0etr x17r0tee x972fbf xcfux6l x1qhh985 xm0m39n x9f619 x1ypdohk xt0psk2 xe8uvvx xdj266r x11i5rnm xat24cr x1mh8g0r xexx8yu x4uap5 x18d9i69 xkhd6sd x16tdsg8 x1hl2dhg xggy1nq x1a2a7pz notranslate _a6hd\" tabindex=\"0\" role=\"link\" href=\"https:\/\/www.instagram.com\/gymupstore.cl\/\">@gymupstore.cl<\/a><br \/>\n\ud83d\udcde WhatsApp: +56942348323<br \/>\n\ud83d\ude80Env\u00edos Flash Chilexpress (-30% en Env\u00edo)<\/p>\n","protected":false},"featured_media":12088,"comment_status":"open","ping_status":"closed","template":"","meta":[],"location":[495],"product_cat":[526,519,596,496],"product_tag":[],"locations":[{"id":495,"name":"PMC","slug":"gymupstore-pmc","quantity":"1"}],"_links":{"self":[{"href":"https:\/\/gymupstore.cl\/index.php\/wp-json\/wp\/v2\/product\/12095"}],"collection":[{"href":"https:\/\/gymupstore.cl\/index.php\/wp-json\/wp\/v2\/product"}],"about":[{"href":"https:\/\/gymupstore.cl\/index.php\/wp-json\/wp\/v2\/types\/product"}],"replies":[{"embeddable":true,"href":"https:\/\/gymupstore.cl\/index.php\/wp-json\/wp\/v2\/comments?post=12095"}],"wp:featuredmedia":[{"embeddable":true,"href":"https:\/\/gymupstore.cl\/index.php\/wp-json\/wp\/v2\/media\/12088"}],"wp:attachment":[{"href":"https:\/\/gymupstore.cl\/index.php\/wp-json\/wp\/v2\/media?parent=12095"}],"wp:term":[{"taxonomy":"location","embeddable":true,"href":"https:\/\/gymupstore.cl\/index.php\/wp-json\/wp\/v2\/location?post=12095"},{"taxonomy":"product_cat","embeddable":true,"href":"https:\/\/gymupstore.cl\/index.php\/wp-json\/wp\/v2\/product_cat?post=12095"},{"taxonomy":"product_tag","embeddable":true,"href":"https:\/\/gymupstore.cl\/index.php\/wp-json\/wp\/v2\/product_tag?post=12095"}],"curies":[{"name":"wp","href":"https:\/\/api.w.org\/{rel}","templated":true}]}}