{"id":12045,"date":"2024-07-12T01:08:01","date_gmt":"2024-07-12T04:08:01","guid":{"rendered":"https:\/\/gymupstore.cl\/?post_type=product&#038;p=12045"},"modified":"2025-10-10T17:05:12","modified_gmt":"2025-10-10T20:05:12","slug":"probiotics-120-billion-cfus-120-capsulas-60-servicios","status":"publish","type":"product","link":"https:\/\/gymupstore.cl\/index.php\/producto\/probiotics-120-billion-cfus-120-capsulas-60-servicios\/","title":{"rendered":"Probiotics 120 Billion CFUs | 120 c\u00e1psulas (60 servicios)"},"content":{"rendered":"<p>BCUELOV HIGH POTENCY PROBIOTIX PROBI\u00d3TICOS 120 BILLION CFU LACTOBACILOS ACIDOPHILUS &amp; BIFIDUS MEJORAN LA FLORA INTESTINAL 120 CAPS VEGETALES DE LIBERACION SOSTENIDA<\/p>\n<p>Probi\u00f3tico High Potency multicepa de gran potencia para actuar de manera r\u00e1pida y efectiva, entregando alivio inmediato al organismo.<\/p>\n<p>Potenciado con Prebioticos y Enzimas Digestivas para una m\u00e1xima absorci\u00f3n!<\/p>\n<p>Contiene 120 billones de Probi\u00f3ticos de 36 cepas especialmente seleccionadas.<\/p>\n<p>C\u00e1psulas Vegetales de tecnolog\u00eda Delayed-Time Release, resistentes a la acci\u00f3n de los acidos estomacales, que aseguran que los 120B de Probioticos sean liberados efectivamente al organismo, durante todo el trayecto desde que son ingeridos, en forma sostenida y prolongada para ser utilizados al m\u00e1ximo por el organismo.<\/p>\n<p>Probi\u00f3tico High Potency multicepa de gran potencia para actuar de manera r\u00e1pida y efectiva, entregando alivio inmediato al organismo.<\/p>\n<p>Contiene 36 cepas especialmente seleccionadas identificadas y respaldadas en sus efectos ben\u00e9ficos en 60 billones de Unidades Formadoras de Colonias (CFU) que contribuyen a mantener el equilibrio de la flora intestinal y regular el tr\u00e1nsito intestinal.<\/p>\n<p>Fabricado en Estados Unidos (Made in USA) por los laboratorios Bcuelov LLC USA.<\/p>\n<p>Debido a que es fabricado en una instalaci\u00f3n certificada GMP por la FDA, en Estados Unidos, se asegura que los probioticos de mantienen vivos y activos hasta la fecha de expiraci\u00f3n del producto (2 a\u00f1os).<\/p>\n<p>BCUELOV HIGH POTENCY PROBI\u00d3TICOS 120 BILLION CFU<\/p>\n<p>Con Certificaci\u00f3n IPRO (International Probiotics Certification Program), un sello de calidad para los probi\u00f3ticos, que certifica la cantidad de cepas totales. Verifica el total de cepas viables y que se encuentran disponibles para ser aprovechadas y entregar los beneficios al organismo y certifica su pureza mediante el control metales pesados y microorganismo pat\u00f3genos, adem\u00e1s de un control de al\u00e9rgenos.<\/p>\n<p>Cepas \u00e1cido y bilis resistente.<br \/>\nCepas con alto nivel de adherencia a mucosa intestinal.<br \/>\nC\u00e1psulas de origen vegetal.<br \/>\nNo utiliza organismos gen\u00e9ticamente modificados (NON-GMO).<br \/>\nNo contiene soya.<br \/>\nNo contiene gluten.<br \/>\nNo contiene case\u00edna (prote\u00edna de la leche).<br \/>\nNo contiene lactosa.<br \/>\nSin preservantes.<\/p>\n<p>Cada servicio de 2 c\u00e1psulas contiene 120 billones CFU de 36 cepas probi\u00f3ticas.<\/p>\n<p>PROBI\u00d3TICOS LACTOBACILOS ACIDOPHILUS &amp; BIFIDUS<\/p>\n<p>\u00b7 Probi\u00f3ticos muy potentes con alta actividad anticarcinog\u00e9nica y antimutag\u00e9nica.<br \/>\n\u00b7 Aportan m\u00e1s de 120 billones de c\u00e9lulas activas por c\u00e1psula.<br \/>\n\u00b7 Act\u00faan en la alergia alimentaria y en la intolerancia a la lactosa.<br \/>\n\u00b7 Auxilian en la reducci\u00f3n del colesterol plasm\u00e1tico y de la tensi\u00f3n.<br \/>\n\u00b7 Mejoran la puesta en marcha intestinal. Indispensables para el trabajo intestinal.<br \/>\n\u00b7 Fortalecen el sistema inmune y las defensas del organismo.<br \/>\n\u00b7 Inhiben la formaci\u00f3n y crecimiento de bacterias da\u00f1inas para el organismo.<br \/>\n\u00b7 Auxilian en la metabolizaci\u00f3n de medicamentos.<br \/>\n\u00b7 Mejoran la s\u00edntesis y la biodisponibilidad de nutrientes.<br \/>\n\u00b7 Ayudan a la metabolizaci\u00f3n de hormonas, carcinog\u00e9nicos y metales t\u00f3xicos.<br \/>\n\u00b7 Ayudan a mantener un pH balanceado en el intestino delgado.<br \/>\n\u00b7 Promueve la existencia de una correcta flora intestinal en el organismo.<\/p>\n<p>PROBI\u00d3TICOS LACTOBACILOS ACIDOPHILUS &amp; BIFIDUS<\/p>\n<p>Los acidophilus son conocidos como unos probi\u00f3ticos y son parte de un grupo de bacterias beneficiosas del intestino llamadas lactobacilos. Los acidophilus est\u00e1n presentes en el intestino desde el nacimiento y es eventualmente unida a otra bacteria bien conocida llamada bifidus. Ambos son altamente beneficiosos para el apropiado funcionamiento del intestino y para la salud en general; y pueden ser las bacterias m\u00e1s importantes de m\u00e1s de 400 especies en el tracto digestivo. Ayuda a mantener un balance normal de la salud de la flora intestinal (bacteria). Esta forma de bacteria \u201csaludable\u201d es beneficiosa para el tracto digestivo humano para que este pueda continuar sus funciones en forma \u00f3ptima y puede tambi\u00e9n jugar un rol importante en apoyar a las funciones del sistema inmunol\u00f3gico.<\/p>\n<p>El t\u00e9rmino Probi\u00f3tico se refiere a una preparaci\u00f3n o producto contiendo microorganismos definidos, viables y en n\u00famero suficiente. Como ejemplos, podemos citar los Lactobacillus Acidophillus, Lactobacillus Rhamnosus, Bifidobacterium Bifidum, etc. Ellos favorecen la presencia de bacterias ben\u00e9ficas al organismo y disminuyen la concentraci\u00f3n de bacterias y microorganismos indeseables.<\/p>\n<p>Existe mucha evidencia cient\u00edfica que muestran los beneficios y la real necesidad de las bacterias probi\u00f3ticas como los acidophilus. Pero tambi\u00e9n son com\u00fanmente ignoraNdo en nuestra sociedad anti-bacterial. Las bacterias tan buenas como los acidophilus juegan un importante papel en la producci\u00f3n de muchos nutrientes y en la apropiada absorci\u00f3n de nutrientes. Los acidophilus tambi\u00e9n act\u00faan para mantener las levaduras y bacterias destructivas suprimidas, por consiguiente manteniendo un balance saludable dentro del cuerpo.<\/p>\n<p>Un beneficio extra de la suplementaci\u00f3n con probi\u00f3ticos como los acidophilus es la desintoxicaci\u00f3n del sistema el cual invariablemente reduce mucho la presi\u00f3n sobre el h\u00edgado. Muchos estudios han sugerido que los acidophilus pueden ser estimuladores de la inmunidad suprimiendo los efectos t\u00f3xicos de los carcin\u00f3genos o agentes cancer\u00edgenos.<br \/>\nTodos necesitan del acidophilus, ya que es una parte esencial del tracto digestivo. Pero se vuelve especialmente importante tomar acidophilus cuando se est\u00e1 en un estado de deficiencia o para ayudar en el tratamiento de varias afecciones. Problemas como el s\u00edndrome del intestino grueso irritado, diarreas, flatulencias, infecciones en el tracto urinario, y mal aliento son algunos que pueden ser tratados con el apoyo del acidophilus.<\/p>\n<p>Una de las se\u00f1ales m\u00e1s importantes de deficiencia es un sobre-crecimiento de candida tambi\u00e9n conocido como candidiasis. Un sobre-crecimiento de candida puede afectar el cuerpo en un nivel sist\u00e9mico y causar disturbios digestivos, fatiga, y alergias entre otros problemas. La suplementaci\u00f3n con acidophilus durante y despu\u00e9s del uso de antibi\u00f3ticos es de extrema importancia ya que los antibi\u00f3ticos matan la mayor\u00eda de las bacterias buenas y causan s\u00edntomas de deficiencia y posible sobre-crecimiento de varias levaduras.<\/p>\n<p>La cantidad tomada var\u00eda dependiendo del tratamiento individual o si solo se quiere una cantidad de mantenimiento. Usualmente las indicaciones listadas en el envase se aplicar\u00e1n a casi cualquier s\u00edntoma de deficiencia.<\/p>\n<p>El calor y el congelamiento matar\u00e1n los acidophilus. Es mejor conseguir un suplemento de acidophilus que tenga una cobertura entera ya que esto ayuda a los organismos a ser liberados en el intestino sin da\u00f1os.Debido al creciente aumento en la incidencia de enfermedades ocasionadas por una mala alimentaci\u00f3n, tales como hipertensi\u00f3n arterial, hipercolesterolemia, obesidad, entre otras, el inter\u00e9s en investigar sobre alimentos con caracter\u00edsticas funcionales viene aumentando proporcionalmente.<\/p>\n<p>La propiedad funcional de un alimento se refiere al papel metab\u00f3lico o fisiol\u00f3gico que el nutriente o sustancia bioactiva posee en el crecimiento, desarrollo, mantenci\u00f3n y otras funciones normales del organismo humano.<\/p>\n<p>Los microorganismos son necesarios para la vida humana normal, y la composici\u00f3n de la microbiota intestinal es esencial para la salud y bienestar del hombre. Existen buenos microorganismos probi\u00f3ticos y malos microorganismos (pat\u00f3genos), siendo lo ideal para nuestra salud el alcanzar un equilibrio correcto entre ellos.<\/p>\n<p>Una microbiota intestinal desequilibrada presenta la destrucci\u00f3n de vitaminas, inactivaci\u00f3n de enzimas, producci\u00f3n de toxinas cancer\u00edgenas, destrucci\u00f3n de la mucosa intestinal &#8211; llevando a una menor s\u00edntesis y absorci\u00f3n de nutrientes. Este desequilibrio puede ser causado de entre otros factores por estr\u00e9s, mala digesti\u00f3n, dieta desequilibrada, uso abusivo de medicamentos e infecciones intestinales.<\/p>\n<p>Para cualquier persona que tenga una microbiotica intestinal desequilibrada, por mejor que sea su dieta y suplementaci\u00f3n alimentaria, los nutrientes no podr\u00e1n ser debidamente absorbidos y\/o sintetizados.<\/p>\n<p>Para adecuar la microbiota intestinal, garantizando una buen\u00edsima absorci\u00f3n de los nutrientes, el uso de elementos probi\u00f3ticos viene siendo utilizado en la pr\u00e1ctica cl\u00ednica con excepcionales resultados y recientemente hab\u00edan sido incluidos en la nutrici\u00f3n deportiva. Se observa un real mejoramiento en el rendimiento f\u00edsico del organismo.<\/p>\n<p>C\u00f3mo consumir este Producto:<\/p>\n<p>Tomar 2 c\u00e1psulas al d\u00eda, 30 minutos despu\u00e9s de una comida del d\u00eda. Si estas consumiendo antibi\u00f3ticos, debes de esperar por lo menos 2 horas de haberlos tomado para consumir Probi\u00f3ticos.<\/p>\n<p>NO debes tomar m\u00e1s de 2 c\u00e1psulas en total al d\u00eda. Se recomienda tomar este producto en forma continuada por lo menos durante un mes.<\/p>\n<p>PRECAUCIONES IMPORTANTES: Este producto es muy sensible a cambios de temperatura!<\/p>\n<p>Debido a su gran actividad biol\u00f3gica y sensibilidad se recomienda mantenerlo almacenado en un lugra fresco para minimizar su degradaci\u00f3n y maximizar su calidad y pureza una vez abierto.<\/p>\n<p>Informaci\u00f3n Nutricional:<\/p>\n<p>Servicio: 2 c\u00e1psulas.<\/p>\n<p>Servicios contenidos en el envase, 60.<\/p>\n<p>El producto contiene 120 c\u00e1psulas Vegetales.<\/p>\n<p>Cada servicio de 2 c\u00e1psulas contiene 120 billones CFU de 36 cepas probi\u00f3ticas.<\/p>\n<p>C\u00e1psulas Vegetales de tecnolog\u00eda Delayed-Time Release, resistentes a la acci\u00f3n de los acidos estomacales, que aseguran que los 120B de Probioticos sean liberados efectivamente al organismo, durante todo el trayecto desde que son ingeridos, en forma sostenida y prolongada para ser utilizados al m\u00e1ximo por el organismo.<\/p>\n","protected":false},"excerpt":{"rendered":"<p>BCUELOV HIGH POTENCY PROBIOTIX PROBI\u00d3TICOS 120 BILLION CFU LACTOBACILOS ACIDOPHILUS [&hellip;]<\/p>\n","protected":false},"featured_media":12058,"comment_status":"open","ping_status":"closed","template":"","meta":[],"location":[495],"product_cat":[15],"product_tag":[],"locations":[{"id":495,"name":"PMC","slug":"gymupstore-pmc","quantity":"3"}],"_links":{"self":[{"href":"https:\/\/gymupstore.cl\/index.php\/wp-json\/wp\/v2\/product\/12045"}],"collection":[{"href":"https:\/\/gymupstore.cl\/index.php\/wp-json\/wp\/v2\/product"}],"about":[{"href":"https:\/\/gymupstore.cl\/index.php\/wp-json\/wp\/v2\/types\/product"}],"replies":[{"embeddable":true,"href":"https:\/\/gymupstore.cl\/index.php\/wp-json\/wp\/v2\/comments?post=12045"}],"wp:featuredmedia":[{"embeddable":true,"href":"https:\/\/gymupstore.cl\/index.php\/wp-json\/wp\/v2\/media\/12058"}],"wp:attachment":[{"href":"https:\/\/gymupstore.cl\/index.php\/wp-json\/wp\/v2\/media?parent=12045"}],"wp:term":[{"taxonomy":"location","embeddable":true,"href":"https:\/\/gymupstore.cl\/index.php\/wp-json\/wp\/v2\/location?post=12045"},{"taxonomy":"product_cat","embeddable":true,"href":"https:\/\/gymupstore.cl\/index.php\/wp-json\/wp\/v2\/product_cat?post=12045"},{"taxonomy":"product_tag","embeddable":true,"href":"https:\/\/gymupstore.cl\/index.php\/wp-json\/wp\/v2\/product_tag?post=12045"}],"curies":[{"name":"wp","href":"https:\/\/api.w.org\/{rel}","templated":true}]}}