{"id":11590,"date":"2024-05-08T19:45:51","date_gmt":"2024-05-08T22:45:51","guid":{"rendered":"https:\/\/gymupstore.cl\/?post_type=product&#038;p=11590"},"modified":"2026-02-11T17:05:37","modified_gmt":"2026-02-11T20:05:37","slug":"protegg-proteina-de-huevo-hidrolizada-15-kg-60-servicios","status":"publish","type":"product","link":"https:\/\/gymupstore.cl\/index.php\/producto\/protegg-proteina-de-huevo-hidrolizada-15-kg-60-servicios\/","title":{"rendered":"Protegg Proteina de Huevo Hidrolizada | 1,5 kg (60 servicios)"},"content":{"rendered":"<p>Prote\u00edna hidrolizada de clara de huevo es la proteina del momento, las vers\u00e1til y completa del mercado. Es ideal para personas que desean aumentar su consumo de prote\u00edna optimizando la recuperaci\u00f3n y crecimiento muscular, ya que es ultra ligera, de r\u00e1pida absorci\u00f3n y digesti\u00f3n. Apta para vegetarianos, intolerantes a la lactosa y celiacos.<\/p>\n","protected":false},"excerpt":{"rendered":"<p>Aporte: 20 gramos de prote\u00edna, 2 gramos de carbohidrato y s\u00f3lo 88 calor\u00edas.<\/p>\n<p>Presentaci\u00f3n: 1.5 kilos, 60 servicios<\/p>\n<p>Modo de Uso: consumir 1 a 2 porciones al d\u00eda con 250-300ml de agua<\/p>\n","protected":false},"featured_media":11592,"comment_status":"open","ping_status":"closed","template":"","meta":[],"location":[495],"product_cat":[729,728,25],"product_tag":[],"locations":[{"id":495,"name":"PMC","slug":"gymupstore-pmc","quantity":""}],"_links":{"self":[{"href":"https:\/\/gymupstore.cl\/index.php\/wp-json\/wp\/v2\/product\/11590"}],"collection":[{"href":"https:\/\/gymupstore.cl\/index.php\/wp-json\/wp\/v2\/product"}],"about":[{"href":"https:\/\/gymupstore.cl\/index.php\/wp-json\/wp\/v2\/types\/product"}],"replies":[{"embeddable":true,"href":"https:\/\/gymupstore.cl\/index.php\/wp-json\/wp\/v2\/comments?post=11590"}],"wp:featuredmedia":[{"embeddable":true,"href":"https:\/\/gymupstore.cl\/index.php\/wp-json\/wp\/v2\/media\/11592"}],"wp:attachment":[{"href":"https:\/\/gymupstore.cl\/index.php\/wp-json\/wp\/v2\/media?parent=11590"}],"wp:term":[{"taxonomy":"location","embeddable":true,"href":"https:\/\/gymupstore.cl\/index.php\/wp-json\/wp\/v2\/location?post=11590"},{"taxonomy":"product_cat","embeddable":true,"href":"https:\/\/gymupstore.cl\/index.php\/wp-json\/wp\/v2\/product_cat?post=11590"},{"taxonomy":"product_tag","embeddable":true,"href":"https:\/\/gymupstore.cl\/index.php\/wp-json\/wp\/v2\/product_tag?post=11590"}],"curies":[{"name":"wp","href":"https:\/\/api.w.org\/{rel}","templated":true}]}}