{"id":11512,"date":"2024-04-18T21:53:35","date_gmt":"2024-04-19T00:53:35","guid":{"rendered":"https:\/\/gymupstore.cl\/?post_type=product&#038;p=11512"},"modified":"2026-05-07T13:51:38","modified_gmt":"2026-05-07T16:51:38","slug":"glutamine-mutant-glutamina-300-gr-60-servicios","status":"publish","type":"product","link":"https:\/\/gymupstore.cl\/index.php\/producto\/glutamine-mutant-glutamina-300-gr-60-servicios\/","title":{"rendered":"Glutamine Mutant (Glutamina) | 300 gr (60 servicios)"},"content":{"rendered":"<h2 class=\"h3\"><strong>F\u00f3rmula Avanzada de Glutamina<\/strong><\/h2>\n<div class=\"rte featured-row__subtext\">\n<p>La glutamina es el amino de forma libre m\u00e1s abundante en el tejido muscular y desempe\u00f1a un papel clave en la recuperaci\u00f3n muscular, la inmunidad y la salud digestiva. * \u00a1Durante el entrenamiento duro, sus m\u00fasculos pueden perder hasta el 50% de sus reservas de glutamina! MUTANT GLUTAMINE contiene Glutamina fermentada vegana que se microniza para una mayor solubilidad. Nuestra f\u00f3rmula no tiene sabor, por lo que puede agregarla a BCAA, EAA, pre-entrenamientos, batidos de prote\u00ednas o f\u00f3rmulas de aumento de peso.<\/p>\n<\/div>\n<div class=\"product-collateral\">\n<div class=\"akordeon-item-head akordeon-border-bottom\">\n<div class=\"akordeon-item-head-container\">\n<h4 class=\"akordeon-heading\"><strong>Modo de Uso<\/strong><\/h4>\n<\/div>\n<\/div>\n<div class=\"akordeon-item-content\">Como suplemento alimenticio, agregue 1 cucharada nivelada a 8 fl oz (240 ml) de agua fr\u00eda, batido de prote\u00ednas o su bebida favorita; revuelva o agite 5-10 segundos y disfrute.<\/div>\n<\/div>\n","protected":false},"excerpt":{"rendered":"<ul>\n<li>F\u00f3rmula Avanzada de Glutamina<\/li>\n<li>100% Pura,\u00a00 Rellenos<\/li>\n<li>Vegano Fermentado<\/li>\n<li>5 Gramos de Forma Libre de L-Glutamina<\/li>\n<li>Micronizado para una Mayor Solubilidad<\/li>\n<li>Ingredientes Probados en Laboratorio<\/li>\n<li>60\u00a0Servicios<\/li>\n<li>F\u00f3rmula sin Sabor para Apilar<\/li>\n<\/ul>\n","protected":false},"featured_media":13712,"comment_status":"open","ping_status":"closed","template":"","meta":[],"location":[495],"product_brand":[],"product_cat":[29,578,719],"product_tag":[],"class_list":{"0":"post-11512","1":"product","2":"type-product","3":"status-publish","4":"has-post-thumbnail","6":"location-gymupstore-pmc","7":"product_cat-creatinas-glutaminas","8":"product_cat-glutaminas","9":"product_cat-mutant","11":"first","12":"instock","13":"taxable","14":"shipping-taxable","15":"purchasable","16":"product-type-simple"},"supplier_id":null,"supplier_sku":"","barcode":null,"atum_controlled":true,"out_stock_date":null,"out_stock_threshold":null,"inheritable":false,"inbound_stock":null,"stock_on_hold":0,"sold_today":0,"sales_last_days":0,"reserved_stock":null,"customer_returns":null,"warehouse_damage":null,"lost_in_post":null,"other_logs":null,"out_stock_days":0,"lost_sales":0,"has_location":null,"update_date":"2026-05-09T00:02:51","atum_locations":[],"atum_stock_status":"instock","restock_status":false,"low_stock_amount":"","sales_update_date":"2026-05-09T00:02:51","calc_backorders":null,"locations":[{"id":495,"name":"PMC","slug":"gymupstore-pmc","quantity":"2"}],"_links":{"self":[{"href":"https:\/\/gymupstore.cl\/index.php\/wp-json\/wp\/v2\/product\/11512","targetHints":{"allow":["GET"]}}],"collection":[{"href":"https:\/\/gymupstore.cl\/index.php\/wp-json\/wp\/v2\/product"}],"about":[{"href":"https:\/\/gymupstore.cl\/index.php\/wp-json\/wp\/v2\/types\/product"}],"replies":[{"embeddable":true,"href":"https:\/\/gymupstore.cl\/index.php\/wp-json\/wp\/v2\/comments?post=11512"}],"wp:featuredmedia":[{"embeddable":true,"href":"https:\/\/gymupstore.cl\/index.php\/wp-json\/wp\/v2\/media\/13712"}],"wp:attachment":[{"href":"https:\/\/gymupstore.cl\/index.php\/wp-json\/wp\/v2\/media?parent=11512"}],"wp:term":[{"taxonomy":"location","embeddable":true,"href":"https:\/\/gymupstore.cl\/index.php\/wp-json\/wp\/v2\/location?post=11512"},{"taxonomy":"product_brand","embeddable":true,"href":"https:\/\/gymupstore.cl\/index.php\/wp-json\/wp\/v2\/product_brand?post=11512"},{"taxonomy":"product_cat","embeddable":true,"href":"https:\/\/gymupstore.cl\/index.php\/wp-json\/wp\/v2\/product_cat?post=11512"},{"taxonomy":"product_tag","embeddable":true,"href":"https:\/\/gymupstore.cl\/index.php\/wp-json\/wp\/v2\/product_tag?post=11512"}],"curies":[{"name":"wp","href":"https:\/\/api.w.org\/{rel}","templated":true}]}}