{"id":11459,"date":"2024-04-09T19:48:09","date_gmt":"2024-04-09T22:48:09","guid":{"rendered":"https:\/\/gymupstore.cl\/?post_type=product&#038;p=11459"},"modified":"2025-07-08T19:59:52","modified_gmt":"2025-07-08T22:59:52","slug":"shilajit-coffee-powder-complex-30-dias","status":"publish","type":"product","link":"https:\/\/gymupstore.cl\/index.php\/producto\/shilajit-coffee-powder-complex-30-dias\/","title":{"rendered":"Shilajit Coffee Powder Complex | 300 gramos (30 d\u00edas)"},"content":{"rendered":"<p>Shilajit Coffee Powder es un complex y viene en un Doypack con 30 sachet de 10 gramos cada uno con la dosis espec\u00edfica de componentes claves para tu d\u00eda a d\u00eda.<\/p>\n<p>Componentes y especificaciones:<\/p>\n<ol>\n<li><strong>Caf\u00e9 Instant\u00e1neo<\/strong>: Derivado del caf\u00e9 ar\u00e1bica o robusta, el caf\u00e9 instant\u00e1neo se produce mediante la extracci\u00f3n y deshidrataci\u00f3n del caf\u00e9 reci\u00e9n hecho. Es una fuente natural de cafe\u00edna que proporciona energ\u00eda y mejora la concentraci\u00f3n.<\/li>\n<li><strong>Xilitol<\/strong>: Un alcohol de az\u00facar natural que se encuentra en muchas frutas y vegetales, el xilitol se utiliza com\u00fanmente como un edulcorante alternativo en productos sin az\u00facar. Proviene principalmente de la corteza de abedul y tiene beneficios para la salud dental y metab\u00f3lica.<\/li>\n<li><strong>Extracto de Guaran\u00e1<\/strong>: Originario de la regi\u00f3n amaz\u00f3nica de Brasil, el guaran\u00e1 se obtiene de las semillas de la planta Paullinia cupana. Es conocido por su alto contenido de cafe\u00edna, que proporciona energ\u00eda sostenida, mejora la concentraci\u00f3n y aumenta la resistencia f\u00edsica.<\/li>\n<li><strong>Extracto de Shilajit (10:1)<\/strong>: Un compuesto org\u00e1nico formado por la descomposici\u00f3n de plantas y materiales org\u00e1nicos en las rocas de monta\u00f1a, especialmente en el Himalaya. Rico en minerales y antioxidantes, el shilajit se ha utilizado en la medicina ayurv\u00e9dica durante siglos para mejorar la vitalidad, la inmunidad y combatir el estr\u00e9s.<\/li>\n<li><strong>Extracto de Chaga (Inonotus Obliquus) (10:1)<\/strong>: Un hongo medicinal que crece en los bosques de abedules en climas fr\u00edos, especialmente en Europa del Este, Asia y Am\u00e9rica del Norte. Es rico en antioxidantes y compuestos bioactivos que apoyan la salud inmunol\u00f3gica, promueven la salud celular y tienen propiedades antiinflamatorias.<\/li>\n<li><strong>Extracto de Reishi (Ganoderma Lucidum) (10:1)<\/strong>: Un hongo adapt\u00f3geno venerado en la medicina tradicional china y japonesa, que crece en varias partes del mundo. Contiene compuestos bioactivos que fortalecen el sistema inmunol\u00f3gico, reducen la inflamaci\u00f3n, mejoran la calidad del sue\u00f1o y promueven la longevidad.<\/li>\n<li><strong>Cordyceps (Cordyceps Militaris)<\/strong>: Un hongo parasitario que infecta a ciertos insectos, principalmente orugas, y se encuentra en regiones monta\u00f1osas de Asia. Se ha utilizado en la medicina tradicional china durante siglos por sus propiedades energizantes, que aumentan la resistencia f\u00edsica, mejoran la funci\u00f3n pulmonar y promueven la salud renal.<\/li>\n<li><strong>Panax Ginseng (Ra\u00edz)<\/strong>: Una planta herb\u00e1cea perenne que crece en el este de Asia, principalmente en Corea, China y Siberia. La ra\u00edz de ginseng es conocida por sus propiedades adapt\u00f3genas que aumentan la resistencia f\u00edsica y mental, reducen la fatiga, mejoran el rendimiento cognitivo y ayudan a combatir el estr\u00e9s.<\/li>\n<li><strong>Extracto de Ashwagandha (Ra\u00edz) (10:1)<\/strong>: Una hierba adapt\u00f3gena que se encuentra en la medicina ayurv\u00e9dica, originaria de la India y partes de \u00c1frica. La ra\u00edz de ashwagandha tiene propiedades que ayudan a reducir el estr\u00e9s, mejorar la resistencia f\u00edsica, promover la relajaci\u00f3n y apoyar el equilibrio hormonal.<\/li>\n<\/ol>\n<p>Estos componentes provienen de diversas fuentes naturales y tradicionalmente se han utilizado en varias culturas por sus beneficios para la salud f\u00edsica, mental y emocional.<\/p>\n","protected":false},"excerpt":{"rendered":"<ul>\n<li>300 gramos (30 x 10 gramos)<\/li>\n<li>Libre de Gluten<\/li>\n<li>Libre de Lactosa<\/li>\n<li>Libre GMO<\/li>\n<li>Libre de Soya<\/li>\n<\/ul>\n<p>&nbsp;<\/p>\n","protected":false},"featured_media":12528,"comment_status":"open","ping_status":"closed","template":"","meta":[],"location":[495],"product_cat":[777,766,776,770,623,32,771,768,774,765,281,773,767],"product_tag":[],"locations":[{"id":495,"name":"PMC","slug":"gymupstore-pmc","quantity":"2"}],"_links":{"self":[{"href":"https:\/\/gymupstore.cl\/index.php\/wp-json\/wp\/v2\/product\/11459"}],"collection":[{"href":"https:\/\/gymupstore.cl\/index.php\/wp-json\/wp\/v2\/product"}],"about":[{"href":"https:\/\/gymupstore.cl\/index.php\/wp-json\/wp\/v2\/types\/product"}],"replies":[{"embeddable":true,"href":"https:\/\/gymupstore.cl\/index.php\/wp-json\/wp\/v2\/comments?post=11459"}],"wp:featuredmedia":[{"embeddable":true,"href":"https:\/\/gymupstore.cl\/index.php\/wp-json\/wp\/v2\/media\/12528"}],"wp:attachment":[{"href":"https:\/\/gymupstore.cl\/index.php\/wp-json\/wp\/v2\/media?parent=11459"}],"wp:term":[{"taxonomy":"location","embeddable":true,"href":"https:\/\/gymupstore.cl\/index.php\/wp-json\/wp\/v2\/location?post=11459"},{"taxonomy":"product_cat","embeddable":true,"href":"https:\/\/gymupstore.cl\/index.php\/wp-json\/wp\/v2\/product_cat?post=11459"},{"taxonomy":"product_tag","embeddable":true,"href":"https:\/\/gymupstore.cl\/index.php\/wp-json\/wp\/v2\/product_tag?post=11459"}],"curies":[{"name":"wp","href":"https:\/\/api.w.org\/{rel}","templated":true}]}}