{"id":11404,"date":"2024-03-21T21:49:49","date_gmt":"2024-03-22T00:49:49","guid":{"rendered":"https:\/\/gymupstore.cl\/?post_type=product&#038;p=11404"},"modified":"2024-04-24T15:35:05","modified_gmt":"2024-04-24T18:35:05","slug":"buffalo-pro-el-pre-entreno-secreto-473-ml","status":"publish","type":"product","link":"https:\/\/gymupstore.cl\/index.php\/producto\/buffalo-pro-el-pre-entreno-secreto-473-ml\/","title":{"rendered":"Buffalo Pro (El Pre Entreno Secreto) | 473 ml"},"content":{"rendered":"<p><strong>Energ\u00e9tica Buffalo Pro,<\/strong>\u00a0es una bebida energ\u00e9tica que mejora el rendimiento f\u00edsico y enfoque en cada entrenamiento, contiene cafe\u00edna,\u00a0beta alanina y l-arginina por porci\u00f3n\u00a0ideal para mantenerte activo por m\u00e1s tiempo.<\/p>\n<p><strong>Modo de consumo:<\/strong><\/p>\n<p>Consumir en cualquier momento del d\u00eda que requieras energ\u00eda (4-5 horas antes de dormir), porci\u00f3n m\u00e1xima 1 lata diaria.<\/p>\n","protected":false},"excerpt":{"rendered":"<ul>\n<li>300mg de cafe\u00edna.<\/li>\n<li>4gr de beta alanina.<\/li>\n<li>4gr de l-arginina.<\/li>\n<li>Sin az\u00facar.<\/li>\n<li>Sin grasa.<\/li>\n<li>1.5gr de taurina.<\/li>\n<li>1.5gr de tirosina.<\/li>\n<li>Glucono delta lactona.<\/li>\n<li>Niacina.<\/li>\n<li>Vitaminas B6, B12 y C.<\/li>\n<\/ul>\n","protected":false},"featured_media":11407,"comment_status":"open","ping_status":"closed","template":"","meta":[],"location":[495],"product_cat":[566,28,281],"product_tag":[],"locations":[{"id":495,"name":"PMC","slug":"gymupstore-pmc","quantity":""}],"_links":{"self":[{"href":"https:\/\/gymupstore.cl\/index.php\/wp-json\/wp\/v2\/product\/11404"}],"collection":[{"href":"https:\/\/gymupstore.cl\/index.php\/wp-json\/wp\/v2\/product"}],"about":[{"href":"https:\/\/gymupstore.cl\/index.php\/wp-json\/wp\/v2\/types\/product"}],"replies":[{"embeddable":true,"href":"https:\/\/gymupstore.cl\/index.php\/wp-json\/wp\/v2\/comments?post=11404"}],"wp:featuredmedia":[{"embeddable":true,"href":"https:\/\/gymupstore.cl\/index.php\/wp-json\/wp\/v2\/media\/11407"}],"wp:attachment":[{"href":"https:\/\/gymupstore.cl\/index.php\/wp-json\/wp\/v2\/media?parent=11404"}],"wp:term":[{"taxonomy":"location","embeddable":true,"href":"https:\/\/gymupstore.cl\/index.php\/wp-json\/wp\/v2\/location?post=11404"},{"taxonomy":"product_cat","embeddable":true,"href":"https:\/\/gymupstore.cl\/index.php\/wp-json\/wp\/v2\/product_cat?post=11404"},{"taxonomy":"product_tag","embeddable":true,"href":"https:\/\/gymupstore.cl\/index.php\/wp-json\/wp\/v2\/product_tag?post=11404"}],"curies":[{"name":"wp","href":"https:\/\/api.w.org\/{rel}","templated":true}]}}