{"id":11167,"date":"2024-02-13T21:04:52","date_gmt":"2024-02-14T00:04:52","guid":{"rendered":"https:\/\/gymupstore.cl\/?post_type=product&#038;p=11167"},"modified":"2026-04-03T12:44:40","modified_gmt":"2026-04-03T15:44:40","slug":"shilajit-resina-natural-60-gramos-100-servicios","status":"publish","type":"product","link":"https:\/\/gymupstore.cl\/index.php\/producto\/shilajit-resina-natural-60-gramos-100-servicios\/","title":{"rendered":"Shilajit Resina Natural | 60 gramos (100 servicios)"},"content":{"rendered":"<p>Shilajit, una sustancia natural, es rica en minerales y nutrientes, ofreciendo beneficios tradicionales para mantener el bienestar y la felicidad.<\/p>\n<p>La resina Shilajit le proporcionar\u00e1 una soluci\u00f3n perfecta al ayudar en la energ\u00eda, el metabolismo y el sistema inmunol\u00f3gico. Cuida la fatiga cr\u00f3nica, mejorando la mente, la memoria, las capacidades cognitivas, la digesti\u00f3n y el equilibrio hormonal para hombres y mujeres.<\/p>\n<p>Combina ejercicio y un estilo de vida saludable para obtener resultados \u00f3ptimos; nuestro objetivo es distribuir este regalo especial de la naturaleza a las personas de manera sincera posible.<\/p>\n<p>C\u00f3mo usar: consumir 300 a 600 mg diarios. Mezclar con agua, leche o t\u00e9. No exeder los 1200 mg diarios. Consulte con su m\u00e9dico.<\/p>\n","protected":false},"excerpt":{"rendered":"<p>Shilajit, una sustancia natural, es rica en minerales y nutrientes, [&hellip;]<\/p>\n","protected":false},"featured_media":11168,"comment_status":"open","ping_status":"closed","template":"","meta":[],"location":[495],"product_cat":[777,766,714,776,32,771,768,774,765,773,767],"product_tag":[],"locations":[{"id":495,"name":"PMC","slug":"gymupstore-pmc","quantity":"3"}],"_links":{"self":[{"href":"https:\/\/gymupstore.cl\/index.php\/wp-json\/wp\/v2\/product\/11167"}],"collection":[{"href":"https:\/\/gymupstore.cl\/index.php\/wp-json\/wp\/v2\/product"}],"about":[{"href":"https:\/\/gymupstore.cl\/index.php\/wp-json\/wp\/v2\/types\/product"}],"replies":[{"embeddable":true,"href":"https:\/\/gymupstore.cl\/index.php\/wp-json\/wp\/v2\/comments?post=11167"}],"wp:featuredmedia":[{"embeddable":true,"href":"https:\/\/gymupstore.cl\/index.php\/wp-json\/wp\/v2\/media\/11168"}],"wp:attachment":[{"href":"https:\/\/gymupstore.cl\/index.php\/wp-json\/wp\/v2\/media?parent=11167"}],"wp:term":[{"taxonomy":"location","embeddable":true,"href":"https:\/\/gymupstore.cl\/index.php\/wp-json\/wp\/v2\/location?post=11167"},{"taxonomy":"product_cat","embeddable":true,"href":"https:\/\/gymupstore.cl\/index.php\/wp-json\/wp\/v2\/product_cat?post=11167"},{"taxonomy":"product_tag","embeddable":true,"href":"https:\/\/gymupstore.cl\/index.php\/wp-json\/wp\/v2\/product_tag?post=11167"}],"curies":[{"name":"wp","href":"https:\/\/api.w.org\/{rel}","templated":true}]}}