{"id":11083,"date":"2024-02-06T20:47:09","date_gmt":"2024-02-06T23:47:09","guid":{"rendered":"https:\/\/gymupstore.cl\/?post_type=product&#038;p=11083"},"modified":"2025-01-14T16:32:11","modified_gmt":"2025-01-14T19:32:11","slug":"hyde-nightmare-30-servicios","status":"publish","type":"product","link":"https:\/\/gymupstore.cl\/index.php\/producto\/hyde-nightmare-30-servicios\/","title":{"rendered":"Hyde Nightmare | 30 servicios"},"content":{"rendered":"<p>HYDE\u00ae Nightmare es un polvo para antes del entrenamiento, formulado para atletas de alto rendimiento que soportan una cantidad excesiva de estr\u00e9s f\u00edsico y mental.Impulsado por ingredientes cl\u00ednicamente investigados para mejorar el rendimiento muscular y mental, HYDE\u00ae Nightmare tambi\u00e9n repone los l\u00edquidos perdidos durante la actividad rigurosa.<\/p>\n<p>\u00bfC\u00d3MO TOMAR HYDE\u00ae NIGHTMARE?<br \/>\nUSO SUGERIDO: Mezcle 1 scoop de HYDE Nightmare con 6-8 oz de agua. Consumir 15-30 minutos antes de un entrenamiento intenso o competici\u00f3n. Eval\u00fae la tolerancia tomando \u00bd cucharada la primera vez. No consumir dentro de las 4 horas antes de acostarse. No tome ning\u00fan otro producto con cafe\u00edna o estimulantes mientras toma HYDE Nightmare.<\/p>\n","protected":false},"excerpt":{"rendered":"<ul>\n<li>Etiqueta de Ingredientes Revelada<\/li>\n<li>Libre de Sustancias Prohibidas<\/li>\n<li>Cero Color Artificial<\/li>\n<li>Apto para Veganos<\/li>\n<li>Sin Soja ni Gluten<\/li>\n<li>Cero Az\u00facares<\/li>\n<\/ul>\n","protected":false},"featured_media":11088,"comment_status":"open","ping_status":"closed","template":"","meta":[],"location":[495],"product_cat":[28,41],"product_tag":[],"locations":[{"id":495,"name":"PMC","slug":"gymupstore-pmc","quantity":""}],"_links":{"self":[{"href":"https:\/\/gymupstore.cl\/index.php\/wp-json\/wp\/v2\/product\/11083"}],"collection":[{"href":"https:\/\/gymupstore.cl\/index.php\/wp-json\/wp\/v2\/product"}],"about":[{"href":"https:\/\/gymupstore.cl\/index.php\/wp-json\/wp\/v2\/types\/product"}],"replies":[{"embeddable":true,"href":"https:\/\/gymupstore.cl\/index.php\/wp-json\/wp\/v2\/comments?post=11083"}],"wp:featuredmedia":[{"embeddable":true,"href":"https:\/\/gymupstore.cl\/index.php\/wp-json\/wp\/v2\/media\/11088"}],"wp:attachment":[{"href":"https:\/\/gymupstore.cl\/index.php\/wp-json\/wp\/v2\/media?parent=11083"}],"wp:term":[{"taxonomy":"location","embeddable":true,"href":"https:\/\/gymupstore.cl\/index.php\/wp-json\/wp\/v2\/location?post=11083"},{"taxonomy":"product_cat","embeddable":true,"href":"https:\/\/gymupstore.cl\/index.php\/wp-json\/wp\/v2\/product_cat?post=11083"},{"taxonomy":"product_tag","embeddable":true,"href":"https:\/\/gymupstore.cl\/index.php\/wp-json\/wp\/v2\/product_tag?post=11083"}],"curies":[{"name":"wp","href":"https:\/\/api.w.org\/{rel}","templated":true}]}}