{"id":10884,"date":"2024-01-22T16:31:16","date_gmt":"2024-01-22T19:31:16","guid":{"rendered":"https:\/\/gymupstore.cl\/?post_type=product&#038;p=10884"},"modified":"2025-09-29T21:36:05","modified_gmt":"2025-09-30T00:36:05","slug":"l-glutamina-300-gr-w1-60-servicios","status":"publish","type":"product","link":"https:\/\/gymupstore.cl\/index.php\/producto\/l-glutamina-300-gr-w1-60-servicios\/","title":{"rendered":"L Glutamina 300 gr W1 | 60 servicios"},"content":{"rendered":"<p><strong><u>Funciones en el cuerpo:<\/u><\/strong><\/p>\n<ul>\n<li>L-glutamina es una de las principales fuentes de energ\u00eda para los macr\u00f3fagos, c\u00e9lulas encargadas de eliminar bacterias y otros organismos da\u00f1inos, es decir, favorece al sistema inmunitario.<\/li>\n<li>Amino\u00e1cido sustancial para la proliferaci\u00f3n celular y formaci\u00f3n de nucle\u00f3tidos purina y piridina (s\u00edntesis del DNA).<\/li>\n<li>Est\u00e1 presente en la recuperaci\u00f3n, y\/o aumento de la masa muscular.<\/li>\n<li>Precursor de s\u00edntesis para otras mol\u00e9culas metab\u00f3licas como el glutati\u00f3n, que es un importante antioxidante.<\/li>\n<\/ul>\n<p><strong><u>Barrera intestinal y glutamina:<\/u><\/strong><\/p>\n<p>Los enterocitos son las c\u00e9lulas m\u00e1s abundantes y fundamentales en el epitelio intestinal, se encargan de la absorci\u00f3n de nutrientes, agua y electrolitos. Tambi\u00e9n del control del homeostasis y la mantenci\u00f3n correcta del desarrollo de la barrera intestinal, por lo tanto, del sistema inmunitario intestinal.<\/p>\n<p>Su principal fuente de energ\u00eda es la glutamina, por ende, mantener concentraciones adecuadas de glutamina genera un correcto cuidado de la integridad de la barrera, asegurando la regulaci\u00f3n de la permeabilidad de intestino y evitando el desarrollo de enfermedades.<\/p>\n<p><strong><u>\u00bfL-glutamina y deportistas?<\/u><\/strong><\/p>\n<p>La incomodidad intestinal es frecuente en deportes de resistencia-endurance, como es el triatl\u00f3n o un marat\u00f3n. Entre el 30-65% de los runners de larga distancia experimentan alg\u00fan tipo de sintomatolog\u00eda de malestar intestinal, incluido nauseas, v\u00f3mito, dolor abdominal y\/o urgencia por ir al ba\u00f1o.<\/p>\n<p>Una disminuci\u00f3n de la perfusi\u00f3n espl\u00e1cnica (diminuci\u00f3n del flujo sangu\u00edneo) o un incremento en la permeabilidad del intestino delgado, causa un da\u00f1o gastrointestinal, cambios osm\u00f3ticos y de carga de iones, agua y mol\u00e9culas.<\/p>\n<p>Los \u00faltimos estudios valoran el uso de glutamina, horas previas a la actividad f\u00edsica como estrategia nutricional para disminuir la disrupci\u00f3n intestinal dando un estado \u00f3ptimo en las competenciassto. Esto mejora la osmosis, atenuando el da\u00f1o intestinal de los deportistas de largas distancias.<\/p>\n<p><strong><u>\u00bfPor qu\u00e9 elegir L-glutamina de Winkler Nutrition?<\/u><\/strong><\/p>\n<p>El suplemento L-glutamina de Winkler Nutrition busca fomentar el sistema inmune, los efectos en la barrera intestinal, ser precursor de antioxidantes. Adem\u00e1s de yudar a la recuperaci\u00f3n-cuidado de la masa magra y ser beneficioso en deportes anaer\u00f3bicos, de fuerza y\/o resistencia.<\/p>\n<p><strong><u>Indicaciones generales:<\/u><\/strong><\/p>\n<ul>\n<li>Su uso no es recomendable en menores de 15 a\u00f1os, embarazadas y nodrizas.<\/li>\n<li>Consumir seg\u00fan prescripci\u00f3n m\u00e9dica o del nutricionista a cargo.<\/li>\n<\/ul>\n","protected":false},"excerpt":{"rendered":"<ul>\n<li>Precursor de antioxidantes<\/li>\n<li>Fortalecimiento del sistema inmune<\/li>\n<li>Mejora de la flora intestinal<\/li>\n<li>Disminuci\u00f3n la incomodidad intestinal<\/li>\n<li>Recuperaci\u00f3n y cuidado de la masa magra<\/li>\n<\/ul>\n<p>Sabor: Natural (sin sabor)<\/p>\n<p>Formato: 300 grs.<\/p>\n<p>Porciones: 60<\/p>\n<p>Modo de uso: Mezclar 1 scoop (5 grs.) en 200-300 ml de agua-jugo en cualquier momento del d\u00eda.<\/p>\n<p>Indicaciones generales:<\/p>\n<ul>\n<li style=\"list-style-type: none;\">\n<ul>\n<li>Su uso no es recomendable en menores de 15 a\u00f1os, embarazadas y nodrizas.<\/li>\n<li>Consumir seg\u00fan prescripci\u00f3n m\u00e9dica o del nutricionista a cargo.<\/li>\n<\/ul>\n<\/li>\n<\/ul>\n","protected":false},"featured_media":10886,"comment_status":"open","ping_status":"closed","template":"","meta":[],"location":[495],"product_brand":[],"product_cat":[29,578,161],"product_tag":[],"class_list":{"0":"post-10884","1":"product","2":"type-product","3":"status-publish","4":"has-post-thumbnail","6":"location-gymupstore-pmc","7":"product_cat-creatinas-glutaminas","8":"product_cat-glutaminas","9":"product_cat-winkler","11":"first","12":"instock","13":"taxable","14":"shipping-taxable","15":"purchasable","16":"product-type-simple"},"supplier_id":null,"supplier_sku":"","barcode":null,"atum_controlled":true,"out_stock_date":null,"out_stock_threshold":null,"inheritable":false,"inbound_stock":null,"stock_on_hold":0,"sold_today":0,"sales_last_days":0,"reserved_stock":null,"customer_returns":null,"warehouse_damage":null,"lost_in_post":null,"other_logs":null,"out_stock_days":0,"lost_sales":0,"has_location":null,"update_date":"2026-05-09T00:02:33","atum_locations":[],"atum_stock_status":"instock","restock_status":false,"low_stock_amount":"","sales_update_date":"2026-05-09T00:02:33","calc_backorders":null,"locations":[{"id":495,"name":"PMC","slug":"gymupstore-pmc","quantity":"2"}],"_links":{"self":[{"href":"https:\/\/gymupstore.cl\/index.php\/wp-json\/wp\/v2\/product\/10884","targetHints":{"allow":["GET"]}}],"collection":[{"href":"https:\/\/gymupstore.cl\/index.php\/wp-json\/wp\/v2\/product"}],"about":[{"href":"https:\/\/gymupstore.cl\/index.php\/wp-json\/wp\/v2\/types\/product"}],"replies":[{"embeddable":true,"href":"https:\/\/gymupstore.cl\/index.php\/wp-json\/wp\/v2\/comments?post=10884"}],"wp:featuredmedia":[{"embeddable":true,"href":"https:\/\/gymupstore.cl\/index.php\/wp-json\/wp\/v2\/media\/10886"}],"wp:attachment":[{"href":"https:\/\/gymupstore.cl\/index.php\/wp-json\/wp\/v2\/media?parent=10884"}],"wp:term":[{"taxonomy":"location","embeddable":true,"href":"https:\/\/gymupstore.cl\/index.php\/wp-json\/wp\/v2\/location?post=10884"},{"taxonomy":"product_brand","embeddable":true,"href":"https:\/\/gymupstore.cl\/index.php\/wp-json\/wp\/v2\/product_brand?post=10884"},{"taxonomy":"product_cat","embeddable":true,"href":"https:\/\/gymupstore.cl\/index.php\/wp-json\/wp\/v2\/product_cat?post=10884"},{"taxonomy":"product_tag","embeddable":true,"href":"https:\/\/gymupstore.cl\/index.php\/wp-json\/wp\/v2\/product_tag?post=10884"}],"curies":[{"name":"wp","href":"https:\/\/api.w.org\/{rel}","templated":true}]}}