{"id":10710,"date":"2023-12-01T16:20:15","date_gmt":"2023-12-01T19:20:15","guid":{"rendered":"https:\/\/gymupstore.cl\/?post_type=product&#038;p=10710"},"modified":"2024-07-30T21:57:33","modified_gmt":"2024-07-31T00:57:33","slug":"barrita-wild-protein-pro-cookies-cream-60g","status":"publish","type":"product","link":"https:\/\/gymupstore.cl\/index.php\/producto\/barrita-wild-protein-pro-cookies-cream-60g\/","title":{"rendered":"Barrita Wild Protein Pro Cookies &amp; Cream 60g"},"content":{"rendered":"<p>Para los m\u00e1s Pro creamos la primera barrita chilena con 21 g de prote\u00edna por barra. Adem\u00e1s, es clean label, excelente fuente de prote\u00ednas y buena fuente de fibra. Pensada especialmente para apoyar a deportistas que requieren aumentar su ingesta de prote\u00ednas.<\/p>\n<p>Est\u00e1 endulzada naturalmente con fibra de achicoria y puedes encontrarla en 3 innovadores sabores: Chocolate Avellana, Cookies &amp; Cream y Cheesecake de frutos rojos.<\/p>\n","protected":false},"excerpt":{"rendered":"<p>&#8211; 21 g de Prote\u00ednas por porci\u00f3n<br \/>\n&#8211; Excelente Fuente de Prote\u00ednas<br \/>\n&#8211; Naturalmente Libre de Sellos<br \/>\n&#8211; Sin az\u00facar a\u00f1adida<br \/>\n&#8211; Producto chileno<br \/>\n&#8211; Prote\u00edna aislada y concentrada<br \/>\n&#8211; Clean Label<\/p>\n","protected":false},"featured_media":10713,"comment_status":"open","ping_status":"closed","template":"","meta":[],"location":[495],"product_cat":[281,347],"product_tag":[],"locations":[{"id":495,"name":"PMC","slug":"gymupstore-pmc","quantity":"0"}],"_links":{"self":[{"href":"https:\/\/gymupstore.cl\/index.php\/wp-json\/wp\/v2\/product\/10710"}],"collection":[{"href":"https:\/\/gymupstore.cl\/index.php\/wp-json\/wp\/v2\/product"}],"about":[{"href":"https:\/\/gymupstore.cl\/index.php\/wp-json\/wp\/v2\/types\/product"}],"replies":[{"embeddable":true,"href":"https:\/\/gymupstore.cl\/index.php\/wp-json\/wp\/v2\/comments?post=10710"}],"wp:featuredmedia":[{"embeddable":true,"href":"https:\/\/gymupstore.cl\/index.php\/wp-json\/wp\/v2\/media\/10713"}],"wp:attachment":[{"href":"https:\/\/gymupstore.cl\/index.php\/wp-json\/wp\/v2\/media?parent=10710"}],"wp:term":[{"taxonomy":"location","embeddable":true,"href":"https:\/\/gymupstore.cl\/index.php\/wp-json\/wp\/v2\/location?post=10710"},{"taxonomy":"product_cat","embeddable":true,"href":"https:\/\/gymupstore.cl\/index.php\/wp-json\/wp\/v2\/product_cat?post=10710"},{"taxonomy":"product_tag","embeddable":true,"href":"https:\/\/gymupstore.cl\/index.php\/wp-json\/wp\/v2\/product_tag?post=10710"}],"curies":[{"name":"wp","href":"https:\/\/api.w.org\/{rel}","templated":true}]}}