{"id":10654,"date":"2023-11-12T19:10:36","date_gmt":"2023-11-12T22:10:36","guid":{"rendered":"https:\/\/gymupstore.cl\/?post_type=product&#038;p=10654"},"modified":"2025-01-14T16:32:10","modified_gmt":"2025-01-14T19:32:10","slug":"black-clover-2-ivrea-argentina","status":"publish","type":"product","link":"https:\/\/gymupstore.cl\/index.php\/producto\/black-clover-2-ivrea-argentina\/","title":{"rendered":"Black Clover 2 | Ivrea Argentina"},"content":{"rendered":"<p>\u00a1\u00bfCU\u00c1L SER\u00c1 EL DESENLACE DE ESTA BATALLA?!<\/p>\n<p>Magna le arrebata a Dante gran parte de su abrumador poder m\u00e1gico y ambos se enzarzan en una pelea a pu\u00f1etazo limpio. Con su fuerza de voluntad innata como \u00fanica arma, Magna carga contra Dante lanz\u00e1ndole una r\u00e1faga de golpes imparables&#8230;<\/p>\n","protected":false},"excerpt":{"rendered":"<p><strong>T\u00edtulo original:<\/strong>\u00a0Ao no Exorcist (\u9752\u306e\u7953\u9b54\u5e2b)<\/p>\n<p>SHONEN<\/p>\n","protected":false},"featured_media":10657,"comment_status":"open","ping_status":"closed","template":"","meta":[],"location":[495],"product_cat":[677,520,599,496],"product_tag":[],"locations":[{"id":495,"name":"PMC","slug":"gymupstore-pmc","quantity":"2"}],"_links":{"self":[{"href":"https:\/\/gymupstore.cl\/index.php\/wp-json\/wp\/v2\/product\/10654"}],"collection":[{"href":"https:\/\/gymupstore.cl\/index.php\/wp-json\/wp\/v2\/product"}],"about":[{"href":"https:\/\/gymupstore.cl\/index.php\/wp-json\/wp\/v2\/types\/product"}],"replies":[{"embeddable":true,"href":"https:\/\/gymupstore.cl\/index.php\/wp-json\/wp\/v2\/comments?post=10654"}],"wp:featuredmedia":[{"embeddable":true,"href":"https:\/\/gymupstore.cl\/index.php\/wp-json\/wp\/v2\/media\/10657"}],"wp:attachment":[{"href":"https:\/\/gymupstore.cl\/index.php\/wp-json\/wp\/v2\/media?parent=10654"}],"wp:term":[{"taxonomy":"location","embeddable":true,"href":"https:\/\/gymupstore.cl\/index.php\/wp-json\/wp\/v2\/location?post=10654"},{"taxonomy":"product_cat","embeddable":true,"href":"https:\/\/gymupstore.cl\/index.php\/wp-json\/wp\/v2\/product_cat?post=10654"},{"taxonomy":"product_tag","embeddable":true,"href":"https:\/\/gymupstore.cl\/index.php\/wp-json\/wp\/v2\/product_tag?post=10654"}],"curies":[{"name":"wp","href":"https:\/\/api.w.org\/{rel}","templated":true}]}}