{"id":10650,"date":"2023-11-12T19:02:39","date_gmt":"2023-11-12T22:02:39","guid":{"rendered":"https:\/\/gymupstore.cl\/?post_type=product&#038;p=10650"},"modified":"2025-01-14T16:30:22","modified_gmt":"2025-01-14T19:30:22","slug":"jigokuraku-1-ivrea-argentina-2","status":"publish","type":"product","link":"https:\/\/gymupstore.cl\/index.php\/producto\/jigokuraku-1-ivrea-argentina-2\/","title":{"rendered":"Jigokuraku 2 | Ivrea Argentina"},"content":{"rendered":"<p><strong>\u00a1LLEGA EL MANGA QUE EST\u00c1 ARRASANDO EN JAP\u00d3N LLENO DE NINJA Y AVENTURAS!<\/strong><\/p>\n<p>Gabimaru el vac\u00edo, conocido como el ninja m\u00e1s fuerte, es atrapado al intentar darse a la fuga. La verdugo Yamada Asaemon Sagiri le cuenta que puede conseguir que sea exculpado de todos sus cr\u00edmenes. No obstante, para ello debe ir hasta una isla misteriosa con varios asesinos en su misma situaci\u00f3n. En esta isla se entrelazan el infierno y el para\u00edso, y solo uno podr\u00e1 conseguir el elixir de la vida\u2026<\/p>\n","protected":false},"excerpt":{"rendered":"<p><strong>T\u00edtulo original:<\/strong>\u00a0Jigokuraku (\u5730\u7344\u697d)<\/p>\n<p>SHONEN<\/p>\n","protected":false},"featured_media":10652,"comment_status":"open","ping_status":"closed","template":"","meta":[],"location":[495],"product_cat":[676,520,599,496],"product_tag":[],"locations":[{"id":495,"name":"PMC","slug":"gymupstore-pmc","quantity":"2"}],"_links":{"self":[{"href":"https:\/\/gymupstore.cl\/index.php\/wp-json\/wp\/v2\/product\/10650"}],"collection":[{"href":"https:\/\/gymupstore.cl\/index.php\/wp-json\/wp\/v2\/product"}],"about":[{"href":"https:\/\/gymupstore.cl\/index.php\/wp-json\/wp\/v2\/types\/product"}],"replies":[{"embeddable":true,"href":"https:\/\/gymupstore.cl\/index.php\/wp-json\/wp\/v2\/comments?post=10650"}],"wp:featuredmedia":[{"embeddable":true,"href":"https:\/\/gymupstore.cl\/index.php\/wp-json\/wp\/v2\/media\/10652"}],"wp:attachment":[{"href":"https:\/\/gymupstore.cl\/index.php\/wp-json\/wp\/v2\/media?parent=10650"}],"wp:term":[{"taxonomy":"location","embeddable":true,"href":"https:\/\/gymupstore.cl\/index.php\/wp-json\/wp\/v2\/location?post=10650"},{"taxonomy":"product_cat","embeddable":true,"href":"https:\/\/gymupstore.cl\/index.php\/wp-json\/wp\/v2\/product_cat?post=10650"},{"taxonomy":"product_tag","embeddable":true,"href":"https:\/\/gymupstore.cl\/index.php\/wp-json\/wp\/v2\/product_tag?post=10650"}],"curies":[{"name":"wp","href":"https:\/\/api.w.org\/{rel}","templated":true}]}}