{"id":10632,"date":"2023-11-11T15:57:30","date_gmt":"2023-11-11T18:57:30","guid":{"rendered":"https:\/\/gymupstore.cl\/?post_type=product&#038;p=10632"},"modified":"2025-01-14T16:30:36","modified_gmt":"2025-01-14T19:30:36","slug":"oshi-no-no-ivrea-argentina","status":"publish","type":"product","link":"https:\/\/gymupstore.cl\/index.php\/producto\/oshi-no-no-ivrea-argentina\/","title":{"rendered":"Oshi No No | Ivrea Argentina"},"content":{"rendered":"<p>Ai Hoshino es una talentosa y hermosa idol de 16 a\u00f1os. Est\u00e1 en el mejor momento de su carrera, sus fan\u00e1ticos la adoran y hacen lo que sea por ella. Repentinamente, decide tomarse un descanso del mundo del espect\u00e1culo debido a algunos problemas de salud. Resulta que, en realidad, est\u00e1 embarazada de gemelos. Haciendo caso omiso a los consejos de su representante, Ai llega a la oficina de Goro Honda, un ginec\u00f3logo de una zona rural de Jap\u00f3n que, para su sorpresa, es fan\u00e1tico suyo. Pero este encuentro fortuito se ver\u00e1 interrumpido por otro fan como \u00e9l y muere\u2026 \u00a1para renacer como Aquamarine Hoshino, uno de los hijos reci\u00e9n nacidos de Ai!<\/p>\n<p>\u00bfEsto va a desatar una comedia de enredos? Pues no, todo lo contrario. Oshi no Ko es especialmente crudo al revelar todo el costado negativo de la industria del entretenimiento en Jap\u00f3n. Y por si fuera poco la relaci\u00f3n entre los gemelos y su madre revelar\u00e1 m\u00e1s de una sorpresa con el correr de los cap\u00edtulos<\/p>\n<p>Oshi no Ko es la nueva serie de Aka Akasaka, el escritor de la popular Kaguya-sama, que en esta ocasi\u00f3n se encarga solamente del guion, ya que el dibujo est\u00e1 a cargo de Mengo Yokoyari, creadora de Kuzu no Honkai y Me dijiste para siempre, entre otros. Publicada en la Weekly Young Jump desde abril de 2020, esta obra lleva en Jap\u00f3n 6 tomos recopilatorios y contando.<\/p>\n","protected":false},"excerpt":{"rendered":"<p><strong>T\u00edtulo original:<\/strong>\u00a0\u3010Oshi no Ko\u3011 (\u3010\u63a8\u3057\u306e\u5b50\u3011)<\/p>\n<p>SEINEN<\/p>\n","protected":false},"featured_media":10633,"comment_status":"open","ping_status":"closed","template":"","meta":[],"location":[495],"product_cat":[520,673,657,496],"product_tag":[],"locations":[{"id":495,"name":"PMC","slug":"gymupstore-pmc","quantity":"3"}],"_links":{"self":[{"href":"https:\/\/gymupstore.cl\/index.php\/wp-json\/wp\/v2\/product\/10632"}],"collection":[{"href":"https:\/\/gymupstore.cl\/index.php\/wp-json\/wp\/v2\/product"}],"about":[{"href":"https:\/\/gymupstore.cl\/index.php\/wp-json\/wp\/v2\/types\/product"}],"replies":[{"embeddable":true,"href":"https:\/\/gymupstore.cl\/index.php\/wp-json\/wp\/v2\/comments?post=10632"}],"wp:featuredmedia":[{"embeddable":true,"href":"https:\/\/gymupstore.cl\/index.php\/wp-json\/wp\/v2\/media\/10633"}],"wp:attachment":[{"href":"https:\/\/gymupstore.cl\/index.php\/wp-json\/wp\/v2\/media?parent=10632"}],"wp:term":[{"taxonomy":"location","embeddable":true,"href":"https:\/\/gymupstore.cl\/index.php\/wp-json\/wp\/v2\/location?post=10632"},{"taxonomy":"product_cat","embeddable":true,"href":"https:\/\/gymupstore.cl\/index.php\/wp-json\/wp\/v2\/product_cat?post=10632"},{"taxonomy":"product_tag","embeddable":true,"href":"https:\/\/gymupstore.cl\/index.php\/wp-json\/wp\/v2\/product_tag?post=10632"}],"curies":[{"name":"wp","href":"https:\/\/api.w.org\/{rel}","templated":true}]}}