{"id":10625,"date":"2023-11-11T15:39:52","date_gmt":"2023-11-11T18:39:52","guid":{"rendered":"https:\/\/gymupstore.cl\/?post_type=product&#038;p=10625"},"modified":"2023-11-11T15:40:20","modified_gmt":"2023-11-11T18:40:20","slug":"fire-punch-4-ivrea-argentina","status":"publish","type":"product","link":"https:\/\/gymupstore.cl\/index.php\/producto\/fire-punch-4-ivrea-argentina\/","title":{"rendered":"Fire Punch 4 | Ivrea Argentina"},"content":{"rendered":"<p><strong>EN UN MUNDO HELADO, LAS LLAMAS SON UNO DE LOS BIENES M\u00c1S PRECIADOS\u2026<\/strong><\/p>\n<p>\u201cLa bruja del hielo\u201d es la culpable de que todo haya quedado cubierto completamente por la nieve, la locura y el hambre mientras que la poblaci\u00f3n mundial, congelada, suspira por unas llamas. En este mundo, Agni y su hermana peque\u00f1a, Luna, son dos muchachos que han sido bendecidos con la capacidad de la regeneraci\u00f3n. \u00a1\u00bfQu\u00e9 atroz futuro les espera a estos dos hermanos sin familia alguna?!<\/p>\n","protected":false},"excerpt":{"rendered":"<p><strong>T\u00edtulo original:<\/strong>\u00a0Fire Punch (\u30d5\u30a1\u30a4\u30a2\u30d1\u30f3\u30c1)<\/p>\n<p>SH\u00d4NEN<\/p>\n<p>Serie de 8 tomos<\/p>\n","protected":false},"featured_media":10629,"comment_status":"open","ping_status":"closed","template":"","meta":[],"location":[495],"product_cat":[671,520,599,496],"product_tag":[],"locations":[{"id":495,"name":"PMC","slug":"gymupstore-pmc","quantity":"2"}],"_links":{"self":[{"href":"https:\/\/gymupstore.cl\/index.php\/wp-json\/wp\/v2\/product\/10625"}],"collection":[{"href":"https:\/\/gymupstore.cl\/index.php\/wp-json\/wp\/v2\/product"}],"about":[{"href":"https:\/\/gymupstore.cl\/index.php\/wp-json\/wp\/v2\/types\/product"}],"replies":[{"embeddable":true,"href":"https:\/\/gymupstore.cl\/index.php\/wp-json\/wp\/v2\/comments?post=10625"}],"wp:featuredmedia":[{"embeddable":true,"href":"https:\/\/gymupstore.cl\/index.php\/wp-json\/wp\/v2\/media\/10629"}],"wp:attachment":[{"href":"https:\/\/gymupstore.cl\/index.php\/wp-json\/wp\/v2\/media?parent=10625"}],"wp:term":[{"taxonomy":"location","embeddable":true,"href":"https:\/\/gymupstore.cl\/index.php\/wp-json\/wp\/v2\/location?post=10625"},{"taxonomy":"product_cat","embeddable":true,"href":"https:\/\/gymupstore.cl\/index.php\/wp-json\/wp\/v2\/product_cat?post=10625"},{"taxonomy":"product_tag","embeddable":true,"href":"https:\/\/gymupstore.cl\/index.php\/wp-json\/wp\/v2\/product_tag?post=10625"}],"curies":[{"name":"wp","href":"https:\/\/api.w.org\/{rel}","templated":true}]}}