{"id":10614,"date":"2023-11-11T00:46:33","date_gmt":"2023-11-11T03:46:33","guid":{"rendered":"https:\/\/gymupstore.cl\/?post_type=product&#038;p=10614"},"modified":"2025-01-14T16:30:22","modified_gmt":"2025-01-14T19:30:22","slug":"demon-slayer-kimetsu-no-yaiba-stories-of-water-and-flame-ivrea-argentina","status":"publish","type":"product","link":"https:\/\/gymupstore.cl\/index.php\/producto\/demon-slayer-kimetsu-no-yaiba-stories-of-water-and-flame-ivrea-argentina\/","title":{"rendered":"Demon Slayer: Kimetsu No Yaiba Stories of Water And Flame | Ivrea Argentina"},"content":{"rendered":"<p>Tomo compuesto por historias cortas que nos llevan a conocer m\u00e1s sobre algunos de los pilares del escuadr\u00f3n matademonios. En la primera, Tomioka y Shinobu ayudan a una joven que est\u00e1 detr\u00e1s del rastro de un animal que parece ser el responsable de la muerte de su padre. En la segunda, Rengoku y Mitsuri se enfrentan a la segunda Luna Menguante tiempo antes de convertirse en pilares. Y para completar, unas simp\u00e1ticas tiras c\u00f3micas.<\/p>\n","protected":false},"excerpt":{"rendered":"<p>T\u00edtulo original:\u00a0Kimetsu no Yaiba Gaiden (\u9b3c\u6ec5\u306e\u5203 \u5916\u4f1d) \/ Demon Slayer<\/p>\n<p>SHONEN<br \/>\nTomo unitario<\/p>\n","protected":false},"featured_media":10619,"comment_status":"open","ping_status":"closed","template":"","meta":[],"location":[495],"product_cat":[670,520,599,652,496],"product_tag":[],"locations":[{"id":495,"name":"PMC","slug":"gymupstore-pmc","quantity":"2"}],"_links":{"self":[{"href":"https:\/\/gymupstore.cl\/index.php\/wp-json\/wp\/v2\/product\/10614"}],"collection":[{"href":"https:\/\/gymupstore.cl\/index.php\/wp-json\/wp\/v2\/product"}],"about":[{"href":"https:\/\/gymupstore.cl\/index.php\/wp-json\/wp\/v2\/types\/product"}],"replies":[{"embeddable":true,"href":"https:\/\/gymupstore.cl\/index.php\/wp-json\/wp\/v2\/comments?post=10614"}],"wp:featuredmedia":[{"embeddable":true,"href":"https:\/\/gymupstore.cl\/index.php\/wp-json\/wp\/v2\/media\/10619"}],"wp:attachment":[{"href":"https:\/\/gymupstore.cl\/index.php\/wp-json\/wp\/v2\/media?parent=10614"}],"wp:term":[{"taxonomy":"location","embeddable":true,"href":"https:\/\/gymupstore.cl\/index.php\/wp-json\/wp\/v2\/location?post=10614"},{"taxonomy":"product_cat","embeddable":true,"href":"https:\/\/gymupstore.cl\/index.php\/wp-json\/wp\/v2\/product_cat?post=10614"},{"taxonomy":"product_tag","embeddable":true,"href":"https:\/\/gymupstore.cl\/index.php\/wp-json\/wp\/v2\/product_tag?post=10614"}],"curies":[{"name":"wp","href":"https:\/\/api.w.org\/{rel}","templated":true}]}}