{"id":10602,"date":"2023-11-11T00:28:21","date_gmt":"2023-11-11T03:28:21","guid":{"rendered":"https:\/\/gymupstore.cl\/?post_type=product&#038;p=10602"},"modified":"2023-11-11T00:29:53","modified_gmt":"2023-11-11T03:29:53","slug":"tokyo-revengers-14-ivrea-argentina","status":"publish","type":"product","link":"https:\/\/gymupstore.cl\/index.php\/producto\/tokyo-revengers-14-ivrea-argentina\/","title":{"rendered":"Tokyo Revengers 14 | Ivrea Argentina"},"content":{"rendered":"<p>Resignado a vivir su vida de mierda, Takemichi Hangaki se sorprende con la noticia de que Hinata Tachibana fue asesinada por una especie de mafia, la Tokyo Manji. Cuando pensaba que no pod\u00eda empeorar a\u00fan m\u00e1s, repentinamente alguien lo empuja a las v\u00edas, pero acto seguido viaja en el tiempo y despierta \u00a1\u00a1doce a\u00f1os atr\u00e1s, durante su etapa en la escuela secundaria cuando era un intento de patotero!!<\/p>\n<p>A partir de ah\u00ed, y tras chequear que lo que hace durante su regreso al pasado s\u00ed cambia lo que pasa en el futuro, Takemichi empieza su desesperada carrera por corregir todo lo que lo volvi\u00f3 un fracasado de adulto. El tema es que si bien tiene un par de golpes de suerte, hay cosas con las que no va a poder lidiar y que no va a poder evitar que ocurran.<\/p>\n","protected":false},"excerpt":{"rendered":"<p><strong class=\"grid_2 no-both-margin\">T\u00edtulo original:<\/strong><\/p>\n<div class=\"grid_10 no-both-margin pad005\"><strong>T\u00edtulo original:<\/strong>\u00a0Tokyo\u534dRevengers (\u6771\u4eac\u534d\u30ea\u30d9\u30f3\u30b8\u30e3\u30fc\u30ba) \/ T\u014dky\u014d Manji-Kai (\u6771\u4eac\u534d\u6703) \/ Tokyo Manji Gang<\/div>\n<div class=\"grid_10 no-both-margin pad005\"><\/div>\n<div class=\"grid_10 no-both-margin pad005\">SHONEN<\/div>\n","protected":false},"featured_media":10606,"comment_status":"open","ping_status":"closed","template":"","meta":[],"location":[495],"product_cat":[520,599,661,496],"product_tag":[],"locations":[{"id":495,"name":"PMC","slug":"gymupstore-pmc","quantity":"2"}],"_links":{"self":[{"href":"https:\/\/gymupstore.cl\/index.php\/wp-json\/wp\/v2\/product\/10602"}],"collection":[{"href":"https:\/\/gymupstore.cl\/index.php\/wp-json\/wp\/v2\/product"}],"about":[{"href":"https:\/\/gymupstore.cl\/index.php\/wp-json\/wp\/v2\/types\/product"}],"replies":[{"embeddable":true,"href":"https:\/\/gymupstore.cl\/index.php\/wp-json\/wp\/v2\/comments?post=10602"}],"wp:featuredmedia":[{"embeddable":true,"href":"https:\/\/gymupstore.cl\/index.php\/wp-json\/wp\/v2\/media\/10606"}],"wp:attachment":[{"href":"https:\/\/gymupstore.cl\/index.php\/wp-json\/wp\/v2\/media?parent=10602"}],"wp:term":[{"taxonomy":"location","embeddable":true,"href":"https:\/\/gymupstore.cl\/index.php\/wp-json\/wp\/v2\/location?post=10602"},{"taxonomy":"product_cat","embeddable":true,"href":"https:\/\/gymupstore.cl\/index.php\/wp-json\/wp\/v2\/product_cat?post=10602"},{"taxonomy":"product_tag","embeddable":true,"href":"https:\/\/gymupstore.cl\/index.php\/wp-json\/wp\/v2\/product_tag?post=10602"}],"curies":[{"name":"wp","href":"https:\/\/api.w.org\/{rel}","templated":true}]}}