{"id":10594,"date":"2023-11-11T00:01:40","date_gmt":"2023-11-11T03:01:40","guid":{"rendered":"https:\/\/gymupstore.cl\/?post_type=product&#038;p=10594"},"modified":"2023-11-11T00:02:16","modified_gmt":"2023-11-11T03:02:16","slug":"haikyu-2-ivrea-argentina","status":"publish","type":"product","link":"https:\/\/gymupstore.cl\/index.php\/producto\/haikyu-2-ivrea-argentina\/","title":{"rendered":"Haikyu!! 2 | Ivrea Argentina"},"content":{"rendered":"<p>Shoyo Hinata es un estudiante que se fanatiza con el v\u00f3ley despu\u00e9s de ver un partido en el que la romp\u00eda un jugador petiso como \u00e9l. Esto lo inspira a seguir sus pasos y convertirse en un as aunque tenga que arrancar bien de abajo.<\/p>\n","protected":false},"excerpt":{"rendered":"<p><strong>T\u00edtulo original:<\/strong>\u00a0Haikyuu!! (\u30cf\u30a4\u30ad\u30e5\u30fc!!)<\/p>\n<p>&nbsp;<\/p>\n<p>SHONEN<br \/>\nSerie de 45 tomos<\/p>\n","protected":false},"featured_media":10596,"comment_status":"open","ping_status":"closed","template":"","meta":[],"location":[495],"product_cat":[669,520,599,496],"product_tag":[],"locations":[{"id":495,"name":"PMC","slug":"gymupstore-pmc","quantity":"2"}],"_links":{"self":[{"href":"https:\/\/gymupstore.cl\/index.php\/wp-json\/wp\/v2\/product\/10594"}],"collection":[{"href":"https:\/\/gymupstore.cl\/index.php\/wp-json\/wp\/v2\/product"}],"about":[{"href":"https:\/\/gymupstore.cl\/index.php\/wp-json\/wp\/v2\/types\/product"}],"replies":[{"embeddable":true,"href":"https:\/\/gymupstore.cl\/index.php\/wp-json\/wp\/v2\/comments?post=10594"}],"wp:featuredmedia":[{"embeddable":true,"href":"https:\/\/gymupstore.cl\/index.php\/wp-json\/wp\/v2\/media\/10596"}],"wp:attachment":[{"href":"https:\/\/gymupstore.cl\/index.php\/wp-json\/wp\/v2\/media?parent=10594"}],"wp:term":[{"taxonomy":"location","embeddable":true,"href":"https:\/\/gymupstore.cl\/index.php\/wp-json\/wp\/v2\/location?post=10594"},{"taxonomy":"product_cat","embeddable":true,"href":"https:\/\/gymupstore.cl\/index.php\/wp-json\/wp\/v2\/product_cat?post=10594"},{"taxonomy":"product_tag","embeddable":true,"href":"https:\/\/gymupstore.cl\/index.php\/wp-json\/wp\/v2\/product_tag?post=10594"}],"curies":[{"name":"wp","href":"https:\/\/api.w.org\/{rel}","templated":true}]}}