{"id":10588,"date":"2023-11-10T23:53:41","date_gmt":"2023-11-11T02:53:41","guid":{"rendered":"https:\/\/gymupstore.cl\/?post_type=product&#038;p=10588"},"modified":"2025-06-06T13:51:19","modified_gmt":"2025-06-06T16:51:19","slug":"hunter-x-hunter-1-ivrea-argentina","status":"publish","type":"product","link":"https:\/\/gymupstore.cl\/index.php\/producto\/hunter-x-hunter-1-ivrea-argentina\/","title":{"rendered":"Hunter x Hunter 1 | Ivrea Argentina"},"content":{"rendered":"<p>A estas alturas pocos son los otakus que nunca han o\u00eddo hablar de las andanzas de Gon, Kurapika, Leorio y Killua. No en vano nos encontramos ante uno de los puntales de la revista manga de referencia, la Sh\u00f4nen Jump de Sh\u00fbeisha. La trama nos sit\u00faa en un mundo fant\u00e1stico en el que existen bestias mal\u00e9ficas, tesoros ocultos&#8230; y hunters o &#8220;cazadores&#8221;, personas que viven incre\u00edbles peripecias para desentra\u00f1ar los misterios del planeta. Gon Freecss es un muchacho que se presenta a los ex\u00e1menes de hunter con el fin de obtener la tarjeta de licencia. Para superarlos, debe demostrar que posee las habilidades que requiere un trabajo tan complicado y peligroso como ese. En las pruebas traba amistad con otros tres aspirantes: el alegre Leorio, siempre vestido con traje y gafas de sol; Kurapika, un chico rubio bastante serio y con una extra\u00f1a mirada; y Killua, todo un pasota. Desde ese momento se hacen inseparables y empiezan a v\u00e9rselas tanto con bestias mal\u00e9ficas como con humanos malvados.<\/p>\n","protected":false},"excerpt":{"rendered":"<p><strong>T\u00edtulo original:<\/strong>\u00a0HUNTER\u00d7HUNTER (\u30cf\u30f3\u30bf\u30fc\u00d7\u30cf\u30f3\u30bf\u30fc)<\/p>\n<p>SH\u00d4NEN<\/p>\n","protected":false},"featured_media":10590,"comment_status":"open","ping_status":"closed","template":"","meta":[],"location":[495],"product_cat":[668,520,599,496],"product_tag":[],"locations":[{"id":495,"name":"PMC","slug":"gymupstore-pmc","quantity":"3"}],"_links":{"self":[{"href":"https:\/\/gymupstore.cl\/index.php\/wp-json\/wp\/v2\/product\/10588"}],"collection":[{"href":"https:\/\/gymupstore.cl\/index.php\/wp-json\/wp\/v2\/product"}],"about":[{"href":"https:\/\/gymupstore.cl\/index.php\/wp-json\/wp\/v2\/types\/product"}],"replies":[{"embeddable":true,"href":"https:\/\/gymupstore.cl\/index.php\/wp-json\/wp\/v2\/comments?post=10588"}],"wp:featuredmedia":[{"embeddable":true,"href":"https:\/\/gymupstore.cl\/index.php\/wp-json\/wp\/v2\/media\/10590"}],"wp:attachment":[{"href":"https:\/\/gymupstore.cl\/index.php\/wp-json\/wp\/v2\/media?parent=10588"}],"wp:term":[{"taxonomy":"location","embeddable":true,"href":"https:\/\/gymupstore.cl\/index.php\/wp-json\/wp\/v2\/location?post=10588"},{"taxonomy":"product_cat","embeddable":true,"href":"https:\/\/gymupstore.cl\/index.php\/wp-json\/wp\/v2\/product_cat?post=10588"},{"taxonomy":"product_tag","embeddable":true,"href":"https:\/\/gymupstore.cl\/index.php\/wp-json\/wp\/v2\/product_tag?post=10588"}],"curies":[{"name":"wp","href":"https:\/\/api.w.org\/{rel}","templated":true}]}}